{"id":772,"date":"2024-01-23T10:27:32","date_gmt":"2024-01-23T09:27:32","guid":{"rendered":"https:\/\/abel-formation.com\/www\/?page_id=772"},"modified":"2025-08-08T16:32:37","modified_gmt":"2025-08-08T14:32:37","slug":"my-english-lessons","status":"publish","type":"page","link":"https:\/\/abel-formation.com\/www\/my-english-lessons\/","title":{"rendered":"My English Lessons*"},"content":{"rendered":"\n<p class=\"gutenify-section-6dd860d0-b9cf-11ee-bfd5-e7e444ef079b gtfy-2\"><\/p>\n\n\n\n<!DOCTYPE html>\n<html class=\"gtfy-5\" lang=\"en\">\n<head>\n    <meta charset=\"UTF-8\">\n    <meta name=\"viewport\" content=\"width=device-width, initial-scale=1.0\">\n    <title>Autoplay Video<\/title>\n<\/head>\n<body>\n    <div style=\"overflow:hidden\">\n        <video id=\"autoplayVideo\" controls autoplay loop muted style=\"max-width:100%; height:auto;\">\n            <source src=\"https:\/\/abel-formation.com\/www\/wp-content\/uploads\/2024\/04\/My-English-Lessons.webm\" type=\"video\/webm\">\n            Your browser does not support the video tag.\n        <\/video>\n    <\/div>\n\n    <script>\n        window.onload = function() {\n            var video = document.getElementById(\"autoplayVideo\");\n            video.play();\n        }\n    <\/script>\n<\/body>\n<\/html>\n\n\n\n<h2 class=\"wp-block-heading gutenify-section-76e8c840-b9cf-11ee-bfd5-e7e444ef079b gtfy-8\">Le dossier My English Lessons* : un outil indispensable pour votre formation d&rsquo;anglais professionnel<\/h2>\n\n\n\n<div class=\"wp-block-columns gutenify-section-86aae6a0-b9cf-11ee-bfd5-e7e444ef079b is-layout-flex wp-container-core-columns-is-layout-28f84493 wp-block-columns-is-layout-flex gtfy-29\">\n<div class=\"wp-block-column gutenify-section-8ce17a20-b9cf-11ee-bfd5-e7e444ef079b is-layout-flow wp-block-column-is-layout-flow gtfy-28\">\n<p class=\"gutenify-section-dae45530-b9cf-11ee-bfd5-e7e444ef079b gtfy-11\">Vous avez choisi de suivre une formation d&rsquo;anglais avec Abel formation, et vous avez bien fait ! Vous allez profiter d&rsquo;une formation de qualit\u00e9, adapt\u00e9e \u00e0 votre niveau et \u00e0 vos besoins, avec des formateurs natifs et qualifi\u00e9s. <\/p>\n\n\n\n<p class=\"gutenify-section-03fc5d70-c063-11ee-a77e-a7627e373379 gtfy-12\">Mais ce n&rsquo;est pas tout : vous allez aussi b\u00e9n\u00e9ficier d&rsquo;un outil indispensable pour votre apprentissage : le dossier priv\u00e9 <strong>&nbsp;My English Lessons*&nbsp;<\/strong>en ligne, contenant tous les documents pertinents \u00e0 chacun de vos cours d\u2019anglais. Accessible 24\/24 7 jours sur 7. Votre dossier restera en ligne 4 ans \u00e0 partir du d\u00e9but de votre formation.<\/p>\n\n\n\n<p class=\"gutenify-section-5f985920-b9d0-11ee-bfd5-e7e444ef079b gtfy-13\"><\/p>\n\n\n\n<h2 class=\"wp-block-heading gutenify-section-fb68eaf0-b9cf-11ee-bfd5-e7e444ef079b gtfy-14\">Contenu de votre dossier priv\u00e9 My English Lessons* : <\/h2>\n\n\n\n<p class=\"gutenify-section-0d2838e0-b9d0-11ee-bfd5-e7e444ef079b gtfy-15\"><\/p>\n\n\n\n<div class=\"wp-block-columns gutenify-section-17df4b70-b9d0-11ee-bfd5-e7e444ef079b is-layout-flex wp-container-core-columns-is-layout-28f84493 wp-block-columns-is-layout-flex gtfy-27\">\n<div class=\"wp-block-column gutenify-section-19db6990-b9d0-11ee-bfd5-e7e444ef079b is-layout-flow wp-block-column-is-layout-flow gtfy-17\" style=\"flex-basis:33.33%\">\n<figure class=\"wp-block-image size-full gutenify-section-1c498360-b9d0-11ee-bfd5-e7e444ef079b gtfy-16\"><img loading=\"lazy\" decoding=\"async\" width=\"669\" height=\"751\" src=\"https:\/\/abel-formation.com\/www\/wp-content\/uploads\/2024\/01\/My-English-Lessons-contenus.png\" alt=\"Exemple de contenus du dossier My English lessons sur Abel Formation\" class=\"wp-image-769\" srcset=\"https:\/\/abel-formation.com\/www\/wp-content\/uploads\/2024\/01\/My-English-Lessons-contenus.png 669w, https:\/\/abel-formation.com\/www\/wp-content\/uploads\/2024\/01\/My-English-Lessons-contenus-356x400.png 356w\" sizes=\"auto, (max-width: 669px) 100vw, 669px\" \/><\/figure>\n<\/div>\n\n\n\n<div class=\"wp-block-column gutenify-section-19dc05d0-b9d0-11ee-bfd5-e7e444ef079b is-layout-flow wp-block-column-is-layout-flow gtfy-26\" style=\"flex-basis:66.66%\">\n<ul class=\"wp-block-list gutenify-section-2f2739a0-b9d0-11ee-bfd5-e7e444ef079b gtfy-25\">\n<li class=\"gutenify-section-357f85f0-b9d0-11ee-bfd5-e7e444ef079b gtfy-18 gutenify-list-item\">Dossier <strong>My English lessons<\/strong>* \u2013 mise \u00e0 jour apr\u00e8s chaque cours d\u2019anglais. Votre formateur notera sur un document Word les points importants de vos cours. Vous trouverez aussi d\u2019autres supports pour vos cours&nbsp;: Le\u00e7on au format PDF, Mp3, Vid\u00e9os\u2026 les documents sont t\u00e9l\u00e9chargeables.<\/li>\n\n\n\n<li class=\"gutenify-section-3a52dff0-b9d0-11ee-bfd5-e7e444ef079b gtfy-19 gutenify-list-item\">Dossier feuille de pr\u00e9sences.<\/li>\n\n\n\n<li class=\"gutenify-section-42ae7650-b9d0-11ee-bfd5-e7e444ef079b gtfy-20 gutenify-list-item\">Suivi d\u2019heures mise \u00e0 jour mensuellement.<\/li>\n\n\n\n<li class=\"gutenify-section-4479e780-b9d0-11ee-bfd5-e7e444ef079b gtfy-21 gutenify-list-item\">Programme de formation personnalis\u00e9.<\/li>\n\n\n\n<li class=\"gutenify-section-49a65e00-b9d0-11ee-bfd5-e7e444ef079b gtfy-22 gutenify-list-item\"><a href=\"https:\/\/abel-formation.com\/www\/wp-content\/uploads\/2024\/01\/ABEL_FORMATION_TUTORIAL_FR_2024.pdf\" target=\"_blank\" rel=\"noreferrer noopener\">Guide utilisation d\u2019Abel Formation en ligne<\/a>.<\/li>\n\n\n\n<li class=\"gutenify-section-4df4f7a0-b9d0-11ee-bfd5-e7e444ef079b gtfy-23 gutenify-list-item\">Guide comment prendre un RDV pour mon cours d\u2019anglais.<\/li>\n\n\n\n<li class=\"gutenify-section-bff6e930-b9d0-11ee-bfd5-e7e444ef079b gtfy-24 gutenify-list-item\">R\u00e8glement d\u2019int\u00e9rieur Abel Formation.<\/li>\n<\/ul>\n<\/div>\n<\/div>\n<\/div>\n<\/div>\n\n\n\n<p class=\"gutenify-section-c0230240-b9d0-11ee-bfd5-e7e444ef079b has-small-font-size gtfy-32\">*Mes cours d&rsquo;anglais<\/p>\n\n\n\n<p class=\"gutenify-section-c0789c50-b9d0-11ee-bfd5-e7e444ef079b gtfy-35\">En conclusion, le dossier <strong>My English lessons<\/strong>* est un outil indispensable pour votre formation d&rsquo;anglais professionnel. Il vous permet de suivre votre formation de mani\u00e8re efficace, flexible et interactive. N&rsquo;attendez plus, contactez-nous d\u00e8s maintenant, et profitez pleinement d&rsquo;une formation d&rsquo;anglais en ligne avec Abel formation !<\/p>\n\n\n\n<div class=\"wp-block-buttons gutenify-section-eb154580-b9d0-11ee-bfd5-e7e444ef079b is-content-justification-center is-layout-flex wp-container-core-buttons-is-layout-a89b3969 wp-block-buttons-is-layout-flex gtfy-39\">\n<div class=\"wp-block-button gutenify-section-eb26aaa0-b9d0-11ee-bfd5-e7e444ef079b is-style-fill gtfy-38\"><a class=\"wp-block-button__link wp-element-button\" href=\"https:\/\/abel-formation.com\/www\/contact\/\" target=\"_blank\" rel=\"noreferrer noopener\">Devis gratuit<\/a><\/div>\n<\/div>\n\n\n\n<p class=\"gtfy-42\"><\/p>\n","protected":false},"excerpt":{"rendered":"<p>Autoplay Video Your browser does not support the video tag. Le dossier My English Lessons* [&hellip;]<\/p>\n","protected":false},"author":1,"featured_media":0,"parent":0,"menu_order":0,"comment_status":"closed","ping_status":"closed","template":"","meta":{"footnotes":""},"class_list":["post-772","page","type-page","status-publish","hentry"],"yoast_head":"<!-- This site is optimized with the Yoast SEO plugin v27.4 - https:\/\/yoast.com\/product\/yoast-seo-wordpress\/ -->\n<title>My English Lessons* - Abel Formation<\/title>\n<meta name=\"description\" content=\"Votre parcours de formation inclus un acc\u00e8s \u00e0 un dossier priv\u00e9 en ligne - My English Lessons, qui contient les documents pertinents \u00e0 vos cours.\" \/>\n<meta name=\"robots\" content=\"index, follow, max-snippet:-1, max-image-preview:large, max-video-preview:-1\" \/>\n<link rel=\"canonical\" href=\"https:\/\/abel-formation.com\/www\/my-english-lessons\/\" \/>\n<meta property=\"og:locale\" content=\"fr_FR\" \/>\n<meta property=\"og:type\" content=\"article\" \/>\n<meta property=\"og:title\" content=\"My English Lessons* - Abel Formation\" \/>\n<meta property=\"og:description\" content=\"Votre parcours de formation inclus un acc\u00e8s \u00e0 un dossier priv\u00e9 en ligne - My English Lessons, qui contient les documents pertinents \u00e0 vos cours.\" \/>\n<meta property=\"og:url\" content=\"https:\/\/abel-formation.com\/www\/my-english-lessons\/\" \/>\n<meta property=\"og:site_name\" content=\"Abel Formation\" \/>\n<meta property=\"article:modified_time\" content=\"2025-08-08T14:32:37+00:00\" \/>\n<meta property=\"og:image\" content=\"https:\/\/abel-formation.com\/www\/wp-content\/uploads\/2024\/01\/My-English-Lessons-contenus.png\" \/>\n\t<meta property=\"og:image:width\" content=\"669\" \/>\n\t<meta property=\"og:image:height\" content=\"751\" \/>\n\t<meta property=\"og:image:type\" content=\"image\/png\" \/>\n<meta name=\"twitter:card\" content=\"summary_large_image\" \/>\n<meta name=\"twitter:site\" content=\"@AbelFormation\" \/>\n<meta name=\"twitter:label1\" content=\"Dur\u00e9e de lecture estim\u00e9e\" \/>\n\t<meta name=\"twitter:data1\" content=\"2 minutes\" \/>\n<script type=\"application\/ld+json\" class=\"yoast-schema-graph\">{\"@context\":\"https:\\\/\\\/schema.org\",\"@graph\":[{\"@type\":\"WebPage\",\"@id\":\"https:\\\/\\\/abel-formation.com\\\/www\\\/my-english-lessons\\\/\",\"url\":\"https:\\\/\\\/abel-formation.com\\\/www\\\/my-english-lessons\\\/\",\"name\":\"My English Lessons* - Abel Formation\",\"isPartOf\":{\"@id\":\"https:\\\/\\\/abel-formation.com\\\/www\\\/#website\"},\"primaryImageOfPage\":{\"@id\":\"https:\\\/\\\/abel-formation.com\\\/www\\\/my-english-lessons\\\/#primaryimage\"},\"image\":{\"@id\":\"https:\\\/\\\/abel-formation.com\\\/www\\\/my-english-lessons\\\/#primaryimage\"},\"thumbnailUrl\":\"https:\\\/\\\/abel-formation.com\\\/www\\\/wp-content\\\/uploads\\\/2024\\\/01\\\/My-English-Lessons-contenus.png\",\"datePublished\":\"2024-01-23T09:27:32+00:00\",\"dateModified\":\"2025-08-08T14:32:37+00:00\",\"description\":\"Votre parcours de formation inclus un acc\u00e8s \u00e0 un dossier priv\u00e9 en ligne - My English Lessons, qui contient les documents pertinents \u00e0 vos cours.\",\"breadcrumb\":{\"@id\":\"https:\\\/\\\/abel-formation.com\\\/www\\\/my-english-lessons\\\/#breadcrumb\"},\"inLanguage\":\"fr-FR\",\"potentialAction\":[{\"@type\":\"ReadAction\",\"target\":[\"https:\\\/\\\/abel-formation.com\\\/www\\\/my-english-lessons\\\/\"]}]},{\"@type\":\"ImageObject\",\"inLanguage\":\"fr-FR\",\"@id\":\"https:\\\/\\\/abel-formation.com\\\/www\\\/my-english-lessons\\\/#primaryimage\",\"url\":\"https:\\\/\\\/abel-formation.com\\\/www\\\/wp-content\\\/uploads\\\/2024\\\/01\\\/My-English-Lessons-contenus.png\",\"contentUrl\":\"https:\\\/\\\/abel-formation.com\\\/www\\\/wp-content\\\/uploads\\\/2024\\\/01\\\/My-English-Lessons-contenus.png\",\"width\":669,\"height\":751,\"caption\":\"Exemple de contenus du dossier My English lessons sur Abel Formation\"},{\"@type\":\"BreadcrumbList\",\"@id\":\"https:\\\/\\\/abel-formation.com\\\/www\\\/my-english-lessons\\\/#breadcrumb\",\"itemListElement\":[{\"@type\":\"ListItem\",\"position\":1,\"name\":\"Accueil\",\"item\":\"https:\\\/\\\/abel-formation.com\\\/www\\\/\"},{\"@type\":\"ListItem\",\"position\":2,\"name\":\"My English Lessons*\"}]},{\"@type\":\"WebSite\",\"@id\":\"https:\\\/\\\/abel-formation.com\\\/www\\\/#website\",\"url\":\"https:\\\/\\\/abel-formation.com\\\/www\\\/\",\"name\":\"Abel Formation\",\"description\":\"Boostez votre anglais\",\"publisher\":{\"@id\":\"https:\\\/\\\/abel-formation.com\\\/www\\\/#organization\"},\"potentialAction\":[{\"@type\":\"SearchAction\",\"target\":{\"@type\":\"EntryPoint\",\"urlTemplate\":\"https:\\\/\\\/abel-formation.com\\\/www\\\/?s={search_term_string}\"},\"query-input\":{\"@type\":\"PropertyValueSpecification\",\"valueRequired\":true,\"valueName\":\"search_term_string\"}}],\"inLanguage\":\"fr-FR\"},{\"@type\":\"Organization\",\"@id\":\"https:\\\/\\\/abel-formation.com\\\/www\\\/#organization\",\"name\":\"Abel Formation\",\"alternateName\":\"Abel Formation\",\"url\":\"https:\\\/\\\/abel-formation.com\\\/www\\\/\",\"logo\":{\"@type\":\"ImageObject\",\"inLanguage\":\"fr-FR\",\"@id\":\"https:\\\/\\\/abel-formation.com\\\/www\\\/#\\\/schema\\\/logo\\\/image\\\/\",\"url\":\"https:\\\/\\\/abel-formation.com\\\/www\\\/wp-content\\\/uploads\\\/2023\\\/10\\\/PNG-Abel-logo_transparentRED-192-edited.png\",\"contentUrl\":\"https:\\\/\\\/abel-formation.com\\\/www\\\/wp-content\\\/uploads\\\/2023\\\/10\\\/PNG-Abel-logo_transparentRED-192-edited.png\",\"width\":181,\"height\":181,\"caption\":\"Abel Formation\"},\"image\":{\"@id\":\"https:\\\/\\\/abel-formation.com\\\/www\\\/#\\\/schema\\\/logo\\\/image\\\/\"},\"sameAs\":[\"https:\\\/\\\/x.com\\\/AbelFormation\",\"https:\\\/\\\/www.linkedin.com\\\/in\\\/bird-anthony-formations\\\/\"]}]}<\/script>\n<!-- \/ Yoast SEO plugin. -->","yoast_head_json":{"title":"My English Lessons* - Abel Formation","description":"Votre parcours de formation inclus un acc\u00e8s \u00e0 un dossier priv\u00e9 en ligne - My English Lessons, qui contient les documents pertinents \u00e0 vos cours.","robots":{"index":"index","follow":"follow","max-snippet":"max-snippet:-1","max-image-preview":"max-image-preview:large","max-video-preview":"max-video-preview:-1"},"canonical":"https:\/\/abel-formation.com\/www\/my-english-lessons\/","og_locale":"fr_FR","og_type":"article","og_title":"My English Lessons* - Abel Formation","og_description":"Votre parcours de formation inclus un acc\u00e8s \u00e0 un dossier priv\u00e9 en ligne - My English Lessons, qui contient les documents pertinents \u00e0 vos cours.","og_url":"https:\/\/abel-formation.com\/www\/my-english-lessons\/","og_site_name":"Abel Formation","article_modified_time":"2025-08-08T14:32:37+00:00","og_image":[{"width":669,"height":751,"url":"https:\/\/abel-formation.com\/www\/wp-content\/uploads\/2024\/01\/My-English-Lessons-contenus.png","type":"image\/png"}],"twitter_card":"summary_large_image","twitter_site":"@AbelFormation","twitter_misc":{"Dur\u00e9e de lecture estim\u00e9e":"2 minutes"},"schema":{"@context":"https:\/\/schema.org","@graph":[{"@type":"WebPage","@id":"https:\/\/abel-formation.com\/www\/my-english-lessons\/","url":"https:\/\/abel-formation.com\/www\/my-english-lessons\/","name":"My English Lessons* - Abel Formation","isPartOf":{"@id":"https:\/\/abel-formation.com\/www\/#website"},"primaryImageOfPage":{"@id":"https:\/\/abel-formation.com\/www\/my-english-lessons\/#primaryimage"},"image":{"@id":"https:\/\/abel-formation.com\/www\/my-english-lessons\/#primaryimage"},"thumbnailUrl":"https:\/\/abel-formation.com\/www\/wp-content\/uploads\/2024\/01\/My-English-Lessons-contenus.png","datePublished":"2024-01-23T09:27:32+00:00","dateModified":"2025-08-08T14:32:37+00:00","description":"Votre parcours de formation inclus un acc\u00e8s \u00e0 un dossier priv\u00e9 en ligne - My English Lessons, qui contient les documents pertinents \u00e0 vos cours.","breadcrumb":{"@id":"https:\/\/abel-formation.com\/www\/my-english-lessons\/#breadcrumb"},"inLanguage":"fr-FR","potentialAction":[{"@type":"ReadAction","target":["https:\/\/abel-formation.com\/www\/my-english-lessons\/"]}]},{"@type":"ImageObject","inLanguage":"fr-FR","@id":"https:\/\/abel-formation.com\/www\/my-english-lessons\/#primaryimage","url":"https:\/\/abel-formation.com\/www\/wp-content\/uploads\/2024\/01\/My-English-Lessons-contenus.png","contentUrl":"https:\/\/abel-formation.com\/www\/wp-content\/uploads\/2024\/01\/My-English-Lessons-contenus.png","width":669,"height":751,"caption":"Exemple de contenus du dossier My English lessons sur Abel Formation"},{"@type":"BreadcrumbList","@id":"https:\/\/abel-formation.com\/www\/my-english-lessons\/#breadcrumb","itemListElement":[{"@type":"ListItem","position":1,"name":"Accueil","item":"https:\/\/abel-formation.com\/www\/"},{"@type":"ListItem","position":2,"name":"My English Lessons*"}]},{"@type":"WebSite","@id":"https:\/\/abel-formation.com\/www\/#website","url":"https:\/\/abel-formation.com\/www\/","name":"Abel Formation","description":"Boostez votre anglais","publisher":{"@id":"https:\/\/abel-formation.com\/www\/#organization"},"potentialAction":[{"@type":"SearchAction","target":{"@type":"EntryPoint","urlTemplate":"https:\/\/abel-formation.com\/www\/?s={search_term_string}"},"query-input":{"@type":"PropertyValueSpecification","valueRequired":true,"valueName":"search_term_string"}}],"inLanguage":"fr-FR"},{"@type":"Organization","@id":"https:\/\/abel-formation.com\/www\/#organization","name":"Abel Formation","alternateName":"Abel Formation","url":"https:\/\/abel-formation.com\/www\/","logo":{"@type":"ImageObject","inLanguage":"fr-FR","@id":"https:\/\/abel-formation.com\/www\/#\/schema\/logo\/image\/","url":"https:\/\/abel-formation.com\/www\/wp-content\/uploads\/2023\/10\/PNG-Abel-logo_transparentRED-192-edited.png","contentUrl":"https:\/\/abel-formation.com\/www\/wp-content\/uploads\/2023\/10\/PNG-Abel-logo_transparentRED-192-edited.png","width":181,"height":181,"caption":"Abel Formation"},"image":{"@id":"https:\/\/abel-formation.com\/www\/#\/schema\/logo\/image\/"},"sameAs":["https:\/\/x.com\/AbelFormation","https:\/\/www.linkedin.com\/in\/bird-anthony-formations\/"]}]}},"_links":{"self":[{"href":"https:\/\/abel-formation.com\/www\/wp-json\/wp\/v2\/pages\/772","targetHints":{"allow":["GET"]}}],"collection":[{"href":"https:\/\/abel-formation.com\/www\/wp-json\/wp\/v2\/pages"}],"about":[{"href":"https:\/\/abel-formation.com\/www\/wp-json\/wp\/v2\/types\/page"}],"author":[{"embeddable":true,"href":"https:\/\/abel-formation.com\/www\/wp-json\/wp\/v2\/users\/1"}],"replies":[{"embeddable":true,"href":"https:\/\/abel-formation.com\/www\/wp-json\/wp\/v2\/comments?post=772"}],"version-history":[{"count":13,"href":"https:\/\/abel-formation.com\/www\/wp-json\/wp\/v2\/pages\/772\/revisions"}],"predecessor-version":[{"id":2463,"href":"https:\/\/abel-formation.com\/www\/wp-json\/wp\/v2\/pages\/772\/revisions\/2463"}],"wp:attachment":[{"href":"https:\/\/abel-formation.com\/www\/wp-json\/wp\/v2\/media?parent=772"}],"curies":[{"name":"wp","href":"https:\/\/api.w.org\/{rel}","templated":true}]}}