{"id":57,"date":"2023-06-29T10:54:21","date_gmt":"2023-06-29T08:54:21","guid":{"rendered":"http:\/\/abel-formation.com\/www\/index.php\/about-us\/"},"modified":"2025-04-07T18:02:30","modified_gmt":"2025-04-07T16:02:30","slug":"about-us","status":"publish","type":"page","link":"https:\/\/abel-formation.com\/www\/about-us\/","title":{"rendered":"Qui sommes nous"},"content":{"rendered":"\n<div class=\"wp-block-group alignfull gutenify-section-80546b30-fee7-11ed-89ac-852c8894e81f is-layout-constrained wp-container-core-group-is-layout-d794d2f0 wp-block-group-is-layout-constrained gtfy-30\" style=\"padding-top:0px;padding-right:0px;padding-bottom:0px;padding-left:0px\">\n<div class=\"wp-block-cover alignfull gutenify-section-803ee760-fee7-11ed-89ac-852c8894e81f gtfy-4\" style=\"min-height:523px;aspect-ratio:unset;\"><span aria-hidden=\"true\" class=\"wp-block-cover__background has-background-dim-70 has-background-dim wp-block-cover__gradient-background has-background-gradient\" style=\"background:linear-gradient(90deg,rgb(0,0,0) 52%,rgba(150,149,240,0) 96%)\"><\/span><img decoding=\"async\" class=\"wp-block-cover__image-background wp-image-4496\" alt=\"\" src=\"https:\/\/demo.gutenify.com\/finance-up\/wp-content\/uploads\/sites\/66\/2022\/09\/african-african-american-afro-american-black-blond-hair-1449815-pxhere.com-1.jpg\" style=\"object-position:44% 6%\" data-object-fit=\"cover\" data-object-position=\"44% 6%\"\/><div class=\"wp-block-cover__inner-container is-layout-flow wp-block-cover-is-layout-flow\">\n<div class=\"wp-block-group alignwide gutenify-section-803e4b20-fee7-11ed-89ac-852c8894e81f is-content-justification-center is-nowrap is-layout-flex wp-container-core-group-is-layout-eeea3fc2 wp-block-group-is-layout-flex gtfy-3\"><h1 class=\"has-text-align-center alignwide wp-block-post-title has-text-color has-background-color has-colossal-font-size gtfy-2\">Qui sommes nous<\/h1><\/div>\n<\/div><\/div>\n\n\n\n<div class=\"wp-block-group alignwide gutenify-section-80541d10-fee7-11ed-89ac-852c8894e81f is-layout-constrained wp-container-core-group-is-layout-249fdc02 wp-block-group-is-layout-constrained gtfy-29\" style=\"padding-top:80px;padding-right:0px;padding-bottom:80px;padding-left:0px\">\n<div class=\"wp-block-group alignwide gutenify-section-80485d40-fee7-11ed-89ac-852c8894e81f is-layout-constrained wp-container-core-group-is-layout-c512ed68 wp-block-group-is-layout-constrained gtfy-11\" style=\"padding-bottom:30px\">\n<div class=\"wp-block-group alignwide gutenify-section-80483630-fee7-11ed-89ac-852c8894e81f is-content-justification-space-between is-layout-flex wp-container-core-group-is-layout-419548bd wp-block-group-is-layout-flex gtfy-10\" style=\"padding-top:0px;padding-right:0px;padding-bottom:0px;padding-left:0px\">\n<div class=\"wp-block-group gutenify-section-804772e0-fee7-11ed-89ac-852c8894e81f is-layout-constrained wp-container-core-group-is-layout-00831e1a wp-block-group-is-layout-constrained gtfy-9\">\n<div class=\"wp-block-group animated animated-fadeInUp gutenify-section-804724c0-fee7-11ed-89ac-852c8894e81f is-nowrap is-layout-flex wp-container-core-group-is-layout-e088cbc5 wp-block-group-is-layout-flex gtfy-8\">\n<div class=\"wp-block-group gutenify-section-8046af90-fee7-11ed-89ac-852c8894e81f is-layout-constrained wp-container-core-group-is-layout-8d3f346a wp-block-group-is-layout-constrained gtfy-6\">\n<hr class=\"wp-block-separator has-text-color has-primary-color has-alpha-channel-opacity has-primary-background-color has-background gutenify-section-80468880-fee7-11ed-89ac-852c8894e81f gtfy-5\"\/>\n<\/div>\n\n\n\n<p class=\"has-text-align-left has-primary-color has-text-color has-medium-font-size gutenify-section-8046d6a0-fee7-11ed-89ac-852c8894e81f gtfy-7\" style=\"letter-spacing:1px\">NOTRE IDENTITE<\/p>\n<\/div>\n<\/div>\n<\/div>\n<\/div>\n\n\n\n<!DOCTYPE html>\n<html class=\"gtfy-12\" lang=\"en\">\n<head>\n    <meta charset=\"UTF-8\">\n    <meta name=\"viewport\" content=\"width=device-width, initial-scale=1.0\">\n    <title>Autoplay Video<\/title>\n<\/head>\n<body>\n    <div style=\"overflow:hidden\">\n        <video id=\"autoplayVideo\" controls autoplay loop muted style=\"max-width:100%; height:auto;\">\n            <source src=\"https:\/\/abel-formation.com\/www\/wp-content\/uploads\/2024\/04\/Abel-Formation-Mission.webm\" type=\"video\/webm\">\n            Your browser does not support the video tag.\n        <\/video>\n    <\/div>\n\n    <script>\n        window.onload = function() {\n            var video = document.getElementById(\"autoplayVideo\");\n            video.play();\n        }\n    <\/script>\n<\/body>\n<\/html>\n\n\n\n\n<div style=\"height:100px\" aria-hidden=\"true\" class=\"wp-block-spacer gutenify-section-c255c190-690f-11ee-beef-dba1baec1169 gtfy-13\"><\/div>\n\n\n\n<figure class=\"wp-block-image alignleft size-full is-resized is-style-default gutenify-section-bab3fe80-167f-11ee-9e44-fb9e4e05a0b4 wp-duotone-unset-14 gtfy-15\"><img loading=\"lazy\" decoding=\"async\" width=\"600\" height=\"555\" src=\"https:\/\/abel-formation.com\/www\/wp-content\/uploads\/2023\/10\/AB-Portrait-blackV3-600.jpg\" alt=\"Abel Formation photo Anthony BIRD\" class=\"wp-image-553\" style=\"width:249px;height:230px\" srcset=\"https:\/\/abel-formation.com\/www\/wp-content\/uploads\/2023\/10\/AB-Portrait-blackV3-600.jpg 600w, https:\/\/abel-formation.com\/www\/wp-content\/uploads\/2023\/10\/AB-Portrait-blackV3-600-432x400.jpg 432w\" sizes=\"auto, (max-width: 600px) 100vw, 600px\" \/><figcaption class=\"wp-element-caption\">Anthony BIRD<\/figcaption><\/figure>\n\n\n\n<p class=\"gutenify-section-2d229b60-6910-11ee-beef-dba1baec1169 gtfy-16\"><\/p>\n\n\n\n<div class=\"wp-block-group alignwide animated animated-fadeInUp gutenify-section-8053f600-fee7-11ed-89ac-852c8894e81f is-layout-constrained wp-block-group-is-layout-constrained gtfy-28\">\n<div class=\"wp-block-columns alignwide gutenify-section-8053a7e0-fee7-11ed-89ac-852c8894e81f is-layout-flex wp-container-core-columns-is-layout-4734d36e wp-block-columns-is-layout-flex gtfy-27\" style=\"padding-top:40px;padding-right:40px;padding-bottom:40px;padding-left:40px\">\n<div class=\"wp-block-column animated animated-fadeInUp gutenify-section-805359c0-fee7-11ed-89ac-852c8894e81f is-layout-flow wp-container-core-column-is-layout-fe0e2ea3 wp-block-column-is-layout-flow gtfy-26\">\n<h2 class=\"wp-block-heading has-text-align-left has-zeever-primary-color has-text-color gutenify-section-80522140-fee7-11ed-89ac-852c8894e81f gtfy-17\" style=\"font-size:21px\">Notre Mission<\/h2>\n\n\n\n<p class=\"gutenify-section-e45557c0-167f-11ee-9e44-fb9e4e05a0b4 gtfy-18\">Je suis un passionn\u00e9 de l&rsquo;enseignement de l&rsquo;anglais professionnel et j&rsquo;ai commenc\u00e9 \u00e0 enseigner cette langue en 1991 pour le Chambre de Commerce et d&rsquo;Industrie de Versailles-Yvelines \u00e0 Gonesse dans le r\u00e9seau Centre d\u2019Etude de Langues. Au cours de ma carri\u00e8re, j&rsquo;ai travaill\u00e9 avec diff\u00e9rentes entreprises et organisations pour aider les gens \u00e0 am\u00e9liorer leurs comp\u00e9tences en anglais.<\/p>\n\n\n\n<p class=\"gutenify-section-e45cf8e0-167f-11ee-9e44-fb9e4e05a0b4 gtfy-19\"> De 2001 \u00e0 2007, j&rsquo;ai travaill\u00e9 en tant que conseiller et formateur pour un organisme de formation sp\u00e9cialis\u00e9 dans les langues \u00e0 Paris.<\/p>\n\n\n\n<p class=\"gutenify-section-e4649a00-167f-11ee-9e44-fb9e4e05a0b4 gtfy-20\">En 2007, j&rsquo;ai d\u00e9cid\u00e9 de devenir formateur ind\u00e9pendant et j&rsquo;ai enseign\u00e9 en Normandie pendant trois ans. Puis, de 2010 \u00e0 2021, j&rsquo;ai travaill\u00e9 en tant que responsable de fili\u00e8re et formateur, o\u00f9 j&rsquo;ai continu\u00e9 \u00e0 aider les apprenants \u00e0 am\u00e9liorer leurs comp\u00e9tences en anglais.<\/p>\n\n\n\n<p class=\"gutenify-section-e46c3b20-167f-11ee-9e44-fb9e4e05a0b4 gtfy-21\">En 2022, j&rsquo;ai cr\u00e9\u00e9 Abel Formation, une plateforme d&rsquo;e-learning d\u00e9di\u00e9e \u00e0 l&rsquo;apprentissage de l&rsquo;anglais professionnel \u00e0 distance ainsi qu&rsquo;en pr\u00e9sentiel. Je suis fier de pouvoir offrir une exp\u00e9rience d&rsquo;apprentissage interactive et engageante pour les apprenants.<\/p>\n\n\n\n<p class=\"gutenify-section-eba58050-ba0c-11ee-843f-cf08667ee58c gtfy-22\">Depuis le 23 janvier 2024, Abel formation est certifi\u00e9 QUALIOPI. <a href=\"https:\/\/abel-formation.com\/www\/wp-content\/uploads\/2024\/01\/Certificat-Qualiopi-Mise-a-jour-le-23.01.2024.pdf\" target=\"_blank\" rel=\"noreferrer noopener\">La certification qualit\u00e9 est d\u00e9livr\u00e9e au titre de la cat\u00e9gorie d&rsquo;action suivante :  L.6313-1 &#8211; 1\u00b0 Actions de formations<\/a> <img loading=\"lazy\" decoding=\"async\" width=\"16\" height=\"16\" class=\"wp-image-1123\" style=\"width: 16px;\" src=\"https:\/\/abel-formation.com\/www\/wp-content\/uploads\/2024\/03\/external_link_icon16.png\" alt=\"\"><\/p>\n\n\n\n<p class=\"gutenify-section-e47d5220-167f-11ee-9e44-fb9e4e05a0b4 gtfy-23\">Mon engagement envers l&rsquo;enseignement de l&rsquo;anglais remonte \u00e0 plus de 30 ans et je suis toujours aussi passionn\u00e9 aujourd&rsquo;hui qu&rsquo;au d\u00e9but de ma carri\u00e8re.<\/p>\n\n\n\n<div class=\"wp-block-buttons gutenify-section-805332b0-fee7-11ed-89ac-852c8894e81f is-layout-flex wp-block-buttons-is-layout-flex gtfy-25\"><\/div>\n<\/div>\n<\/div>\n<\/div>\n<\/div>\n<\/div>\n","protected":false},"excerpt":{"rendered":"<p>NOTRE IDENTITE Autoplay Video Your browser does not support the video tag. Notre Mission Je [&hellip;]<\/p>\n","protected":false},"author":1,"featured_media":0,"parent":0,"menu_order":0,"comment_status":"closed","ping_status":"closed","template":"page-no-title","meta":{"footnotes":""},"class_list":["post-57","page","type-page","status-publish","hentry"],"yoast_head":"<!-- This site is optimized with the Yoast SEO plugin v27.4 - https:\/\/yoast.com\/product\/yoast-seo-wordpress\/ -->\n<title>Qui sommes nous - Abel Formation<\/title>\n<meta name=\"robots\" content=\"index, follow, max-snippet:-1, max-image-preview:large, max-video-preview:-1\" \/>\n<link rel=\"canonical\" href=\"https:\/\/abel-formation.com\/www\/about-us\/\" \/>\n<meta property=\"og:locale\" content=\"fr_FR\" \/>\n<meta property=\"og:type\" content=\"article\" \/>\n<meta property=\"og:title\" content=\"Qui sommes nous - Abel Formation\" \/>\n<meta property=\"og:description\" content=\"NOTRE IDENTITE Autoplay Video Your browser does not support the video tag. Notre Mission Je [&hellip;]\" \/>\n<meta property=\"og:url\" content=\"https:\/\/abel-formation.com\/www\/about-us\/\" \/>\n<meta property=\"og:site_name\" content=\"Abel Formation\" \/>\n<meta property=\"article:modified_time\" content=\"2025-04-07T16:02:30+00:00\" \/>\n<meta name=\"twitter:card\" content=\"summary_large_image\" \/>\n<meta name=\"twitter:site\" content=\"@AbelFormation\" \/>\n<meta name=\"twitter:label1\" content=\"Dur\u00e9e de lecture estim\u00e9e\" \/>\n\t<meta name=\"twitter:data1\" content=\"2 minutes\" \/>\n<script type=\"application\/ld+json\" class=\"yoast-schema-graph\">{\"@context\":\"https:\\\/\\\/schema.org\",\"@graph\":[{\"@type\":\"WebPage\",\"@id\":\"https:\\\/\\\/abel-formation.com\\\/www\\\/about-us\\\/\",\"url\":\"https:\\\/\\\/abel-formation.com\\\/www\\\/about-us\\\/\",\"name\":\"Qui sommes nous - Abel Formation\",\"isPartOf\":{\"@id\":\"https:\\\/\\\/abel-formation.com\\\/www\\\/#website\"},\"primaryImageOfPage\":{\"@id\":\"https:\\\/\\\/abel-formation.com\\\/www\\\/about-us\\\/#primaryimage\"},\"image\":{\"@id\":\"https:\\\/\\\/abel-formation.com\\\/www\\\/about-us\\\/#primaryimage\"},\"thumbnailUrl\":\"https:\\\/\\\/demo.gutenify.com\\\/finance-up\\\/wp-content\\\/uploads\\\/sites\\\/66\\\/2022\\\/09\\\/african-african-american-afro-american-black-blond-hair-1449815-pxhere.com-1.jpg\",\"datePublished\":\"2023-06-29T08:54:21+00:00\",\"dateModified\":\"2025-04-07T16:02:30+00:00\",\"breadcrumb\":{\"@id\":\"https:\\\/\\\/abel-formation.com\\\/www\\\/about-us\\\/#breadcrumb\"},\"inLanguage\":\"fr-FR\",\"potentialAction\":[{\"@type\":\"ReadAction\",\"target\":[\"https:\\\/\\\/abel-formation.com\\\/www\\\/about-us\\\/\"]}]},{\"@type\":\"ImageObject\",\"inLanguage\":\"fr-FR\",\"@id\":\"https:\\\/\\\/abel-formation.com\\\/www\\\/about-us\\\/#primaryimage\",\"url\":\"https:\\\/\\\/demo.gutenify.com\\\/finance-up\\\/wp-content\\\/uploads\\\/sites\\\/66\\\/2022\\\/09\\\/african-african-american-afro-american-black-blond-hair-1449815-pxhere.com-1.jpg\",\"contentUrl\":\"https:\\\/\\\/demo.gutenify.com\\\/finance-up\\\/wp-content\\\/uploads\\\/sites\\\/66\\\/2022\\\/09\\\/african-african-american-afro-american-black-blond-hair-1449815-pxhere.com-1.jpg\"},{\"@type\":\"BreadcrumbList\",\"@id\":\"https:\\\/\\\/abel-formation.com\\\/www\\\/about-us\\\/#breadcrumb\",\"itemListElement\":[{\"@type\":\"ListItem\",\"position\":1,\"name\":\"Accueil\",\"item\":\"https:\\\/\\\/abel-formation.com\\\/www\\\/\"},{\"@type\":\"ListItem\",\"position\":2,\"name\":\"Qui sommes nous\"}]},{\"@type\":\"WebSite\",\"@id\":\"https:\\\/\\\/abel-formation.com\\\/www\\\/#website\",\"url\":\"https:\\\/\\\/abel-formation.com\\\/www\\\/\",\"name\":\"Abel Formation\",\"description\":\"Boostez votre anglais\",\"publisher\":{\"@id\":\"https:\\\/\\\/abel-formation.com\\\/www\\\/#organization\"},\"potentialAction\":[{\"@type\":\"SearchAction\",\"target\":{\"@type\":\"EntryPoint\",\"urlTemplate\":\"https:\\\/\\\/abel-formation.com\\\/www\\\/?s={search_term_string}\"},\"query-input\":{\"@type\":\"PropertyValueSpecification\",\"valueRequired\":true,\"valueName\":\"search_term_string\"}}],\"inLanguage\":\"fr-FR\"},{\"@type\":\"Organization\",\"@id\":\"https:\\\/\\\/abel-formation.com\\\/www\\\/#organization\",\"name\":\"Abel Formation\",\"alternateName\":\"Abel Formation\",\"url\":\"https:\\\/\\\/abel-formation.com\\\/www\\\/\",\"logo\":{\"@type\":\"ImageObject\",\"inLanguage\":\"fr-FR\",\"@id\":\"https:\\\/\\\/abel-formation.com\\\/www\\\/#\\\/schema\\\/logo\\\/image\\\/\",\"url\":\"https:\\\/\\\/abel-formation.com\\\/www\\\/wp-content\\\/uploads\\\/2023\\\/10\\\/PNG-Abel-logo_transparentRED-192-edited.png\",\"contentUrl\":\"https:\\\/\\\/abel-formation.com\\\/www\\\/wp-content\\\/uploads\\\/2023\\\/10\\\/PNG-Abel-logo_transparentRED-192-edited.png\",\"width\":181,\"height\":181,\"caption\":\"Abel Formation\"},\"image\":{\"@id\":\"https:\\\/\\\/abel-formation.com\\\/www\\\/#\\\/schema\\\/logo\\\/image\\\/\"},\"sameAs\":[\"https:\\\/\\\/x.com\\\/AbelFormation\",\"https:\\\/\\\/www.linkedin.com\\\/in\\\/bird-anthony-formations\\\/\"]}]}<\/script>\n<!-- \/ Yoast SEO plugin. -->","yoast_head_json":{"title":"Qui sommes nous - Abel Formation","robots":{"index":"index","follow":"follow","max-snippet":"max-snippet:-1","max-image-preview":"max-image-preview:large","max-video-preview":"max-video-preview:-1"},"canonical":"https:\/\/abel-formation.com\/www\/about-us\/","og_locale":"fr_FR","og_type":"article","og_title":"Qui sommes nous - Abel Formation","og_description":"NOTRE IDENTITE Autoplay Video Your browser does not support the video tag. Notre Mission Je [&hellip;]","og_url":"https:\/\/abel-formation.com\/www\/about-us\/","og_site_name":"Abel Formation","article_modified_time":"2025-04-07T16:02:30+00:00","twitter_card":"summary_large_image","twitter_site":"@AbelFormation","twitter_misc":{"Dur\u00e9e de lecture estim\u00e9e":"2 minutes"},"schema":{"@context":"https:\/\/schema.org","@graph":[{"@type":"WebPage","@id":"https:\/\/abel-formation.com\/www\/about-us\/","url":"https:\/\/abel-formation.com\/www\/about-us\/","name":"Qui sommes nous - Abel Formation","isPartOf":{"@id":"https:\/\/abel-formation.com\/www\/#website"},"primaryImageOfPage":{"@id":"https:\/\/abel-formation.com\/www\/about-us\/#primaryimage"},"image":{"@id":"https:\/\/abel-formation.com\/www\/about-us\/#primaryimage"},"thumbnailUrl":"https:\/\/demo.gutenify.com\/finance-up\/wp-content\/uploads\/sites\/66\/2022\/09\/african-african-american-afro-american-black-blond-hair-1449815-pxhere.com-1.jpg","datePublished":"2023-06-29T08:54:21+00:00","dateModified":"2025-04-07T16:02:30+00:00","breadcrumb":{"@id":"https:\/\/abel-formation.com\/www\/about-us\/#breadcrumb"},"inLanguage":"fr-FR","potentialAction":[{"@type":"ReadAction","target":["https:\/\/abel-formation.com\/www\/about-us\/"]}]},{"@type":"ImageObject","inLanguage":"fr-FR","@id":"https:\/\/abel-formation.com\/www\/about-us\/#primaryimage","url":"https:\/\/demo.gutenify.com\/finance-up\/wp-content\/uploads\/sites\/66\/2022\/09\/african-african-american-afro-american-black-blond-hair-1449815-pxhere.com-1.jpg","contentUrl":"https:\/\/demo.gutenify.com\/finance-up\/wp-content\/uploads\/sites\/66\/2022\/09\/african-african-american-afro-american-black-blond-hair-1449815-pxhere.com-1.jpg"},{"@type":"BreadcrumbList","@id":"https:\/\/abel-formation.com\/www\/about-us\/#breadcrumb","itemListElement":[{"@type":"ListItem","position":1,"name":"Accueil","item":"https:\/\/abel-formation.com\/www\/"},{"@type":"ListItem","position":2,"name":"Qui sommes nous"}]},{"@type":"WebSite","@id":"https:\/\/abel-formation.com\/www\/#website","url":"https:\/\/abel-formation.com\/www\/","name":"Abel Formation","description":"Boostez votre anglais","publisher":{"@id":"https:\/\/abel-formation.com\/www\/#organization"},"potentialAction":[{"@type":"SearchAction","target":{"@type":"EntryPoint","urlTemplate":"https:\/\/abel-formation.com\/www\/?s={search_term_string}"},"query-input":{"@type":"PropertyValueSpecification","valueRequired":true,"valueName":"search_term_string"}}],"inLanguage":"fr-FR"},{"@type":"Organization","@id":"https:\/\/abel-formation.com\/www\/#organization","name":"Abel Formation","alternateName":"Abel Formation","url":"https:\/\/abel-formation.com\/www\/","logo":{"@type":"ImageObject","inLanguage":"fr-FR","@id":"https:\/\/abel-formation.com\/www\/#\/schema\/logo\/image\/","url":"https:\/\/abel-formation.com\/www\/wp-content\/uploads\/2023\/10\/PNG-Abel-logo_transparentRED-192-edited.png","contentUrl":"https:\/\/abel-formation.com\/www\/wp-content\/uploads\/2023\/10\/PNG-Abel-logo_transparentRED-192-edited.png","width":181,"height":181,"caption":"Abel Formation"},"image":{"@id":"https:\/\/abel-formation.com\/www\/#\/schema\/logo\/image\/"},"sameAs":["https:\/\/x.com\/AbelFormation","https:\/\/www.linkedin.com\/in\/bird-anthony-formations\/"]}]}},"_links":{"self":[{"href":"https:\/\/abel-formation.com\/www\/wp-json\/wp\/v2\/pages\/57","targetHints":{"allow":["GET"]}}],"collection":[{"href":"https:\/\/abel-formation.com\/www\/wp-json\/wp\/v2\/pages"}],"about":[{"href":"https:\/\/abel-formation.com\/www\/wp-json\/wp\/v2\/types\/page"}],"author":[{"embeddable":true,"href":"https:\/\/abel-formation.com\/www\/wp-json\/wp\/v2\/users\/1"}],"replies":[{"embeddable":true,"href":"https:\/\/abel-formation.com\/www\/wp-json\/wp\/v2\/comments?post=57"}],"version-history":[{"count":12,"href":"https:\/\/abel-formation.com\/www\/wp-json\/wp\/v2\/pages\/57\/revisions"}],"predecessor-version":[{"id":1678,"href":"https:\/\/abel-formation.com\/www\/wp-json\/wp\/v2\/pages\/57\/revisions\/1678"}],"wp:attachment":[{"href":"https:\/\/abel-formation.com\/www\/wp-json\/wp\/v2\/media?parent=57"}],"curies":[{"name":"wp","href":"https:\/\/api.w.org\/{rel}","templated":true}]}}