{"id":444,"date":"2023-10-06T10:40:49","date_gmt":"2023-10-06T08:40:49","guid":{"rendered":"https:\/\/abel-formation.com\/www\/?page_id=444"},"modified":"2024-03-06T11:23:22","modified_gmt":"2024-03-06T10:23:22","slug":"nos-formations-et-le-handicap","status":"publish","type":"page","link":"https:\/\/abel-formation.com\/www\/nos-formations-et-le-handicap\/","title":{"rendered":"Nos formations et le handicap"},"content":{"rendered":"\n<div class=\"wp-block-columns gutenify-section-36ef7d60-6420-11ee-b705-7944822201aa is-layout-flex wp-container-core-columns-is-layout-28f84493 wp-block-columns-is-layout-flex gtfy-6\">\n<div class=\"wp-block-column gutenify-section-3baae290-6420-11ee-b705-7944822201aa is-layout-flow wp-block-column-is-layout-flow gtfy-3\">\n<figure class=\"wp-block-image size-full gutenify-section-40cf42c0-6420-11ee-b705-7944822201aa gtfy-2\"><img loading=\"lazy\" decoding=\"async\" width=\"560\" height=\"552\" src=\"https:\/\/abel-formation.com\/www\/wp-content\/uploads\/2024\/01\/badge-plan-daction-Abel-Formation.png\" alt=\"Abel Formation Badge chartre RHF Normandie 2024\" class=\"wp-image-869\" srcset=\"https:\/\/abel-formation.com\/www\/wp-content\/uploads\/2024\/01\/badge-plan-daction-Abel-Formation.png 560w, https:\/\/abel-formation.com\/www\/wp-content\/uploads\/2024\/01\/badge-plan-daction-Abel-Formation-406x400.png 406w\" sizes=\"auto, (max-width: 560px) 100vw, 560px\" \/><\/figure>\n<\/div>\n\n\n\n<div class=\"wp-block-column is-vertically-aligned-center gutenify-section-3bab7ed0-6420-11ee-b705-7944822201aa is-layout-flow wp-block-column-is-layout-flow gtfy-5\">\n<p class=\"gutenify-section-4cb649d0-6420-11ee-b705-7944822201aa gtfy-4\">Abel Formation est inscrit au chartre RHF-Normandie et nos cours d&rsquo;anglais en distanciel (t\u00e9l\u00e9phone, visioconf\u00e9rence) et sur plateforme e-learning sont accessibles \u00e0 toute personne en situation de handicap. Notre plan d&rsquo;action 2024 a \u00e9t\u00e9 valid\u00e9 par le <a href=\"https:\/\/normandie.rhf-accessibilite.fr\/\" target=\"_blank\" rel=\"noreferrer noopener\">RHF-Normandie<\/a>. <img loading=\"lazy\" decoding=\"async\" width=\"16\" height=\"16\" class=\"wp-image-1123\" style=\"width: 16px;\" src=\"https:\/\/abel-formation.com\/www\/wp-content\/uploads\/2024\/03\/external_link_icon16.png\" alt=\"\"><\/p>\n<\/div>\n<\/div>\n\n\n\n<p class=\"gutenify-section-8842b160-641f-11ee-b705-7944822201aa gtfy-9\"><\/p>\n\n\n\n<p class=\"gutenify-section-f90c22f0-641f-11ee-b705-7944822201aa gtfy-12\">Les personnes en situation de handicap peuvent b\u00e9n\u00e9ficier de modalit\u00e9s de prise en charge particuli\u00e8res dans le cadre de la Loi pour la libert\u00e9 de choisir son avenir professionnel. Nous sommes heureux d&rsquo;adapter votre parcours de formation \u00e0 votre situation personnelle. Pour obtenir plus d\u2019informations, vous pouvez contacter les organismes suivants :<\/p>\n\n\n\n<p class=\"gutenify-section-7bf14fc0-641f-11ee-b705-7944822201aa gtfy-15\"><\/p>\n\n\n\n<div class=\"wp-block-columns gutenify-section-26e90d90-6421-11ee-b705-7944822201aa is-layout-flex wp-container-core-columns-is-layout-28f84493 wp-block-columns-is-layout-flex gtfy-23\">\n<div class=\"wp-block-column gutenify-section-2946aca0-6421-11ee-b705-7944822201aa is-layout-flow wp-block-column-is-layout-flow gtfy-22\">\n<h2 class=\"wp-block-heading has-dark-purple-color has-text-color gutenify-section-2dd2c470-6421-11ee-b705-7944822201aa gtfy-18\">L&rsquo;AGEFIPH<\/h2>\n\n\n\n<p class=\"gutenify-section-d4bf76c0-6421-11ee-b705-7944822201aa gtfy-19\">L&rsquo;Agefiph est charg\u00e9e de soutenir le d\u00e9veloppement de l&#8217;emploi des\u00a0<a href=\"https:\/\/www.agefiph.fr\/personne-handicapee\" target=\"_blank\" rel=\"noreferrer noopener\">personnes handicap\u00e9es<\/a>.<img loading=\"lazy\" decoding=\"async\" width=\"16\" height=\"16\" class=\"wp-image-1123\" style=\"width: 16px;\" src=\"https:\/\/abel-formation.com\/www\/wp-content\/uploads\/2024\/03\/external_link_icon16.png\" alt=\"\"> Pour cela, elle propose des services et aides financi\u00e8res pour les\u00a0<a href=\"https:\/\/www.agefiph.fr\/employeur\" target=\"_blank\" rel=\"noreferrer noopener\">entreprises<\/a>\u00a0<img loading=\"lazy\" decoding=\"async\" width=\"16\" height=\"16\" class=\"wp-image-1123\" style=\"width: 16px;\" src=\"https:\/\/abel-formation.com\/www\/wp-content\/uploads\/2024\/03\/external_link_icon16.png\" alt=\"\"> et les personnes.<\/p>\n\n\n\n<p class=\"gutenify-section-b3274e20-6421-11ee-b705-7944822201aa gtfy-20\">0 800 11 10 09 Service &amp; appel gratuit<\/p>\n\n\n\n<p class=\"gutenify-section-44ccb9b0-6421-11ee-b705-7944822201aa gtfy-21\">Visitez le site <a href=\"https:\/\/www.agefiph.fr\/\" target=\"_blank\" rel=\"noreferrer noopener\">Agefiph, ouvrir l&#8217;emploi aux personnes handicap\u00e9es<\/a> <img loading=\"lazy\" decoding=\"async\" width=\"16\" height=\"16\" class=\"wp-image-1123\" style=\"width: 16px;\" src=\"https:\/\/abel-formation.com\/www\/wp-content\/uploads\/2024\/03\/external_link_icon16.png\" alt=\"\"><\/p>\n<\/div>\n<\/div>\n\n\n\n<div class=\"wp-block-columns gutenify-section-70933ce0-6421-11ee-b705-7944822201aa is-layout-flex wp-container-core-columns-is-layout-28f84493 wp-block-columns-is-layout-flex gtfy-34\">\n<div class=\"wp-block-column gutenify-section-7a3eabd0-6421-11ee-b705-7944822201aa is-layout-flow wp-block-column-is-layout-flow gtfy-33\">\n<h2 class=\"wp-block-heading has-cyan-color has-text-color gutenify-section-353c6440-6422-11ee-b705-7944822201aa gtfy-26\">CAP EMPLOI<\/h2>\n\n\n\n<p class=\"gutenify-section-6dd4c3b0-6422-11ee-b705-7944822201aa gtfy-27\"><a href=\"https:\/\/www.capemploi.info\/\" target=\"_blank\" rel=\"noreferrer noopener\">Accueil &#8211; Cap emploi national<\/a> <img loading=\"lazy\" decoding=\"async\" width=\"16\" height=\"16\" class=\"wp-image-1123\" style=\"width: 16px;\" src=\"https:\/\/abel-formation.com\/www\/wp-content\/uploads\/2024\/03\/external_link_icon16.png\" alt=\"\"><\/p>\n\n\n\n<p class=\"gutenify-section-9922e290-6422-11ee-b705-7944822201aa gtfy-28\">Les missions des Cap emploi se divisent en 3 cat\u00e9gories :<\/p>\n\n\n\n<div class=\"wp-block-group gutenify-section-c4b361a0-6422-11ee-b705-7944822201aa is-vertical is-content-justification-left is-layout-flex wp-container-core-group-is-layout-0c84590b wp-block-group-is-layout-flex gtfy-32\">\n<p class=\"gutenify-section-9ca63cf0-6422-11ee-b705-7944822201aa gtfy-29\"><strong>Accompagnement vers l\u2019emploi <\/strong><\/p>\n\n\n\n<p class=\"gutenify-section-b3c87ab0-6422-11ee-b705-7944822201aa gtfy-30\"><strong>Accompagnement dans l\u2019emploi<\/strong><\/p>\n\n\n\n<p class=\"gutenify-section-b69c5b30-6422-11ee-b705-7944822201aa gtfy-31\"><strong>Les missions transverses (communication, partenariat et information-sensibilisation des employeurs)<\/strong><\/p>\n<\/div>\n<\/div>\n<\/div>\n\n\n\n<div class=\"wp-block-columns gutenify-section-52b79520-6423-11ee-b705-7944822201aa is-layout-flex wp-container-core-columns-is-layout-28f84493 wp-block-columns-is-layout-flex gtfy-41\">\n<div class=\"wp-block-column gutenify-section-53b09b20-6423-11ee-b705-7944822201aa is-layout-flow wp-block-column-is-layout-flow gtfy-40\">\n<h2 class=\"wp-block-heading gutenify-section-5569bcd0-6423-11ee-b705-7944822201aa gtfy-37\">Minist\u00e8re du travail, du plein emploi et de l&rsquo;insertion<\/h2>\n\n\n\n<p class=\"gutenify-section-773ccb90-6423-11ee-b705-7944822201aa gtfy-38\">Au m\u00eame titre que l\u2019ensemble des salari\u00e9s, les salari\u00e9s en situation de handicap peuvent b\u00e9n\u00e9ficier d\u2019actions de formation financ\u00e9es par les employeurs et les branches professionnelles. Pour plus d&rsquo;informations :<\/p>\n\n\n\n<p class=\"gutenify-section-8cf95ed0-6423-11ee-b705-7944822201aa gtfy-39\"><a href=\"https:\/\/travail-emploi.gouv.fr\/formation-professionnelle\/formation-des-personnes-en-situation-de-handicap\/\" target=\"_blank\" rel=\"noreferrer noopener\">Formation des personnes en situation de handicap &#8211; Minist\u00e8re du Travail, du Plein emploi et de l&rsquo;Insertion (travail-emploi.gouv.fr)<\/a> <img loading=\"lazy\" decoding=\"async\" width=\"16\" height=\"16\" class=\"wp-image-1123\" style=\"width: 16px;\" src=\"https:\/\/abel-formation.com\/www\/wp-content\/uploads\/2024\/03\/external_link_icon16.png\" alt=\"\"><\/p>\n<\/div>\n<\/div>\n\n\n\n<div class=\"wp-block-columns gutenify-section-c5922ed0-6e68-11ee-9699-7733227223cf is-layout-flex wp-container-core-columns-is-layout-28f84493 wp-block-columns-is-layout-flex gtfy-48\">\n<div class=\"wp-block-column gutenify-section-c7809150-6e68-11ee-9699-7733227223cf is-layout-flow wp-block-column-is-layout-flow gtfy-47\">\n<h2 class=\"wp-block-heading gutenify-section-c9ec8840-6e68-11ee-9699-7733227223cf gtfy-44\">Notre r\u00e9f\u00e9rent handicap<\/h2>\n\n\n\n<p class=\"gutenify-section-dac26090-6e68-11ee-9699-7733227223cf gtfy-45\">Pour plus d&rsquo;information concernant l&rsquo;accessibilit\u00e9 de nos formations, contactez notre r\u00e9f\u00e9rent handicap :<\/p>\n\n\n\n<p class=\"gutenify-section-0d987220-6e69-11ee-9699-7733227223cf gtfy-46\"><strong>Anthony BIRD<\/strong> anthony.bird@abel-formation.com<\/p>\n<\/div>\n<\/div>\n","protected":false},"excerpt":{"rendered":"<p>Abel Formation est inscrit au chartre RHF-Normandie et nos cours d&rsquo;anglais en distanciel (t\u00e9l\u00e9phone, visioconf\u00e9rence) [&hellip;]<\/p>\n","protected":false},"author":1,"featured_media":0,"parent":0,"menu_order":0,"comment_status":"closed","ping_status":"closed","template":"","meta":{"footnotes":""},"class_list":["post-444","page","type-page","status-publish","hentry"],"yoast_head":"<!-- This site is optimized with the Yoast SEO plugin v27.4 - https:\/\/yoast.com\/product\/yoast-seo-wordpress\/ -->\n<title>Nos formations et le handicap - Abel Formation<\/title>\n<meta name=\"description\" content=\"Abel Formation est inscrit au chartre RHF-Normandie et nos cours d&#039;anglais en distanciel (t\u00e9l\u00e9phone, visioconf\u00e9rence) et sur plateforme e-learning\" \/>\n<meta name=\"robots\" content=\"index, follow, max-snippet:-1, max-image-preview:large, max-video-preview:-1\" \/>\n<link rel=\"canonical\" href=\"https:\/\/abel-formation.com\/www\/nos-formations-et-le-handicap\/\" \/>\n<meta property=\"og:locale\" content=\"fr_FR\" \/>\n<meta property=\"og:type\" content=\"article\" \/>\n<meta property=\"og:title\" content=\"Nos formations et le handicap - Abel Formation\" \/>\n<meta property=\"og:description\" content=\"Abel Formation est inscrit au chartre RHF-Normandie et nos cours d&#039;anglais en distanciel (t\u00e9l\u00e9phone, visioconf\u00e9rence) et sur plateforme e-learning\" \/>\n<meta property=\"og:url\" content=\"https:\/\/abel-formation.com\/www\/nos-formations-et-le-handicap\/\" \/>\n<meta property=\"og:site_name\" content=\"Abel Formation\" \/>\n<meta property=\"article:modified_time\" content=\"2024-03-06T10:23:22+00:00\" \/>\n<meta property=\"og:image\" content=\"https:\/\/abel-formation.com\/www\/wp-content\/uploads\/2024\/01\/badge-plan-daction-Abel-Formation.png\" \/>\n<meta name=\"twitter:card\" content=\"summary_large_image\" \/>\n<meta name=\"twitter:site\" content=\"@AbelFormation\" \/>\n<meta name=\"twitter:label1\" content=\"Dur\u00e9e de lecture estim\u00e9e\" \/>\n\t<meta name=\"twitter:data1\" content=\"3 minutes\" \/>\n<script type=\"application\/ld+json\" class=\"yoast-schema-graph\">{\"@context\":\"https:\\\/\\\/schema.org\",\"@graph\":[{\"@type\":\"WebPage\",\"@id\":\"https:\\\/\\\/abel-formation.com\\\/www\\\/nos-formations-et-le-handicap\\\/\",\"url\":\"https:\\\/\\\/abel-formation.com\\\/www\\\/nos-formations-et-le-handicap\\\/\",\"name\":\"Nos formations et le handicap - Abel Formation\",\"isPartOf\":{\"@id\":\"https:\\\/\\\/abel-formation.com\\\/www\\\/#website\"},\"primaryImageOfPage\":{\"@id\":\"https:\\\/\\\/abel-formation.com\\\/www\\\/nos-formations-et-le-handicap\\\/#primaryimage\"},\"image\":{\"@id\":\"https:\\\/\\\/abel-formation.com\\\/www\\\/nos-formations-et-le-handicap\\\/#primaryimage\"},\"thumbnailUrl\":\"https:\\\/\\\/abel-formation.com\\\/www\\\/wp-content\\\/uploads\\\/2024\\\/01\\\/badge-plan-daction-Abel-Formation.png\",\"datePublished\":\"2023-10-06T08:40:49+00:00\",\"dateModified\":\"2024-03-06T10:23:22+00:00\",\"description\":\"Abel Formation est inscrit au chartre RHF-Normandie et nos cours d'anglais en distanciel (t\u00e9l\u00e9phone, visioconf\u00e9rence) et sur plateforme e-learning sont accessibles \u00e0 toute personne en situation de handicap \u00e0 mobilit\u00e9 r\u00e9duite.\",\"breadcrumb\":{\"@id\":\"https:\\\/\\\/abel-formation.com\\\/www\\\/nos-formations-et-le-handicap\\\/#breadcrumb\"},\"inLanguage\":\"fr-FR\",\"potentialAction\":[{\"@type\":\"ReadAction\",\"target\":[\"https:\\\/\\\/abel-formation.com\\\/www\\\/nos-formations-et-le-handicap\\\/\"]}]},{\"@type\":\"ImageObject\",\"inLanguage\":\"fr-FR\",\"@id\":\"https:\\\/\\\/abel-formation.com\\\/www\\\/nos-formations-et-le-handicap\\\/#primaryimage\",\"url\":\"https:\\\/\\\/abel-formation.com\\\/www\\\/wp-content\\\/uploads\\\/2024\\\/01\\\/badge-plan-daction-Abel-Formation.png\",\"contentUrl\":\"https:\\\/\\\/abel-formation.com\\\/www\\\/wp-content\\\/uploads\\\/2024\\\/01\\\/badge-plan-daction-Abel-Formation.png\",\"width\":560,\"height\":552,\"caption\":\"Abel Formation Badge chartre RHF Normandie 2024\"},{\"@type\":\"BreadcrumbList\",\"@id\":\"https:\\\/\\\/abel-formation.com\\\/www\\\/nos-formations-et-le-handicap\\\/#breadcrumb\",\"itemListElement\":[{\"@type\":\"ListItem\",\"position\":1,\"name\":\"Accueil\",\"item\":\"https:\\\/\\\/abel-formation.com\\\/www\\\/\"},{\"@type\":\"ListItem\",\"position\":2,\"name\":\"Nos formations et le handicap\"}]},{\"@type\":\"WebSite\",\"@id\":\"https:\\\/\\\/abel-formation.com\\\/www\\\/#website\",\"url\":\"https:\\\/\\\/abel-formation.com\\\/www\\\/\",\"name\":\"Abel Formation\",\"description\":\"Boostez votre anglais\",\"publisher\":{\"@id\":\"https:\\\/\\\/abel-formation.com\\\/www\\\/#organization\"},\"potentialAction\":[{\"@type\":\"SearchAction\",\"target\":{\"@type\":\"EntryPoint\",\"urlTemplate\":\"https:\\\/\\\/abel-formation.com\\\/www\\\/?s={search_term_string}\"},\"query-input\":{\"@type\":\"PropertyValueSpecification\",\"valueRequired\":true,\"valueName\":\"search_term_string\"}}],\"inLanguage\":\"fr-FR\"},{\"@type\":\"Organization\",\"@id\":\"https:\\\/\\\/abel-formation.com\\\/www\\\/#organization\",\"name\":\"Abel Formation\",\"alternateName\":\"Abel Formation\",\"url\":\"https:\\\/\\\/abel-formation.com\\\/www\\\/\",\"logo\":{\"@type\":\"ImageObject\",\"inLanguage\":\"fr-FR\",\"@id\":\"https:\\\/\\\/abel-formation.com\\\/www\\\/#\\\/schema\\\/logo\\\/image\\\/\",\"url\":\"https:\\\/\\\/abel-formation.com\\\/www\\\/wp-content\\\/uploads\\\/2023\\\/10\\\/PNG-Abel-logo_transparentRED-192-edited.png\",\"contentUrl\":\"https:\\\/\\\/abel-formation.com\\\/www\\\/wp-content\\\/uploads\\\/2023\\\/10\\\/PNG-Abel-logo_transparentRED-192-edited.png\",\"width\":181,\"height\":181,\"caption\":\"Abel Formation\"},\"image\":{\"@id\":\"https:\\\/\\\/abel-formation.com\\\/www\\\/#\\\/schema\\\/logo\\\/image\\\/\"},\"sameAs\":[\"https:\\\/\\\/x.com\\\/AbelFormation\",\"https:\\\/\\\/www.linkedin.com\\\/in\\\/bird-anthony-formations\\\/\"]}]}<\/script>\n<!-- \/ Yoast SEO plugin. -->","yoast_head_json":{"title":"Nos formations et le handicap - Abel Formation","description":"Abel Formation est inscrit au chartre RHF-Normandie et nos cours d'anglais en distanciel (t\u00e9l\u00e9phone, visioconf\u00e9rence) et sur plateforme e-learning","robots":{"index":"index","follow":"follow","max-snippet":"max-snippet:-1","max-image-preview":"max-image-preview:large","max-video-preview":"max-video-preview:-1"},"canonical":"https:\/\/abel-formation.com\/www\/nos-formations-et-le-handicap\/","og_locale":"fr_FR","og_type":"article","og_title":"Nos formations et le handicap - Abel Formation","og_description":"Abel Formation est inscrit au chartre RHF-Normandie et nos cours d'anglais en distanciel (t\u00e9l\u00e9phone, visioconf\u00e9rence) et sur plateforme e-learning","og_url":"https:\/\/abel-formation.com\/www\/nos-formations-et-le-handicap\/","og_site_name":"Abel Formation","article_modified_time":"2024-03-06T10:23:22+00:00","og_image":[{"url":"https:\/\/abel-formation.com\/www\/wp-content\/uploads\/2024\/01\/badge-plan-daction-Abel-Formation.png","type":"","width":"","height":""}],"twitter_card":"summary_large_image","twitter_site":"@AbelFormation","twitter_misc":{"Dur\u00e9e de lecture estim\u00e9e":"3 minutes"},"schema":{"@context":"https:\/\/schema.org","@graph":[{"@type":"WebPage","@id":"https:\/\/abel-formation.com\/www\/nos-formations-et-le-handicap\/","url":"https:\/\/abel-formation.com\/www\/nos-formations-et-le-handicap\/","name":"Nos formations et le handicap - Abel Formation","isPartOf":{"@id":"https:\/\/abel-formation.com\/www\/#website"},"primaryImageOfPage":{"@id":"https:\/\/abel-formation.com\/www\/nos-formations-et-le-handicap\/#primaryimage"},"image":{"@id":"https:\/\/abel-formation.com\/www\/nos-formations-et-le-handicap\/#primaryimage"},"thumbnailUrl":"https:\/\/abel-formation.com\/www\/wp-content\/uploads\/2024\/01\/badge-plan-daction-Abel-Formation.png","datePublished":"2023-10-06T08:40:49+00:00","dateModified":"2024-03-06T10:23:22+00:00","description":"Abel Formation est inscrit au chartre RHF-Normandie et nos cours d'anglais en distanciel (t\u00e9l\u00e9phone, visioconf\u00e9rence) et sur plateforme e-learning sont accessibles \u00e0 toute personne en situation de handicap \u00e0 mobilit\u00e9 r\u00e9duite.","breadcrumb":{"@id":"https:\/\/abel-formation.com\/www\/nos-formations-et-le-handicap\/#breadcrumb"},"inLanguage":"fr-FR","potentialAction":[{"@type":"ReadAction","target":["https:\/\/abel-formation.com\/www\/nos-formations-et-le-handicap\/"]}]},{"@type":"ImageObject","inLanguage":"fr-FR","@id":"https:\/\/abel-formation.com\/www\/nos-formations-et-le-handicap\/#primaryimage","url":"https:\/\/abel-formation.com\/www\/wp-content\/uploads\/2024\/01\/badge-plan-daction-Abel-Formation.png","contentUrl":"https:\/\/abel-formation.com\/www\/wp-content\/uploads\/2024\/01\/badge-plan-daction-Abel-Formation.png","width":560,"height":552,"caption":"Abel Formation Badge chartre RHF Normandie 2024"},{"@type":"BreadcrumbList","@id":"https:\/\/abel-formation.com\/www\/nos-formations-et-le-handicap\/#breadcrumb","itemListElement":[{"@type":"ListItem","position":1,"name":"Accueil","item":"https:\/\/abel-formation.com\/www\/"},{"@type":"ListItem","position":2,"name":"Nos formations et le handicap"}]},{"@type":"WebSite","@id":"https:\/\/abel-formation.com\/www\/#website","url":"https:\/\/abel-formation.com\/www\/","name":"Abel Formation","description":"Boostez votre anglais","publisher":{"@id":"https:\/\/abel-formation.com\/www\/#organization"},"potentialAction":[{"@type":"SearchAction","target":{"@type":"EntryPoint","urlTemplate":"https:\/\/abel-formation.com\/www\/?s={search_term_string}"},"query-input":{"@type":"PropertyValueSpecification","valueRequired":true,"valueName":"search_term_string"}}],"inLanguage":"fr-FR"},{"@type":"Organization","@id":"https:\/\/abel-formation.com\/www\/#organization","name":"Abel Formation","alternateName":"Abel Formation","url":"https:\/\/abel-formation.com\/www\/","logo":{"@type":"ImageObject","inLanguage":"fr-FR","@id":"https:\/\/abel-formation.com\/www\/#\/schema\/logo\/image\/","url":"https:\/\/abel-formation.com\/www\/wp-content\/uploads\/2023\/10\/PNG-Abel-logo_transparentRED-192-edited.png","contentUrl":"https:\/\/abel-formation.com\/www\/wp-content\/uploads\/2023\/10\/PNG-Abel-logo_transparentRED-192-edited.png","width":181,"height":181,"caption":"Abel Formation"},"image":{"@id":"https:\/\/abel-formation.com\/www\/#\/schema\/logo\/image\/"},"sameAs":["https:\/\/x.com\/AbelFormation","https:\/\/www.linkedin.com\/in\/bird-anthony-formations\/"]}]}},"_links":{"self":[{"href":"https:\/\/abel-formation.com\/www\/wp-json\/wp\/v2\/pages\/444","targetHints":{"allow":["GET"]}}],"collection":[{"href":"https:\/\/abel-formation.com\/www\/wp-json\/wp\/v2\/pages"}],"about":[{"href":"https:\/\/abel-formation.com\/www\/wp-json\/wp\/v2\/types\/page"}],"author":[{"embeddable":true,"href":"https:\/\/abel-formation.com\/www\/wp-json\/wp\/v2\/users\/1"}],"replies":[{"embeddable":true,"href":"https:\/\/abel-formation.com\/www\/wp-json\/wp\/v2\/comments?post=444"}],"version-history":[{"count":11,"href":"https:\/\/abel-formation.com\/www\/wp-json\/wp\/v2\/pages\/444\/revisions"}],"predecessor-version":[{"id":1142,"href":"https:\/\/abel-formation.com\/www\/wp-json\/wp\/v2\/pages\/444\/revisions\/1142"}],"wp:attachment":[{"href":"https:\/\/abel-formation.com\/www\/wp-json\/wp\/v2\/media?parent=444"}],"curies":[{"name":"wp","href":"https:\/\/api.w.org\/{rel}","templated":true}]}}