{"id":418,"date":"2023-09-27T12:33:21","date_gmt":"2023-09-27T10:33:21","guid":{"rendered":"https:\/\/abel-formation.com\/www\/?page_id=418"},"modified":"2025-05-28T14:23:42","modified_gmt":"2025-05-28T12:23:42","slug":"reglement-interieur-formations-a-distance","status":"publish","type":"page","link":"https:\/\/abel-formation.com\/www\/reglement-interieur-formations-a-distance\/","title":{"rendered":"R\u00e8glement int\u00e9rieur"},"content":{"rendered":"\n<p class=\"gutenify-section-2ffefa00-5d20-11ee-9c36-0b7ab64d4a18 gtfy-2\"><strong>En application des articles L. 6352-1 \u00e0 L. 6352-15 du Code du travail, Le pr\u00e9sent R\u00e8glement int\u00e9rieur s\u2019applique \u00e0 tous les apprenants pour la dur\u00e9e de leur formation. Il pr\u00e9cise les dispositions r\u00e9gissant les formations organis\u00e9es \u00e0 distance et en pr\u00e9sentiel par ABEL FORMATION afin d\u2019en garantir le bon d\u00e9roulement.<\/strong><\/p>\n\n\n\n<p class=\"gutenify-section-32dafad0-68e7-11ee-bc3f-6f5bcb071e68 gtfy-5\"><\/p>\n\n\n\n<h3 class=\"wp-block-heading gutenify-section-2fff4820-5d20-11ee-9c36-0b7ab64d4a18 has-medium-font-size gtfy-8\">Article 1 &#8211; Objet<\/h3>\n\n\n\n<p class=\"gutenify-section-2fffbd50-5d20-11ee-9c36-0b7ab64d4a18 gtfy-11\">Le pr\u00e9sent R\u00e8glement int\u00e9rieur a pour objet de :<\/p>\n\n\n\n<ul class=\"wp-block-list gutenify-section-3000f5d0-5d20-11ee-9c36-0b7ab64d4a18 gtfy-16\">\n<li class=\"gutenify-section-30005990-5d20-11ee-9c36-0b7ab64d4a18 gtfy-14 gutenify-list-item\">D\u00e9finir les <strong>modalit\u00e9s d\u2019organisation<\/strong> des formations en pr\u00e9sentiel et \u00e0 distance<\/li>\n\n\n\n<li class=\"gutenify-section-28a8f6c0-68e7-11ee-bc3f-6f5bcb071e68 gtfy-15 gutenify-list-item\">Formaliser les <strong>r\u00e8gles de discipline<\/strong> applicables aux apprenants.<\/li>\n<\/ul>\n\n\n\n<p class=\"gutenify-section-2aa16b60-68e7-11ee-bc3f-6f5bcb071e68 gtfy-19\"><\/p>\n\n\n\n<h3 class=\"wp-block-heading gutenify-section-300143f0-5d20-11ee-9c36-0b7ab64d4a18 has-medium-font-size gtfy-22\">Article 2 &#8211; Champ d\u2019application<\/h3>\n\n\n\n<p class=\"gutenify-section-30022e50-5d20-11ee-9c36-0b7ab64d4a18 gtfy-25\">Ce r\u00e8glement s\u2019applique \u00e0 tous les apprenants inscrits \u00e0 une session de formation organis\u00e9e par <strong>ABEL FORMATION<\/strong>, qu\u2019elle soit r\u00e9alis\u00e9e <strong>\u00e0 distance ou sur site, chez l\u2019employeur<\/strong>. Tout apprenant suivant une formation est consid\u00e9r\u00e9 comme ayant accept\u00e9 les termes de ce r\u00e8glement et accepte que des mesures disciplinaires puissent \u00eatre prises en cas de non-respect des r\u00e8gles \u00e9tablies.<\/p>\n\n\n\n<p class=\"gutenify-section-30027c70-5d20-11ee-9c36-0b7ab64d4a18 gtfy-28\"><\/p>\n\n\n\n<p class=\"gutenify-section-2210e250-68e7-11ee-bc3f-6f5bcb071e68 gtfy-31\"><\/p>\n\n\n\n<h3 class=\"wp-block-heading gutenify-section-2b5ba3c0-d6fd-11ee-a1ef-39b67e456e87 has-medium-font-size gtfy-34\">Article 3- Hygi\u00e8ne et s\u00e9curit\u00e9<\/h3>\n\n\n\n<p class=\"gutenify-section-37f61c50-d6fd-11ee-a1ef-39b67e456e87 gtfy-37\"><strong>Formations en pr\u00e9sentiel <\/strong>&#8211; L\u2019entreprise qui accueille la formation s\u2019engage \u00e0 garantir <strong>des conditions de s\u00e9curit\u00e9 et d\u2019hygi\u00e8ne conformes \u00e0 la r\u00e9glementation en vigueur<\/strong>. Les apprenants doivent respecter les consignes propres au site o\u00f9 se d\u00e9roule la formation.<\/p>\n\n\n\n<p class=\"gtfy-40\"><strong>Formations \u00e0 distance <\/strong>&#8211; Les apprenants doivent veiller \u00e0 suivre la formation dans <strong>un environnement propice \u00e0 l\u2019apprentissage<\/strong>, \u00e9quip\u00e9 du mat\u00e9riel informatique n\u00e9cessaire et d\u2019une connexion stable.<\/p>\n\n\n\n<p class=\"gtfy-43\"><\/p>\n\n\n\n<p class=\"gutenify-section-3ee59f90-d6fd-11ee-a1ef-39b67e456e87 gtfy-46\"><\/p>\n\n\n\n<h3 class=\"wp-block-heading gutenify-section-607786a0-d6fd-11ee-a1ef-39b67e456e87 has-medium-font-size gtfy-49\">Article 4 &#8211; Discipline g\u00e9n\u00e9rale<\/h3>\n\n\n\n<p class=\"gutenify-section-7a854b90-d6fd-11ee-a1ef-39b67e456e87 gtfy-52\">Il est formellement interdit aux apprenants :<\/p>\n\n\n\n<ul class=\"wp-block-list gutenify-section-7a894330-d6fd-11ee-a1ef-39b67e456e87 gtfy-59\">\n<li class=\"gutenify-section-7a860ee0-d6fd-11ee-a1ef-39b67e456e87 gtfy-55 gutenify-list-item\">D\u2019entrer dans le lieu de formation en \u00e9tat d\u2019ivresse,<\/li>\n\n\n\n<li class=\"gutenify-section-7a86ab20-d6fd-11ee-a1ef-39b67e456e87 gtfy-56 gutenify-list-item\">D\u2019introduire des boissons alcoolis\u00e9es dans les locaux,<\/li>\n\n\n\n<li class=\"gutenify-section-7a872050-d6fd-11ee-a1ef-39b67e456e87 gtfy-57 gutenify-list-item\">De quitter la formation sans motif,<\/li>\n\n\n\n<li class=\"gutenify-section-7a87bc90-d6fd-11ee-a1ef-39b67e456e87 gtfy-58 gutenify-list-item\">D&#8217;emporter aucun objet sans autorisation \u00e9crite<\/li>\n<\/ul>\n\n\n\n<p class=\"gutenify-section-80599ad0-d6fd-11ee-a1ef-39b67e456e87 gtfy-62\"><\/p>\n\n\n\n<h3 class=\"wp-block-heading gutenify-section-3002ca90-5d20-11ee-9c36-0b7ab64d4a18 has-medium-font-size gtfy-65\">Article 5 &#8211; Organisation des formations \u00e0 distance<\/h3>\n\n\n\n<p class=\"gutenify-section-300318b0-5d20-11ee-9c36-0b7ab64d4a18 gtfy-68\"><strong>Formations en pr\u00e9sentiel<\/strong><\/p>\n\n\n\n<p class=\"gutenify-section-300318b0-5d20-11ee-9c36-0b7ab64d4a18 gtfy-71\">Les apprenants doivent respecter <strong>les horaires<\/strong> et <strong>les consignes de l\u2019entreprise h\u00f4te<\/strong>.<\/p>\n\n\n\n<p class=\"gtfy-74\">Les formations se d\u00e9roulent dans les locaux de l\u2019entreprise ou dans un lieu convenu avec ABEL FORMATION.<\/p>\n\n\n\n<p class=\"gutenify-section-300366d0-5d20-11ee-9c36-0b7ab64d4a18 gtfy-77\"><strong>Formations \u00e0 distance<\/strong><\/p>\n\n\n\n<p class=\"gutenify-section-300366d0-5d20-11ee-9c36-0b7ab64d4a18 gtfy-80\">Avant le d\u00e9but de la formation, ils re\u00e7oivent par voie num\u00e9rique <strong>le lien d\u2019acc\u00e8s \u00e0 la visioconf\u00e9rence<\/strong> ainsi que <strong>les coordonn\u00e9es du contact en cas de probl\u00e8me technique<\/strong>.<\/p>\n\n\n\n<p class=\"gtfy-83\">Les apprenants doivent <strong>r\u00e9server leurs cours<\/strong> via le site de r\u00e9servation en ligne.<\/p>\n\n\n\n<p class=\"gutenify-section-19c1a800-68e7-11ee-bc3f-6f5bcb071e68 gtfy-86\"><\/p>\n\n\n\n<h3 class=\"wp-block-heading gutenify-section-30038de0-5d20-11ee-9c36-0b7ab64d4a18 has-medium-font-size gtfy-89\">Article 6 &#8211; Horaires des formations et <strong>assiduit\u00e9<\/strong><\/h3>\n\n\n\n<p class=\"gutenify-section-30045130-5d20-11ee-9c36-0b7ab64d4a18 gtfy-92\">Sauf exception, les formations suivent <strong>les horaires standard<\/strong> : <strong>9h00 &#8211; 12h30 \/ 13h30 &#8211; 17h00<\/strong>.<\/p>\n\n\n\n<p class=\"gtfy-95\">Tout apprenant s\u2019engage \u00e0 \u00eatre <strong>ponctuel et \u00e0 suivre la formation dans son int\u00e9gralit\u00e9<\/strong>.<\/p>\n\n\n\n<p class=\"gtfy-98\">En cas d\u2019absence, l\u2019apprenant doit pr\u00e9venir <strong>au moins 24 heures \u00e0 l\u2019avance<\/strong> \u00e0 l\u2019adresse : anthony.bird@abel-formation.com.<\/p>\n\n\n\n<p class=\"gtfy-101\"><strong>Tout cours annul\u00e9 sans pr\u00e9avis de 24 heures sera factur\u00e9<\/strong>.<\/p>\n\n\n\n<p class=\"gutenify-section-30045130-5d20-11ee-9c36-0b7ab64d4a18 gtfy-104\">Les apprenants doivent <strong>signer une attestation de pr\u00e9sence<\/strong> \u00e0 chaque session.<\/p>\n\n\n\n<p class=\"gutenify-section-aece2700-d6fd-11ee-a1ef-39b67e456e87 gtfy-107\"><\/p>\n\n\n\n<p class=\"gutenify-section-3005b0c0-5d20-11ee-9c36-0b7ab64d4a18 gtfy-110\"><\/p>\n\n\n\n<p class=\"gutenify-section-0fb55460-68e7-11ee-bc3f-6f5bcb071e68 gtfy-113\"><\/p>\n\n\n\n<h3 class=\"wp-block-heading gutenify-section-300625f0-5d20-11ee-9c36-0b7ab64d4a18 has-medium-font-size gtfy-116\">Article 7 &#8211; Identification des apprenants en visio formation<\/h3>\n\n\n\n<p class=\"gutenify-section-30069b20-5d20-11ee-9c36-0b7ab64d4a18 gtfy-119\">Les apprenants doivent <strong>afficher leur nom et pr\u00e9nom<\/strong> sur la vignette attribu\u00e9e par le logiciel de visioconf\u00e9rence.<\/p>\n\n\n\n<p class=\"gutenify-section-08fe4640-68e7-11ee-bc3f-6f5bcb071e68 gtfy-122\"><\/p>\n\n\n\n<h3 class=\"wp-block-heading gutenify-section-30073760-5d20-11ee-9c36-0b7ab64d4a18 has-medium-font-size gtfy-125\">Article 8 &#8211; Enregistrements<\/h3>\n\n\n\n<p class=\"gutenify-section-3007d3a0-5d20-11ee-9c36-0b7ab64d4a18 gtfy-128\">Il est <strong>strictement interdit<\/strong> d\u2019enregistrer ou de filmer les formations sans une autorisation expresse du responsable de formation.<\/p>\n\n\n\n<p class=\"gutenify-section-039fc340-68e7-11ee-bc3f-6f5bcb071e68 gtfy-131\"><\/p>\n\n\n\n<h3 class=\"wp-block-heading gutenify-section-30095a40-5d20-11ee-9c36-0b7ab64d4a18 has-medium-font-size gtfy-134\">Article 9 &#8211; Attestation de fin de stage<\/h3>\n\n\n\n<p class=\"gutenify-section-3009cf70-5d20-11ee-9c36-0b7ab64d4a18 gtfy-137\">ABEL FORMATION remettra une attestation de fin de formation par voie num\u00e9rique.<\/p>\n\n\n\n<p class=\"gutenify-section-fd740530-68e6-11ee-bc3f-6f5bcb071e68 gtfy-140\"><\/p>\n\n\n\n<h3 class=\"wp-block-heading gutenify-section-300a1d90-5d20-11ee-9c36-0b7ab64d4a18 has-medium-font-size gtfy-143\">Article 10 &#8211; Questionnaire de satisfaction<\/h3>\n\n\n\n<p class=\"gutenify-section-300a6bb0-5d20-11ee-9c36-0b7ab64d4a18 gtfy-146\">Les apprenants ont obligation de remplir le questionnaire de satisfaction de la formation qui leur est communiqu\u00e9 par voie \u00e9lectronique pendant la formation ainsi qu&rsquo;\u00e0 l\u2019issue de la formation.<\/p>\n\n\n\n<p class=\"gutenify-section-f4af73d0-68e6-11ee-bc3f-6f5bcb071e68 gtfy-149\"><\/p>\n\n\n\n<h3 class=\"wp-block-heading gutenify-section-300ab9d0-5d20-11ee-9c36-0b7ab64d4a18 has-medium-font-size gtfy-152\">Article 11 &#8211; Documentation p\u00e9dagogique<\/h3>\n\n\n\n<p class=\"gutenify-section-300ae0e0-5d20-11ee-9c36-0b7ab64d4a18 gtfy-155\">Tous les supports p\u00e9dagogiques utilis\u00e9s sont prot\u00e9g\u00e9s par les droits d\u2019auteur et ne peuvent \u00eatre copi\u00e9s, diffus\u00e9s ou utilis\u00e9s \u00e0 d\u2019autres fins.<\/p>\n\n\n\n<p class=\"gutenify-section-300b2f00-5d20-11ee-9c36-0b7ab64d4a18 gtfy-158\"><\/p>\n\n\n\n<p class=\"gutenify-section-ed3ba560-68e6-11ee-bc3f-6f5bcb071e68 gtfy-161\"><\/p>\n\n\n\n<h3 class=\"wp-block-heading gutenify-section-300b5610-5d20-11ee-9c36-0b7ab64d4a18 has-medium-font-size gtfy-164\">Article 12 &#8211; Confidentialit\u00e9<\/h3>\n\n\n\n<p class=\"gutenify-section-300ba430-5d20-11ee-9c36-0b7ab64d4a18 gtfy-167\">ABEL FORMATION, le client et l\u2019apprenant s\u2019engagent \u00e0 garder confidentiels les documents et les informations auxquels ils pourraient avoir acc\u00e8s au cours de la prestation de formation ou \u00e0 l\u2019occasion des \u00e9changes intervenus ant\u00e9rieurement \u00e0 l\u2019inscription.<\/p>\n\n\n\n<p class=\"gutenify-section-e77cb2e0-68e6-11ee-bc3f-6f5bcb071e68 gtfy-170\"><\/p>\n\n\n\n<h3 class=\"wp-block-heading gutenify-section-300bf250-5d20-11ee-9c36-0b7ab64d4a18 has-medium-font-size gtfy-173\">Article 13 &#8211; Sanctions<\/h3>\n\n\n\n<p class=\"gutenify-section-300c1960-5d20-11ee-9c36-0b7ab64d4a18 gtfy-176\">Tout manquement de l\u2019apprenant \u00e0 l&rsquo;une des prescriptions du pr\u00e9sent r\u00e8glement int\u00e9rieur pourra faire l&rsquo;objet d&rsquo;une sanction.<\/p>\n\n\n\n<p class=\"gutenify-section-300c6780-5d20-11ee-9c36-0b7ab64d4a18 gtfy-179\">Constitue une sanction au sens de l&rsquo;article R 6352-3 et suivants du Code du Travail, toute mesure, autre que les observations verbales, prises par le directeur de l&rsquo;organisme de formation ou son repr\u00e9sentant, \u00e0 la suite d&rsquo;un agissement de l\u2019apprenant consid\u00e9r\u00e9 par lui comme fautif, que cette mesure soit de nature \u00e0 affecter imm\u00e9diatement ou non la pr\u00e9sence de l&rsquo;int\u00e9ress\u00e9 dans la formation ou \u00e0 en mettre en cause la continuit\u00e9.<\/p>\n\n\n\n<p class=\"gutenify-section-300cb5a0-5d20-11ee-9c36-0b7ab64d4a18 gtfy-182\">Selon la gravit\u00e9 du manquement constat\u00e9, la sanction pourra consister :<\/p>\n\n\n\n<ul class=\"wp-block-list gutenify-section-300e1530-5d20-11ee-9c36-0b7ab64d4a18 gtfy-187\">\n<li class=\"gutenify-section-300d78f0-5d20-11ee-9c36-0b7ab64d4a18 gtfy-185 gutenify-list-item\">soit en un avertissement ;<\/li>\n\n\n\n<li class=\"gutenify-section-300dc710-5d20-11ee-9c36-0b7ab64d4a18 gtfy-186 gutenify-list-item\">soit en une mesure d&rsquo;exclusion d\u00e9finitive.<\/li>\n<\/ul>\n\n\n\n<p class=\"gutenify-section-300e6350-5d20-11ee-9c36-0b7ab64d4a18 gtfy-190\">Les amendes ou autres sanctions p\u00e9cuniaires sont interdites.<\/p>\n\n\n\n<p class=\"gutenify-section-300eb170-5d20-11ee-9c36-0b7ab64d4a18 gtfy-193\">Le directeur de l&rsquo;organisme de formation doit informer l&#8217;employeur de la sanction prise, lorsque l\u2019apprenant est un salari\u00e9 b\u00e9n\u00e9ficiant d&rsquo;une formation dans le cadre de la formation continue.<\/p>\n\n\n\n<p class=\"gutenify-section-de8d8f10-68e6-11ee-bc3f-6f5bcb071e68 gtfy-196\"><\/p>\n\n\n\n<h3 class=\"wp-block-heading gutenify-section-300eff90-5d20-11ee-9c36-0b7ab64d4a18 has-medium-font-size gtfy-199\">Article 14 &#8211; Proc\u00e9dure disciplinaire<\/h3>\n\n\n\n<p class=\"gutenify-section-300f4db0-5d20-11ee-9c36-0b7ab64d4a18 gtfy-202\">Les dispositions qui suivent constituent la reprise des articles R 6352-4 \u00e0 R 6352-8 du Code du Travail. Aucune sanction ne peut \u00eatre inflig\u00e9e \u00e0 l\u2019apprenant sans que celui-ci ait \u00e9t\u00e9 inform\u00e9 au pr\u00e9alable des griefs retenus contre lui.<\/p>\n\n\n\n<p class=\"gutenify-section-dd8594f0-68e6-11ee-bc3f-6f5bcb071e68 gtfy-205\"><\/p>\n\n\n\n<h3 class=\"wp-block-heading gutenify-section-300f9bd0-5d20-11ee-9c36-0b7ab64d4a18 has-medium-font-size gtfy-208\">Article 15 &#8211; Publicit\u00e9<\/h3>\n\n\n\n<p class=\"gutenify-section-300fe9f0-5d20-11ee-9c36-0b7ab64d4a18 gtfy-211\">Un exemplaire du pr\u00e9sent r\u00e8glement est :<\/p>\n\n\n\n<p class=\"gutenify-section-30131e40-5d20-11ee-9c36-0b7ab64d4a18 gtfy-214\">&#8211; publi\u00e9 sur le site <a href=\"http:\/\/www.abel-formation.com\">www.abel-formation.com<\/a> et communiqu\u00e9 \u00e0 l\u2019apprenant par voie num\u00e9rique.<\/p>\n\n\n\n<ul class=\"wp-block-list gtfy-218\">\n<li class=\"gtfy-217 gutenify-list-item\">T\u00e9l\u00e9chargement : <a href=\"https:\/\/abel-formation.com\/www\/wp-content\/uploads\/2025\/05\/Reglement-interieur-2025.pdf\" target=\"_blank\" rel=\"noreferrer noopener\">ici<\/a> <img loading=\"lazy\" decoding=\"async\" width=\"16\" height=\"16\" class=\"wp-image-1123\" style=\"width: 16px;\" src=\"https:\/\/abel-formation.com\/www\/wp-content\/uploads\/2024\/03\/external_link_icon16.png\" alt=\"Lien vers une autre page\"><\/li>\n<\/ul>\n\n\n\n<p class=\"gutenify-section-c75afda0-68e6-11ee-bc3f-6f5bcb071e68 gtfy-221\">Mise \u00e0 jour le 28\/05\/2025<\/p>\n\n\n\n<p class=\"gtfy-224\"><\/p>\n","protected":false},"excerpt":{"rendered":"<p>En application des articles L. 6352-1 \u00e0 L. 6352-15 du Code du travail, Le pr\u00e9sent [&hellip;]<\/p>\n","protected":false},"author":1,"featured_media":0,"parent":0,"menu_order":0,"comment_status":"closed","ping_status":"closed","template":"","meta":{"footnotes":""},"class_list":["post-418","page","type-page","status-publish","hentry"],"yoast_head":"<!-- This site is optimized with the Yoast SEO plugin v27.4 - https:\/\/yoast.com\/product\/yoast-seo-wordpress\/ -->\n<title>R\u00e8glement int\u00e9rieur - Abel Formation<\/title>\n<meta name=\"description\" content=\"Consultez notre r\u00e8glement int\u00e9rieur des formations \u00e0 distance pour comprendre les directives essentielles qui garantissent une exp\u00e9rience d&#039;appren\" \/>\n<meta name=\"robots\" content=\"index, follow, max-snippet:-1, max-image-preview:large, max-video-preview:-1\" \/>\n<link rel=\"canonical\" href=\"https:\/\/abel-formation.com\/www\/reglement-interieur-formations-a-distance\/\" \/>\n<meta property=\"og:locale\" content=\"fr_FR\" \/>\n<meta property=\"og:type\" content=\"article\" \/>\n<meta property=\"og:title\" content=\"R\u00e8glement int\u00e9rieur - Abel Formation\" \/>\n<meta property=\"og:description\" content=\"Consultez notre r\u00e8glement int\u00e9rieur des formations \u00e0 distance pour comprendre les directives essentielles qui garantissent une exp\u00e9rience d&#039;appren\" \/>\n<meta property=\"og:url\" content=\"https:\/\/abel-formation.com\/www\/reglement-interieur-formations-a-distance\/\" \/>\n<meta property=\"og:site_name\" content=\"Abel Formation\" \/>\n<meta property=\"article:modified_time\" content=\"2025-05-28T12:23:42+00:00\" \/>\n<meta property=\"og:image\" content=\"https:\/\/abel-formation.com\/www\/wp-content\/uploads\/2024\/03\/external_link_icon16.png\" \/>\n\t<meta property=\"og:image:width\" content=\"16\" \/>\n\t<meta property=\"og:image:height\" content=\"16\" \/>\n\t<meta property=\"og:image:type\" content=\"image\/png\" \/>\n<meta name=\"twitter:card\" content=\"summary_large_image\" \/>\n<meta name=\"twitter:site\" content=\"@AbelFormation\" \/>\n<meta name=\"twitter:label1\" content=\"Dur\u00e9e de lecture estim\u00e9e\" \/>\n\t<meta name=\"twitter:data1\" content=\"5 minutes\" \/>\n<script type=\"application\/ld+json\" class=\"yoast-schema-graph\">{\"@context\":\"https:\\\/\\\/schema.org\",\"@graph\":[{\"@type\":\"WebPage\",\"@id\":\"https:\\\/\\\/abel-formation.com\\\/www\\\/reglement-interieur-formations-a-distance\\\/\",\"url\":\"https:\\\/\\\/abel-formation.com\\\/www\\\/reglement-interieur-formations-a-distance\\\/\",\"name\":\"R\u00e8glement int\u00e9rieur - Abel Formation\",\"isPartOf\":{\"@id\":\"https:\\\/\\\/abel-formation.com\\\/www\\\/#website\"},\"primaryImageOfPage\":{\"@id\":\"https:\\\/\\\/abel-formation.com\\\/www\\\/reglement-interieur-formations-a-distance\\\/#primaryimage\"},\"image\":{\"@id\":\"https:\\\/\\\/abel-formation.com\\\/www\\\/reglement-interieur-formations-a-distance\\\/#primaryimage\"},\"thumbnailUrl\":\"https:\\\/\\\/abel-formation.com\\\/www\\\/wp-content\\\/uploads\\\/2024\\\/03\\\/external_link_icon16.png\",\"datePublished\":\"2023-09-27T10:33:21+00:00\",\"dateModified\":\"2025-05-28T12:23:42+00:00\",\"description\":\"Consultez notre r\u00e8glement int\u00e9rieur des formations \u00e0 distance pour comprendre les directives essentielles qui garantissent une exp\u00e9rience d'apprentissage en ligne r\u00e9ussie.\",\"breadcrumb\":{\"@id\":\"https:\\\/\\\/abel-formation.com\\\/www\\\/reglement-interieur-formations-a-distance\\\/#breadcrumb\"},\"inLanguage\":\"fr-FR\",\"potentialAction\":[{\"@type\":\"ReadAction\",\"target\":[\"https:\\\/\\\/abel-formation.com\\\/www\\\/reglement-interieur-formations-a-distance\\\/\"]}]},{\"@type\":\"ImageObject\",\"inLanguage\":\"fr-FR\",\"@id\":\"https:\\\/\\\/abel-formation.com\\\/www\\\/reglement-interieur-formations-a-distance\\\/#primaryimage\",\"url\":\"https:\\\/\\\/abel-formation.com\\\/www\\\/wp-content\\\/uploads\\\/2024\\\/03\\\/external_link_icon16.png\",\"contentUrl\":\"https:\\\/\\\/abel-formation.com\\\/www\\\/wp-content\\\/uploads\\\/2024\\\/03\\\/external_link_icon16.png\",\"width\":16,\"height\":16,\"caption\":\"Lien vers une autre page\"},{\"@type\":\"BreadcrumbList\",\"@id\":\"https:\\\/\\\/abel-formation.com\\\/www\\\/reglement-interieur-formations-a-distance\\\/#breadcrumb\",\"itemListElement\":[{\"@type\":\"ListItem\",\"position\":1,\"name\":\"Accueil\",\"item\":\"https:\\\/\\\/abel-formation.com\\\/www\\\/\"},{\"@type\":\"ListItem\",\"position\":2,\"name\":\"R\u00e8glement int\u00e9rieur\"}]},{\"@type\":\"WebSite\",\"@id\":\"https:\\\/\\\/abel-formation.com\\\/www\\\/#website\",\"url\":\"https:\\\/\\\/abel-formation.com\\\/www\\\/\",\"name\":\"Abel Formation\",\"description\":\"Boostez votre anglais\",\"publisher\":{\"@id\":\"https:\\\/\\\/abel-formation.com\\\/www\\\/#organization\"},\"potentialAction\":[{\"@type\":\"SearchAction\",\"target\":{\"@type\":\"EntryPoint\",\"urlTemplate\":\"https:\\\/\\\/abel-formation.com\\\/www\\\/?s={search_term_string}\"},\"query-input\":{\"@type\":\"PropertyValueSpecification\",\"valueRequired\":true,\"valueName\":\"search_term_string\"}}],\"inLanguage\":\"fr-FR\"},{\"@type\":\"Organization\",\"@id\":\"https:\\\/\\\/abel-formation.com\\\/www\\\/#organization\",\"name\":\"Abel Formation\",\"alternateName\":\"Abel Formation\",\"url\":\"https:\\\/\\\/abel-formation.com\\\/www\\\/\",\"logo\":{\"@type\":\"ImageObject\",\"inLanguage\":\"fr-FR\",\"@id\":\"https:\\\/\\\/abel-formation.com\\\/www\\\/#\\\/schema\\\/logo\\\/image\\\/\",\"url\":\"https:\\\/\\\/abel-formation.com\\\/www\\\/wp-content\\\/uploads\\\/2023\\\/10\\\/PNG-Abel-logo_transparentRED-192-edited.png\",\"contentUrl\":\"https:\\\/\\\/abel-formation.com\\\/www\\\/wp-content\\\/uploads\\\/2023\\\/10\\\/PNG-Abel-logo_transparentRED-192-edited.png\",\"width\":181,\"height\":181,\"caption\":\"Abel Formation\"},\"image\":{\"@id\":\"https:\\\/\\\/abel-formation.com\\\/www\\\/#\\\/schema\\\/logo\\\/image\\\/\"},\"sameAs\":[\"https:\\\/\\\/x.com\\\/AbelFormation\",\"https:\\\/\\\/www.linkedin.com\\\/in\\\/bird-anthony-formations\\\/\"]}]}<\/script>\n<!-- \/ Yoast SEO plugin. -->","yoast_head_json":{"title":"R\u00e8glement int\u00e9rieur - Abel Formation","description":"Consultez notre r\u00e8glement int\u00e9rieur des formations \u00e0 distance pour comprendre les directives essentielles qui garantissent une exp\u00e9rience d'appren","robots":{"index":"index","follow":"follow","max-snippet":"max-snippet:-1","max-image-preview":"max-image-preview:large","max-video-preview":"max-video-preview:-1"},"canonical":"https:\/\/abel-formation.com\/www\/reglement-interieur-formations-a-distance\/","og_locale":"fr_FR","og_type":"article","og_title":"R\u00e8glement int\u00e9rieur - Abel Formation","og_description":"Consultez notre r\u00e8glement int\u00e9rieur des formations \u00e0 distance pour comprendre les directives essentielles qui garantissent une exp\u00e9rience d'appren","og_url":"https:\/\/abel-formation.com\/www\/reglement-interieur-formations-a-distance\/","og_site_name":"Abel Formation","article_modified_time":"2025-05-28T12:23:42+00:00","og_image":[{"width":16,"height":16,"url":"https:\/\/abel-formation.com\/www\/wp-content\/uploads\/2024\/03\/external_link_icon16.png","type":"image\/png"}],"twitter_card":"summary_large_image","twitter_site":"@AbelFormation","twitter_misc":{"Dur\u00e9e de lecture estim\u00e9e":"5 minutes"},"schema":{"@context":"https:\/\/schema.org","@graph":[{"@type":"WebPage","@id":"https:\/\/abel-formation.com\/www\/reglement-interieur-formations-a-distance\/","url":"https:\/\/abel-formation.com\/www\/reglement-interieur-formations-a-distance\/","name":"R\u00e8glement int\u00e9rieur - Abel Formation","isPartOf":{"@id":"https:\/\/abel-formation.com\/www\/#website"},"primaryImageOfPage":{"@id":"https:\/\/abel-formation.com\/www\/reglement-interieur-formations-a-distance\/#primaryimage"},"image":{"@id":"https:\/\/abel-formation.com\/www\/reglement-interieur-formations-a-distance\/#primaryimage"},"thumbnailUrl":"https:\/\/abel-formation.com\/www\/wp-content\/uploads\/2024\/03\/external_link_icon16.png","datePublished":"2023-09-27T10:33:21+00:00","dateModified":"2025-05-28T12:23:42+00:00","description":"Consultez notre r\u00e8glement int\u00e9rieur des formations \u00e0 distance pour comprendre les directives essentielles qui garantissent une exp\u00e9rience d'apprentissage en ligne r\u00e9ussie.","breadcrumb":{"@id":"https:\/\/abel-formation.com\/www\/reglement-interieur-formations-a-distance\/#breadcrumb"},"inLanguage":"fr-FR","potentialAction":[{"@type":"ReadAction","target":["https:\/\/abel-formation.com\/www\/reglement-interieur-formations-a-distance\/"]}]},{"@type":"ImageObject","inLanguage":"fr-FR","@id":"https:\/\/abel-formation.com\/www\/reglement-interieur-formations-a-distance\/#primaryimage","url":"https:\/\/abel-formation.com\/www\/wp-content\/uploads\/2024\/03\/external_link_icon16.png","contentUrl":"https:\/\/abel-formation.com\/www\/wp-content\/uploads\/2024\/03\/external_link_icon16.png","width":16,"height":16,"caption":"Lien vers une autre page"},{"@type":"BreadcrumbList","@id":"https:\/\/abel-formation.com\/www\/reglement-interieur-formations-a-distance\/#breadcrumb","itemListElement":[{"@type":"ListItem","position":1,"name":"Accueil","item":"https:\/\/abel-formation.com\/www\/"},{"@type":"ListItem","position":2,"name":"R\u00e8glement int\u00e9rieur"}]},{"@type":"WebSite","@id":"https:\/\/abel-formation.com\/www\/#website","url":"https:\/\/abel-formation.com\/www\/","name":"Abel Formation","description":"Boostez votre anglais","publisher":{"@id":"https:\/\/abel-formation.com\/www\/#organization"},"potentialAction":[{"@type":"SearchAction","target":{"@type":"EntryPoint","urlTemplate":"https:\/\/abel-formation.com\/www\/?s={search_term_string}"},"query-input":{"@type":"PropertyValueSpecification","valueRequired":true,"valueName":"search_term_string"}}],"inLanguage":"fr-FR"},{"@type":"Organization","@id":"https:\/\/abel-formation.com\/www\/#organization","name":"Abel Formation","alternateName":"Abel Formation","url":"https:\/\/abel-formation.com\/www\/","logo":{"@type":"ImageObject","inLanguage":"fr-FR","@id":"https:\/\/abel-formation.com\/www\/#\/schema\/logo\/image\/","url":"https:\/\/abel-formation.com\/www\/wp-content\/uploads\/2023\/10\/PNG-Abel-logo_transparentRED-192-edited.png","contentUrl":"https:\/\/abel-formation.com\/www\/wp-content\/uploads\/2023\/10\/PNG-Abel-logo_transparentRED-192-edited.png","width":181,"height":181,"caption":"Abel Formation"},"image":{"@id":"https:\/\/abel-formation.com\/www\/#\/schema\/logo\/image\/"},"sameAs":["https:\/\/x.com\/AbelFormation","https:\/\/www.linkedin.com\/in\/bird-anthony-formations\/"]}]}},"_links":{"self":[{"href":"https:\/\/abel-formation.com\/www\/wp-json\/wp\/v2\/pages\/418","targetHints":{"allow":["GET"]}}],"collection":[{"href":"https:\/\/abel-formation.com\/www\/wp-json\/wp\/v2\/pages"}],"about":[{"href":"https:\/\/abel-formation.com\/www\/wp-json\/wp\/v2\/types\/page"}],"author":[{"embeddable":true,"href":"https:\/\/abel-formation.com\/www\/wp-json\/wp\/v2\/users\/1"}],"replies":[{"embeddable":true,"href":"https:\/\/abel-formation.com\/www\/wp-json\/wp\/v2\/comments?post=418"}],"version-history":[{"count":12,"href":"https:\/\/abel-formation.com\/www\/wp-json\/wp\/v2\/pages\/418\/revisions"}],"predecessor-version":[{"id":2412,"href":"https:\/\/abel-formation.com\/www\/wp-json\/wp\/v2\/pages\/418\/revisions\/2412"}],"wp:attachment":[{"href":"https:\/\/abel-formation.com\/www\/wp-json\/wp\/v2\/media?parent=418"}],"curies":[{"name":"wp","href":"https:\/\/api.w.org\/{rel}","templated":true}]}}