{"id":3,"date":"2023-06-29T07:50:33","date_gmt":"2023-06-29T05:50:33","guid":{"rendered":"http:\/\/abel-formation.com\/www\/?page_id=3"},"modified":"2024-03-06T11:28:33","modified_gmt":"2024-03-06T10:28:33","slug":"politique-de-confidentialite","status":"publish","type":"page","link":"https:\/\/abel-formation.com\/www\/politique-de-confidentialite\/","title":{"rendered":"Politique de confidentialit\u00e9"},"content":{"rendered":"\n<h2 class=\"wp-block-heading gutenify-section-01ff1180-1667-11ee-8a79-190e13c1c165 gtfy-2\"><strong>Introduction<\/strong><\/h2>\n\n\n\n<p class=\"gutenify-section-01ff86b0-1667-11ee-8a79-190e13c1c165 gtfy-5\">Dans le cadre de son activit\u00e9, la soci\u00e9t\u00e9 ABEL Formation, dont le si\u00e8ge social est situ\u00e9 au 493, rue du Moncel 61150 Avoine France, est amen\u00e9e \u00e0 collecter et \u00e0 traiter des informations dont certaines sont qualifi\u00e9es de \u00ab\u00a0donn\u00e9es personnelles\u00a0\u00bb. ABEL Formation attache une grande importance au respect de la vie priv\u00e9e, et n\u2019utilise que des donnes de mani\u00e8re responsable et confidentielle et dans une finalit\u00e9 pr\u00e9cise.<\/p>\n\n\n\n<p class=\"gutenify-section-e720f4f0-641d-11ee-8b56-8bd07cede438 gtfy-8\"><\/p>\n\n\n\n<h2 class=\"wp-block-heading gutenify-section-01ffd4d0-1667-11ee-8a79-190e13c1c165 gtfy-11\"><strong>Donn\u00e9es personnelles<\/strong><\/h2>\n\n\n\n<p class=\"gutenify-section-8918f1e0-1667-11ee-8a79-190e13c1c165 gtfy-14\">Sur le site web www.abel-formation.com, il y a 2 types de donn\u00e9es susceptibles d\u2019\u00eatre recueillies :<\/p>\n\n\n\n<ul class=\"gutenify-section-891b14c0-1667-11ee-8a79-190e13c1c165 wp-block-list gtfy-19\">\n<li class=\"gutenify-section-89196710-1667-11ee-8a79-190e13c1c165 gtfy-17 gutenify-list-item\"><strong>Les donn\u00e9es transmises directement<\/strong><br>Ces donn\u00e9es sont celles que vous nous transmettez directement, via un formulaire de contact, votre abonnement \u00e0 notre newsletter ou bien par contact direct par courriel. Sont obligatoires dans le formulaire de contact le champs \u00ab pr\u00e9nom et nom \u00bb, et \u00ab courriel\u00bb.<\/li>\n\n\n\n<li class=\"gutenify-section-ebae1e30-641d-11ee-8b56-8bd07cede438 gtfy-18 gutenify-list-item\"><strong>Les donn\u00e9es collect\u00e9es automatiquement<\/strong><br>Lors de vos visites, une fois votre consentement donn\u00e9, nous pouvons recueillir des informations de type \u00ab web analytics \u00bb relatives \u00e0 votre navigation, la dur\u00e9e de votre consultation, votre adresse IP, votre type et version de navigateur. La technologie utilis\u00e9e est le cookie.<\/li>\n<\/ul>\n\n\n\n<p class=\"gutenify-section-f018f260-641d-11ee-8b56-8bd07cede438 gtfy-22\"><\/p>\n\n\n\n<h2 class=\"wp-block-heading gutenify-section-02007110-1667-11ee-8a79-190e13c1c165 gtfy-25\"><strong>Utilisation des donn\u00e9es<\/strong><\/h2>\n\n\n\n<p class=\"gutenify-section-0200bf30-1667-11ee-8a79-190e13c1c165 gtfy-28\">Les donn\u00e9es que vous nous transmettez directement sont utilis\u00e9es dans le but de vous recontacter et\/ou dans le cadre de la demande que vous nous faites. Les donn\u00e9es \u00ab web analytics \u00bb sont collect\u00e9es de forme anonyme (en enregistrant des adresses IP anonymes) par Google Analytics, et nous permettent de mesurer l&rsquo;audience de notre site web, les consultations et les \u00e9ventuelles erreurs afin d\u2019am\u00e9liorer constamment l\u2019exp\u00e9rience des utilisateurs. Ces donn\u00e9es sont utilis\u00e9es par ABEL Formation, responsable du traitement des donn\u00e9es, et ne seront jamais c\u00e9d\u00e9es \u00e0 un tiers ni utilis\u00e9es \u00e0 d\u2019autres fins que celles d\u00e9taill\u00e9es ci-dessus.<\/p>\n\n\n\n<p class=\"gutenify-section-f35e8070-641d-11ee-8b56-8bd07cede438 gtfy-31\"><\/p>\n\n\n\n<h2 class=\"wp-block-heading gutenify-section-02010d50-1667-11ee-8a79-190e13c1c165 gtfy-34\">Cookies<\/h2>\n\n\n\n<p class=\"gutenify-section-98c58c70-1667-11ee-8a79-190e13c1c165 gtfy-37\">Voici la liste des cookies utilis\u00e9es et leur objectif :<\/p>\n\n\n\n<ul class=\"gutenify-section-98c73a20-1667-11ee-8a79-190e13c1c165 wp-block-list gtfy-42\">\n<li class=\"gutenify-section-98c5da90-1667-11ee-8a79-190e13c1c165 gtfy-40 gutenify-list-item\">Cookies Google Analytics google.com, www.google.com: Web analytics<\/li>\n\n\n\n<li class=\"gutenify-section-98c628b0-1667-11ee-8a79-190e13c1c165 gtfy-41 gutenify-list-item\">abel-formation.com : Permet de garder en m\u00e9moire le fait que vous acceptez les cookies afin de ne plus vous importuner lors de votre prochaine visite.<\/li>\n<\/ul>\n\n\n\n<p class=\"gutenify-section-f5e32f80-641d-11ee-8b56-8bd07cede438 gtfy-45\"><\/p>\n\n\n\n<h2 class=\"wp-block-heading gutenify-section-02026ce0-1667-11ee-8a79-190e13c1c165 gtfy-48\"><strong>Base l\u00e9gale<\/strong><\/h2>\n\n\n\n<p class=\"gutenify-section-cfa53f60-1667-11ee-8a79-190e13c1c165 gtfy-51\">Les donn\u00e9es personnelles ne sont collect\u00e9es qu\u2019apr\u00e8s consentement obligatoire de l\u2019utilisateur. Ce consentement est valablement recueilli (boutons et cases \u00e0 cocher), libre, clair et sans \u00e9quivoque.<\/p>\n\n\n\n<p class=\"gutenify-section-f76dee30-641d-11ee-8b56-8bd07cede438 gtfy-54\"><\/p>\n\n\n\n<h2 class=\"wp-block-heading gutenify-section-02037e50-1667-11ee-8a79-190e13c1c165 gtfy-57\">Utilisation et transmission de vos donn\u00e9es personnelles<\/h2>\n\n\n\n<p class=\"gutenify-section-0203a560-1667-11ee-8a79-190e13c1c165 gtfy-60\">Si vous demandez une r\u00e9initialisation de votre mot de passe, votre adresse IP sera incluse dans l\u2019e-mail de r\u00e9initialisation.<\/p>\n\n\n\n<p class=\"gutenify-section-fe614200-641d-11ee-8b56-8bd07cede438 gtfy-63\"><\/p>\n\n\n\n<h2 class=\"wp-block-heading gutenify-section-0203f380-1667-11ee-8a79-190e13c1c165 gtfy-66\">Dur\u00e9es de stockage de vos donn\u00e9es<\/h2>\n\n\n\n<p class=\"gutenify-section-e220ff80-1667-11ee-8a79-190e13c1c165 gtfy-69\">Les donn\u00e9es seront sauvegard\u00e9es durant une dur\u00e9e maximale de 3 ans.<\/p>\n\n\n\n<p class=\"gutenify-section-ff5d0720-641d-11ee-8b56-8bd07cede438 gtfy-72\"><\/p>\n\n\n\n<h2 class=\"wp-block-heading gutenify-section-02048fc0-1667-11ee-8a79-190e13c1c165 gtfy-75\"><strong>Vos droits concernant les donn\u00e9es personnelles<\/strong><\/h2>\n\n\n\n<p class=\"gutenify-section-0204b6d0-1667-11ee-8a79-190e13c1c165 gtfy-78\">Si vous avez un compte ou si vous avez laiss\u00e9 des commentaires sur le site, vous pouvez demander \u00e0 recevoir un fichier contenant toutes les donn\u00e9es personnelles que nous poss\u00e9dons \u00e0 votre sujet, incluant celles que vous nous avez fournies. Vous pouvez \u00e9galement demander la suppression des donn\u00e9es personnelles vous concernant. Cela ne prend pas en compte les donn\u00e9es stock\u00e9es \u00e0 des fins administratives, l\u00e9gales ou pour des raisons de s\u00e9curit\u00e9. Vous pouvez vous d\u00e9sabonner \u00e0 notre newsletter en allant sur cette page : <a href=\"https:\/\/abel-formation.com\/www\/newsletter\/\">Newsletter &#8211; Abel Formation (abel-formation.com)<\/a> <img loading=\"lazy\" decoding=\"async\" width=\"16\" height=\"16\" class=\"wp-image-1123\" style=\"width: 16px;\" src=\"https:\/\/abel-formation.com\/www\/wp-content\/uploads\/2024\/03\/external_link_icon16.png\" alt=\"\"><\/p>\n\n\n\n<p class=\"gutenify-section-0116ec20-641e-11ee-8b56-8bd07cede438 gtfy-81\"><\/p>\n\n\n\n<h2 class=\"wp-block-heading gutenify-section-0204dde0-1667-11ee-8a79-190e13c1c165 gtfy-84\"><strong>Contact d\u00e9l\u00e9gu\u00e9 \u00e0 la protection des donn\u00e9es<\/strong><\/h2>\n\n\n\n<p class=\"gutenify-section-02052c00-1667-11ee-8a79-190e13c1c165 gtfy-87\"><strong>M. Anthony BIRD<\/strong> \u2013 anthony.bird@abel-formation.com<\/p>\n\n\n\n<p class=\"gutenify-section-640cc7b0-68e6-11ee-8737-65739009902a gtfy-90\">Mise \u00e0 jour le 12\/10\/2023<\/p>\n","protected":false},"excerpt":{"rendered":"<p>Introduction Dans le cadre de son activit\u00e9, la soci\u00e9t\u00e9 ABEL Formation, dont le si\u00e8ge social [&hellip;]<\/p>\n","protected":false},"author":1,"featured_media":0,"parent":0,"menu_order":0,"comment_status":"closed","ping_status":"open","template":"","meta":{"footnotes":""},"class_list":["post-3","page","type-page","status-publish","hentry"],"yoast_head":"<!-- This site is optimized with the Yoast SEO plugin v27.4 - https:\/\/yoast.com\/product\/yoast-seo-wordpress\/ -->\n<title>Politique de confidentialit\u00e9 - Abel Formation<\/title>\n<meta name=\"robots\" content=\"index, follow, max-snippet:-1, max-image-preview:large, max-video-preview:-1\" \/>\n<link rel=\"canonical\" href=\"https:\/\/abel-formation.com\/www\/politique-de-confidentialite\/\" \/>\n<meta property=\"og:locale\" content=\"fr_FR\" \/>\n<meta property=\"og:type\" content=\"article\" \/>\n<meta property=\"og:title\" content=\"Politique de confidentialit\u00e9 - Abel Formation\" \/>\n<meta property=\"og:description\" content=\"Introduction Dans le cadre de son activit\u00e9, la soci\u00e9t\u00e9 ABEL Formation, dont le si\u00e8ge social [&hellip;]\" \/>\n<meta property=\"og:url\" content=\"https:\/\/abel-formation.com\/www\/politique-de-confidentialite\/\" \/>\n<meta property=\"og:site_name\" content=\"Abel Formation\" \/>\n<meta property=\"article:modified_time\" content=\"2024-03-06T10:28:33+00:00\" \/>\n<meta property=\"og:image\" content=\"https:\/\/abel-formation.com\/www\/wp-content\/uploads\/2024\/03\/external_link_icon16.png\" \/>\n<meta name=\"twitter:card\" content=\"summary_large_image\" \/>\n<meta name=\"twitter:site\" content=\"@AbelFormation\" \/>\n<meta name=\"twitter:label1\" content=\"Dur\u00e9e de lecture estim\u00e9e\" \/>\n\t<meta name=\"twitter:data1\" content=\"3 minutes\" \/>\n<script type=\"application\/ld+json\" class=\"yoast-schema-graph\">{\"@context\":\"https:\\\/\\\/schema.org\",\"@graph\":[{\"@type\":\"WebPage\",\"@id\":\"https:\\\/\\\/abel-formation.com\\\/www\\\/politique-de-confidentialite\\\/\",\"url\":\"https:\\\/\\\/abel-formation.com\\\/www\\\/politique-de-confidentialite\\\/\",\"name\":\"Politique de confidentialit\u00e9 - Abel Formation\",\"isPartOf\":{\"@id\":\"https:\\\/\\\/abel-formation.com\\\/www\\\/#website\"},\"primaryImageOfPage\":{\"@id\":\"https:\\\/\\\/abel-formation.com\\\/www\\\/politique-de-confidentialite\\\/#primaryimage\"},\"image\":{\"@id\":\"https:\\\/\\\/abel-formation.com\\\/www\\\/politique-de-confidentialite\\\/#primaryimage\"},\"thumbnailUrl\":\"https:\\\/\\\/abel-formation.com\\\/www\\\/wp-content\\\/uploads\\\/2024\\\/03\\\/external_link_icon16.png\",\"datePublished\":\"2023-06-29T05:50:33+00:00\",\"dateModified\":\"2024-03-06T10:28:33+00:00\",\"breadcrumb\":{\"@id\":\"https:\\\/\\\/abel-formation.com\\\/www\\\/politique-de-confidentialite\\\/#breadcrumb\"},\"inLanguage\":\"fr-FR\",\"potentialAction\":[{\"@type\":\"ReadAction\",\"target\":[\"https:\\\/\\\/abel-formation.com\\\/www\\\/politique-de-confidentialite\\\/\"]}]},{\"@type\":\"ImageObject\",\"inLanguage\":\"fr-FR\",\"@id\":\"https:\\\/\\\/abel-formation.com\\\/www\\\/politique-de-confidentialite\\\/#primaryimage\",\"url\":\"https:\\\/\\\/abel-formation.com\\\/www\\\/wp-content\\\/uploads\\\/2024\\\/03\\\/external_link_icon16.png\",\"contentUrl\":\"https:\\\/\\\/abel-formation.com\\\/www\\\/wp-content\\\/uploads\\\/2024\\\/03\\\/external_link_icon16.png\",\"width\":16,\"height\":16,\"caption\":\"Lien vers une autre page\"},{\"@type\":\"BreadcrumbList\",\"@id\":\"https:\\\/\\\/abel-formation.com\\\/www\\\/politique-de-confidentialite\\\/#breadcrumb\",\"itemListElement\":[{\"@type\":\"ListItem\",\"position\":1,\"name\":\"Accueil\",\"item\":\"https:\\\/\\\/abel-formation.com\\\/www\\\/\"},{\"@type\":\"ListItem\",\"position\":2,\"name\":\"Politique de confidentialit\u00e9\"}]},{\"@type\":\"WebSite\",\"@id\":\"https:\\\/\\\/abel-formation.com\\\/www\\\/#website\",\"url\":\"https:\\\/\\\/abel-formation.com\\\/www\\\/\",\"name\":\"Abel Formation\",\"description\":\"Boostez votre anglais\",\"publisher\":{\"@id\":\"https:\\\/\\\/abel-formation.com\\\/www\\\/#organization\"},\"potentialAction\":[{\"@type\":\"SearchAction\",\"target\":{\"@type\":\"EntryPoint\",\"urlTemplate\":\"https:\\\/\\\/abel-formation.com\\\/www\\\/?s={search_term_string}\"},\"query-input\":{\"@type\":\"PropertyValueSpecification\",\"valueRequired\":true,\"valueName\":\"search_term_string\"}}],\"inLanguage\":\"fr-FR\"},{\"@type\":\"Organization\",\"@id\":\"https:\\\/\\\/abel-formation.com\\\/www\\\/#organization\",\"name\":\"Abel Formation\",\"alternateName\":\"Abel Formation\",\"url\":\"https:\\\/\\\/abel-formation.com\\\/www\\\/\",\"logo\":{\"@type\":\"ImageObject\",\"inLanguage\":\"fr-FR\",\"@id\":\"https:\\\/\\\/abel-formation.com\\\/www\\\/#\\\/schema\\\/logo\\\/image\\\/\",\"url\":\"https:\\\/\\\/abel-formation.com\\\/www\\\/wp-content\\\/uploads\\\/2023\\\/10\\\/PNG-Abel-logo_transparentRED-192-edited.png\",\"contentUrl\":\"https:\\\/\\\/abel-formation.com\\\/www\\\/wp-content\\\/uploads\\\/2023\\\/10\\\/PNG-Abel-logo_transparentRED-192-edited.png\",\"width\":181,\"height\":181,\"caption\":\"Abel Formation\"},\"image\":{\"@id\":\"https:\\\/\\\/abel-formation.com\\\/www\\\/#\\\/schema\\\/logo\\\/image\\\/\"},\"sameAs\":[\"https:\\\/\\\/x.com\\\/AbelFormation\",\"https:\\\/\\\/www.linkedin.com\\\/in\\\/bird-anthony-formations\\\/\"]}]}<\/script>\n<!-- \/ Yoast SEO plugin. -->","yoast_head_json":{"title":"Politique de confidentialit\u00e9 - Abel Formation","robots":{"index":"index","follow":"follow","max-snippet":"max-snippet:-1","max-image-preview":"max-image-preview:large","max-video-preview":"max-video-preview:-1"},"canonical":"https:\/\/abel-formation.com\/www\/politique-de-confidentialite\/","og_locale":"fr_FR","og_type":"article","og_title":"Politique de confidentialit\u00e9 - Abel Formation","og_description":"Introduction Dans le cadre de son activit\u00e9, la soci\u00e9t\u00e9 ABEL Formation, dont le si\u00e8ge social [&hellip;]","og_url":"https:\/\/abel-formation.com\/www\/politique-de-confidentialite\/","og_site_name":"Abel Formation","article_modified_time":"2024-03-06T10:28:33+00:00","og_image":[{"url":"https:\/\/abel-formation.com\/www\/wp-content\/uploads\/2024\/03\/external_link_icon16.png","type":"","width":"","height":""}],"twitter_card":"summary_large_image","twitter_site":"@AbelFormation","twitter_misc":{"Dur\u00e9e de lecture estim\u00e9e":"3 minutes"},"schema":{"@context":"https:\/\/schema.org","@graph":[{"@type":"WebPage","@id":"https:\/\/abel-formation.com\/www\/politique-de-confidentialite\/","url":"https:\/\/abel-formation.com\/www\/politique-de-confidentialite\/","name":"Politique de confidentialit\u00e9 - Abel Formation","isPartOf":{"@id":"https:\/\/abel-formation.com\/www\/#website"},"primaryImageOfPage":{"@id":"https:\/\/abel-formation.com\/www\/politique-de-confidentialite\/#primaryimage"},"image":{"@id":"https:\/\/abel-formation.com\/www\/politique-de-confidentialite\/#primaryimage"},"thumbnailUrl":"https:\/\/abel-formation.com\/www\/wp-content\/uploads\/2024\/03\/external_link_icon16.png","datePublished":"2023-06-29T05:50:33+00:00","dateModified":"2024-03-06T10:28:33+00:00","breadcrumb":{"@id":"https:\/\/abel-formation.com\/www\/politique-de-confidentialite\/#breadcrumb"},"inLanguage":"fr-FR","potentialAction":[{"@type":"ReadAction","target":["https:\/\/abel-formation.com\/www\/politique-de-confidentialite\/"]}]},{"@type":"ImageObject","inLanguage":"fr-FR","@id":"https:\/\/abel-formation.com\/www\/politique-de-confidentialite\/#primaryimage","url":"https:\/\/abel-formation.com\/www\/wp-content\/uploads\/2024\/03\/external_link_icon16.png","contentUrl":"https:\/\/abel-formation.com\/www\/wp-content\/uploads\/2024\/03\/external_link_icon16.png","width":16,"height":16,"caption":"Lien vers une autre page"},{"@type":"BreadcrumbList","@id":"https:\/\/abel-formation.com\/www\/politique-de-confidentialite\/#breadcrumb","itemListElement":[{"@type":"ListItem","position":1,"name":"Accueil","item":"https:\/\/abel-formation.com\/www\/"},{"@type":"ListItem","position":2,"name":"Politique de confidentialit\u00e9"}]},{"@type":"WebSite","@id":"https:\/\/abel-formation.com\/www\/#website","url":"https:\/\/abel-formation.com\/www\/","name":"Abel Formation","description":"Boostez votre anglais","publisher":{"@id":"https:\/\/abel-formation.com\/www\/#organization"},"potentialAction":[{"@type":"SearchAction","target":{"@type":"EntryPoint","urlTemplate":"https:\/\/abel-formation.com\/www\/?s={search_term_string}"},"query-input":{"@type":"PropertyValueSpecification","valueRequired":true,"valueName":"search_term_string"}}],"inLanguage":"fr-FR"},{"@type":"Organization","@id":"https:\/\/abel-formation.com\/www\/#organization","name":"Abel Formation","alternateName":"Abel Formation","url":"https:\/\/abel-formation.com\/www\/","logo":{"@type":"ImageObject","inLanguage":"fr-FR","@id":"https:\/\/abel-formation.com\/www\/#\/schema\/logo\/image\/","url":"https:\/\/abel-formation.com\/www\/wp-content\/uploads\/2023\/10\/PNG-Abel-logo_transparentRED-192-edited.png","contentUrl":"https:\/\/abel-formation.com\/www\/wp-content\/uploads\/2023\/10\/PNG-Abel-logo_transparentRED-192-edited.png","width":181,"height":181,"caption":"Abel Formation"},"image":{"@id":"https:\/\/abel-formation.com\/www\/#\/schema\/logo\/image\/"},"sameAs":["https:\/\/x.com\/AbelFormation","https:\/\/www.linkedin.com\/in\/bird-anthony-formations\/"]}]}},"_links":{"self":[{"href":"https:\/\/abel-formation.com\/www\/wp-json\/wp\/v2\/pages\/3","targetHints":{"allow":["GET"]}}],"collection":[{"href":"https:\/\/abel-formation.com\/www\/wp-json\/wp\/v2\/pages"}],"about":[{"href":"https:\/\/abel-formation.com\/www\/wp-json\/wp\/v2\/types\/page"}],"author":[{"embeddable":true,"href":"https:\/\/abel-formation.com\/www\/wp-json\/wp\/v2\/users\/1"}],"replies":[{"embeddable":true,"href":"https:\/\/abel-formation.com\/www\/wp-json\/wp\/v2\/comments?post=3"}],"version-history":[{"count":8,"href":"https:\/\/abel-formation.com\/www\/wp-json\/wp\/v2\/pages\/3\/revisions"}],"predecessor-version":[{"id":1146,"href":"https:\/\/abel-formation.com\/www\/wp-json\/wp\/v2\/pages\/3\/revisions\/1146"}],"wp:attachment":[{"href":"https:\/\/abel-formation.com\/www\/wp-json\/wp\/v2\/media?parent=3"}],"curies":[{"name":"wp","href":"https:\/\/api.w.org\/{rel}","templated":true}]}}