{"id":278,"date":"2023-08-24T14:54:20","date_gmt":"2023-08-24T12:54:20","guid":{"rendered":"https:\/\/abel-formation.com\/www\/?page_id=278"},"modified":"2024-06-28T17:50:27","modified_gmt":"2024-06-28T15:50:27","slug":"test-de-niveau","status":"publish","type":"page","link":"https:\/\/abel-formation.com\/www\/test-de-niveau\/","title":{"rendered":"Test de niveau"},"content":{"rendered":"\n<figure class=\"wp-block-image aligncenter size-full gutenify-section-25ee8d40-427d-11ee-88b4-6fa272361a1e gtfy-2\"><img loading=\"lazy\" decoding=\"async\" width=\"2079\" height=\"1386\" src=\"https:\/\/abel-formation.com\/www\/wp-content\/uploads\/2023\/10\/Aprendre-en-ligne.jpg\" alt=\"Abel Formation femme en train d'apprendre anglais en ligne\" class=\"wp-image-495\" srcset=\"https:\/\/abel-formation.com\/www\/wp-content\/uploads\/2023\/10\/Aprendre-en-ligne.jpg 2079w, https:\/\/abel-formation.com\/www\/wp-content\/uploads\/2023\/10\/Aprendre-en-ligne-600x400.jpg 600w, https:\/\/abel-formation.com\/www\/wp-content\/uploads\/2023\/10\/Aprendre-en-ligne-1024x683.jpg 1024w, https:\/\/abel-formation.com\/www\/wp-content\/uploads\/2023\/10\/Aprendre-en-ligne-768x512.jpg 768w, https:\/\/abel-formation.com\/www\/wp-content\/uploads\/2023\/10\/Aprendre-en-ligne-1536x1024.jpg 1536w, https:\/\/abel-formation.com\/www\/wp-content\/uploads\/2023\/10\/Aprendre-en-ligne-2048x1365.jpg 2048w\" sizes=\"auto, (max-width: 2079px) 100vw, 2079px\" \/><\/figure>\n\n\n\n<p class=\"gutenify-section-1c764070-4276-11ee-9790-3d8079b330b7 gtfy-5\">\u00c9valuez votre niveau d&rsquo;anglais gratuitement. En cliquant sur le bouton \u00ab\u00a0commencer\u00a0\u00bb, vous serez dirig\u00e9 vers Microsoft Forms. Le test durera environ 30 minutes. \u00c0 la conclusion du test, vous pouvez consulter votre r\u00e9sultat en cliquant sur le bouton \u00ab\u00a0Afficher les r\u00e9sultats\u00a0\u00bb. Votre score sur 100 sera pr\u00e9sent\u00e9 aux c\u00f4t\u00e9s de vos r\u00e9ponses. Le test est divis\u00e9 en 4 parties.<\/p>\n\n\n\n<p class=\"gutenify-section-b42547a0-426b-11ee-9790-3d8079b330b7 gtfy-8\"><\/p>\n\n\n\n<h2 class=\"wp-block-heading gutenify-section-43ab90d0-4278-11ee-9790-3d8079b330b7 gtfy-11\">Equivalence <a href=\"https:\/\/www.coe.int\/fr\/web\/common-european-framework-reference-languages\/level-descriptions\" target=\"_blank\" rel=\"noreferrer noopener nofollow\">CECR<\/a> &#8211; <a href=\"https:\/\/www.coe.int\/fr\/web\/common-european-framework-reference-languages\/level-descriptions\" target=\"_blank\" rel=\"noreferrer noopener nofollow\">Cadre europ\u00e9en commun de r\u00e9f\u00e9rence<\/a><\/h2>\n\n\n\n<figure class=\"wp-block-table is-style-stripes gutenify-section-4c1b8470-4276-11ee-9790-3d8079b330b7 gtfy-14\"><table class=\"has-background-secondary-dark-background-color has-background\"><tbody><tr><td>Score sur le test<\/td><td>10-20<\/td><td>25-40<\/td><td>45-60<\/td><td>65-80<\/td><td>85-95<\/td><td>98-100<\/td><\/tr><tr><td>Equivalence CECR<\/td><td>  A1<\/td><td>   A2<\/td><td>    B1<\/td><td>   B2<\/td><td>    C1<\/td><td>   C2<\/td><\/tr><\/tbody><\/table><figcaption class=\"wp-element-caption\">Tableau d&rsquo;\u00e9quivalence estim\u00e9e entre le CECR et le score du test en ligne &#8211; <a href=\"https:\/\/abel-formation.com\/www\/wp-content\/uploads\/2023\/08\/Niveaux-CECRL.pdf\" target=\"_blank\" rel=\"noreferrer noopener nofollow\">t\u00e9l\u00e9charger les niveaux au formats PDF<\/a> <img loading=\"lazy\" decoding=\"async\" width=\"16\" height=\"16\" class=\"wp-image-1123\" style=\"width: 16px;\" src=\"https:\/\/abel-formation.com\/www\/wp-content\/uploads\/2024\/03\/external_link_icon16.png\" alt=\"\"><\/figcaption><\/figure>\n\n\n\n<div class=\"wp-block-buttons gutenify-section-ee2bee00-4274-11ee-9790-3d8079b330b7 is-content-justification-center is-layout-flex wp-container-core-buttons-is-layout-a89b3969 wp-block-buttons-is-layout-flex gtfy-18\">\n<div class=\"wp-block-button has-custom-width wp-block-button__width-50 has-custom-font-size is-style-fill has-medium-font-size gutenify-section-ee467ae0-4274-11ee-9790-3d8079b330b7 gtfy-17\" id=\"testenligne\"><a class=\"wp-block-button__link wp-element-button\" href=\"https:\/\/forms.office.com\/r\/c26Gz9Rymh\" style=\"padding-top:var(--wp--preset--spacing--30);padding-bottom:var(--wp--preset--spacing--30)\" target=\"_blank\" rel=\"noreferrer noopener\">Commencer<\/a><\/div>\n<\/div>\n\n\n\n<p class=\"has-small-font-size gutenify-section-1d3e0e30-427f-11ee-a247-df5491165fa1 gtfy-21\"><a href=\"https:\/\/www.freepik.com\/free-photo\/young-handsome-surprised-confident-businessman-sitting-table-working-laptop-with-cup-coffee-aside-smiling-white-modern-office-interior_8083474.htm#query=happy%20person%20computer&amp;position=4&amp;from_view=search&amp;track=ais\" target=\"_blank\" rel=\"noreferrer noopener\">Image by cookie_studio<\/a> on Freepik<\/p>\n","protected":false},"excerpt":{"rendered":"<p>\u00c9valuez votre niveau d&rsquo;anglais gratuitement. En cliquant sur le bouton \u00ab\u00a0commencer\u00a0\u00bb, vous serez dirig\u00e9 vers [&hellip;]<\/p>\n","protected":false},"author":1,"featured_media":0,"parent":0,"menu_order":0,"comment_status":"closed","ping_status":"closed","template":"","meta":{"footnotes":""},"class_list":["post-278","page","type-page","status-publish","hentry"],"yoast_head":"<!-- This site is optimized with the Yoast SEO plugin v27.4 - https:\/\/yoast.com\/product\/yoast-seo-wordpress\/ -->\n<title>Test de niveau - Abel Formation<\/title>\n<meta name=\"description\" content=\"Testez votre niveau d&#039;anglais gratuitement.\" \/>\n<meta name=\"robots\" content=\"index, follow, max-snippet:-1, max-image-preview:large, max-video-preview:-1\" \/>\n<link rel=\"canonical\" href=\"https:\/\/abel-formation.com\/www\/test-de-niveau\/\" \/>\n<meta property=\"og:locale\" content=\"fr_FR\" \/>\n<meta property=\"og:type\" content=\"article\" \/>\n<meta property=\"og:title\" content=\"Test de niveau - Abel Formation\" \/>\n<meta property=\"og:description\" content=\"Testez votre niveau d&#039;anglais gratuitement.\" \/>\n<meta property=\"og:url\" content=\"https:\/\/abel-formation.com\/www\/test-de-niveau\/\" \/>\n<meta property=\"og:site_name\" content=\"Abel Formation\" \/>\n<meta property=\"article:modified_time\" content=\"2024-06-28T15:50:27+00:00\" \/>\n<meta property=\"og:image\" content=\"https:\/\/abel-formation.com\/www\/wp-content\/uploads\/2023\/10\/Aprendre-en-ligne.jpg\" \/>\n<meta name=\"twitter:card\" content=\"summary_large_image\" \/>\n<meta name=\"twitter:site\" content=\"@AbelFormation\" \/>\n<meta name=\"twitter:label1\" content=\"Dur\u00e9e de lecture estim\u00e9e\" \/>\n\t<meta name=\"twitter:data1\" content=\"1 minute\" \/>\n<script type=\"application\/ld+json\" class=\"yoast-schema-graph\">{\"@context\":\"https:\\\/\\\/schema.org\",\"@graph\":[{\"@type\":\"WebPage\",\"@id\":\"https:\\\/\\\/abel-formation.com\\\/www\\\/test-de-niveau\\\/\",\"url\":\"https:\\\/\\\/abel-formation.com\\\/www\\\/test-de-niveau\\\/\",\"name\":\"Test de niveau - Abel Formation\",\"isPartOf\":{\"@id\":\"https:\\\/\\\/abel-formation.com\\\/www\\\/#website\"},\"primaryImageOfPage\":{\"@id\":\"https:\\\/\\\/abel-formation.com\\\/www\\\/test-de-niveau\\\/#primaryimage\"},\"image\":{\"@id\":\"https:\\\/\\\/abel-formation.com\\\/www\\\/test-de-niveau\\\/#primaryimage\"},\"thumbnailUrl\":\"https:\\\/\\\/abel-formation.com\\\/www\\\/wp-content\\\/uploads\\\/2023\\\/10\\\/Aprendre-en-ligne.jpg\",\"datePublished\":\"2023-08-24T12:54:20+00:00\",\"dateModified\":\"2024-06-28T15:50:27+00:00\",\"description\":\"Testez votre niveau d'anglais gratuitement.\",\"breadcrumb\":{\"@id\":\"https:\\\/\\\/abel-formation.com\\\/www\\\/test-de-niveau\\\/#breadcrumb\"},\"inLanguage\":\"fr-FR\",\"potentialAction\":[{\"@type\":\"ReadAction\",\"target\":[\"https:\\\/\\\/abel-formation.com\\\/www\\\/test-de-niveau\\\/\"]}]},{\"@type\":\"ImageObject\",\"inLanguage\":\"fr-FR\",\"@id\":\"https:\\\/\\\/abel-formation.com\\\/www\\\/test-de-niveau\\\/#primaryimage\",\"url\":\"https:\\\/\\\/abel-formation.com\\\/www\\\/wp-content\\\/uploads\\\/2023\\\/10\\\/Aprendre-en-ligne.jpg\",\"contentUrl\":\"https:\\\/\\\/abel-formation.com\\\/www\\\/wp-content\\\/uploads\\\/2023\\\/10\\\/Aprendre-en-ligne.jpg\",\"width\":2079,\"height\":1386,\"caption\":\"Abel Formation femme en train d'apprendre anglais en ligne\"},{\"@type\":\"BreadcrumbList\",\"@id\":\"https:\\\/\\\/abel-formation.com\\\/www\\\/test-de-niveau\\\/#breadcrumb\",\"itemListElement\":[{\"@type\":\"ListItem\",\"position\":1,\"name\":\"Accueil\",\"item\":\"https:\\\/\\\/abel-formation.com\\\/www\\\/\"},{\"@type\":\"ListItem\",\"position\":2,\"name\":\"Test de niveau\"}]},{\"@type\":\"WebSite\",\"@id\":\"https:\\\/\\\/abel-formation.com\\\/www\\\/#website\",\"url\":\"https:\\\/\\\/abel-formation.com\\\/www\\\/\",\"name\":\"Abel Formation\",\"description\":\"Boostez votre anglais\",\"publisher\":{\"@id\":\"https:\\\/\\\/abel-formation.com\\\/www\\\/#organization\"},\"potentialAction\":[{\"@type\":\"SearchAction\",\"target\":{\"@type\":\"EntryPoint\",\"urlTemplate\":\"https:\\\/\\\/abel-formation.com\\\/www\\\/?s={search_term_string}\"},\"query-input\":{\"@type\":\"PropertyValueSpecification\",\"valueRequired\":true,\"valueName\":\"search_term_string\"}}],\"inLanguage\":\"fr-FR\"},{\"@type\":\"Organization\",\"@id\":\"https:\\\/\\\/abel-formation.com\\\/www\\\/#organization\",\"name\":\"Abel Formation\",\"alternateName\":\"Abel Formation\",\"url\":\"https:\\\/\\\/abel-formation.com\\\/www\\\/\",\"logo\":{\"@type\":\"ImageObject\",\"inLanguage\":\"fr-FR\",\"@id\":\"https:\\\/\\\/abel-formation.com\\\/www\\\/#\\\/schema\\\/logo\\\/image\\\/\",\"url\":\"https:\\\/\\\/abel-formation.com\\\/www\\\/wp-content\\\/uploads\\\/2023\\\/10\\\/PNG-Abel-logo_transparentRED-192-edited.png\",\"contentUrl\":\"https:\\\/\\\/abel-formation.com\\\/www\\\/wp-content\\\/uploads\\\/2023\\\/10\\\/PNG-Abel-logo_transparentRED-192-edited.png\",\"width\":181,\"height\":181,\"caption\":\"Abel Formation\"},\"image\":{\"@id\":\"https:\\\/\\\/abel-formation.com\\\/www\\\/#\\\/schema\\\/logo\\\/image\\\/\"},\"sameAs\":[\"https:\\\/\\\/x.com\\\/AbelFormation\",\"https:\\\/\\\/www.linkedin.com\\\/in\\\/bird-anthony-formations\\\/\"]}]}<\/script>\n<!-- \/ Yoast SEO plugin. -->","yoast_head_json":{"title":"Test de niveau - Abel Formation","description":"Testez votre niveau d'anglais gratuitement.","robots":{"index":"index","follow":"follow","max-snippet":"max-snippet:-1","max-image-preview":"max-image-preview:large","max-video-preview":"max-video-preview:-1"},"canonical":"https:\/\/abel-formation.com\/www\/test-de-niveau\/","og_locale":"fr_FR","og_type":"article","og_title":"Test de niveau - Abel Formation","og_description":"Testez votre niveau d'anglais gratuitement.","og_url":"https:\/\/abel-formation.com\/www\/test-de-niveau\/","og_site_name":"Abel Formation","article_modified_time":"2024-06-28T15:50:27+00:00","og_image":[{"url":"https:\/\/abel-formation.com\/www\/wp-content\/uploads\/2023\/10\/Aprendre-en-ligne.jpg","type":"","width":"","height":""}],"twitter_card":"summary_large_image","twitter_site":"@AbelFormation","twitter_misc":{"Dur\u00e9e de lecture estim\u00e9e":"1 minute"},"schema":{"@context":"https:\/\/schema.org","@graph":[{"@type":"WebPage","@id":"https:\/\/abel-formation.com\/www\/test-de-niveau\/","url":"https:\/\/abel-formation.com\/www\/test-de-niveau\/","name":"Test de niveau - Abel Formation","isPartOf":{"@id":"https:\/\/abel-formation.com\/www\/#website"},"primaryImageOfPage":{"@id":"https:\/\/abel-formation.com\/www\/test-de-niveau\/#primaryimage"},"image":{"@id":"https:\/\/abel-formation.com\/www\/test-de-niveau\/#primaryimage"},"thumbnailUrl":"https:\/\/abel-formation.com\/www\/wp-content\/uploads\/2023\/10\/Aprendre-en-ligne.jpg","datePublished":"2023-08-24T12:54:20+00:00","dateModified":"2024-06-28T15:50:27+00:00","description":"Testez votre niveau d'anglais gratuitement.","breadcrumb":{"@id":"https:\/\/abel-formation.com\/www\/test-de-niveau\/#breadcrumb"},"inLanguage":"fr-FR","potentialAction":[{"@type":"ReadAction","target":["https:\/\/abel-formation.com\/www\/test-de-niveau\/"]}]},{"@type":"ImageObject","inLanguage":"fr-FR","@id":"https:\/\/abel-formation.com\/www\/test-de-niveau\/#primaryimage","url":"https:\/\/abel-formation.com\/www\/wp-content\/uploads\/2023\/10\/Aprendre-en-ligne.jpg","contentUrl":"https:\/\/abel-formation.com\/www\/wp-content\/uploads\/2023\/10\/Aprendre-en-ligne.jpg","width":2079,"height":1386,"caption":"Abel Formation femme en train d'apprendre anglais en ligne"},{"@type":"BreadcrumbList","@id":"https:\/\/abel-formation.com\/www\/test-de-niveau\/#breadcrumb","itemListElement":[{"@type":"ListItem","position":1,"name":"Accueil","item":"https:\/\/abel-formation.com\/www\/"},{"@type":"ListItem","position":2,"name":"Test de niveau"}]},{"@type":"WebSite","@id":"https:\/\/abel-formation.com\/www\/#website","url":"https:\/\/abel-formation.com\/www\/","name":"Abel Formation","description":"Boostez votre anglais","publisher":{"@id":"https:\/\/abel-formation.com\/www\/#organization"},"potentialAction":[{"@type":"SearchAction","target":{"@type":"EntryPoint","urlTemplate":"https:\/\/abel-formation.com\/www\/?s={search_term_string}"},"query-input":{"@type":"PropertyValueSpecification","valueRequired":true,"valueName":"search_term_string"}}],"inLanguage":"fr-FR"},{"@type":"Organization","@id":"https:\/\/abel-formation.com\/www\/#organization","name":"Abel Formation","alternateName":"Abel Formation","url":"https:\/\/abel-formation.com\/www\/","logo":{"@type":"ImageObject","inLanguage":"fr-FR","@id":"https:\/\/abel-formation.com\/www\/#\/schema\/logo\/image\/","url":"https:\/\/abel-formation.com\/www\/wp-content\/uploads\/2023\/10\/PNG-Abel-logo_transparentRED-192-edited.png","contentUrl":"https:\/\/abel-formation.com\/www\/wp-content\/uploads\/2023\/10\/PNG-Abel-logo_transparentRED-192-edited.png","width":181,"height":181,"caption":"Abel Formation"},"image":{"@id":"https:\/\/abel-formation.com\/www\/#\/schema\/logo\/image\/"},"sameAs":["https:\/\/x.com\/AbelFormation","https:\/\/www.linkedin.com\/in\/bird-anthony-formations\/"]}]}},"_links":{"self":[{"href":"https:\/\/abel-formation.com\/www\/wp-json\/wp\/v2\/pages\/278","targetHints":{"allow":["GET"]}}],"collection":[{"href":"https:\/\/abel-formation.com\/www\/wp-json\/wp\/v2\/pages"}],"about":[{"href":"https:\/\/abel-formation.com\/www\/wp-json\/wp\/v2\/types\/page"}],"author":[{"embeddable":true,"href":"https:\/\/abel-formation.com\/www\/wp-json\/wp\/v2\/users\/1"}],"replies":[{"embeddable":true,"href":"https:\/\/abel-formation.com\/www\/wp-json\/wp\/v2\/comments?post=278"}],"version-history":[{"count":34,"href":"https:\/\/abel-formation.com\/www\/wp-json\/wp\/v2\/pages\/278\/revisions"}],"predecessor-version":[{"id":2067,"href":"https:\/\/abel-formation.com\/www\/wp-json\/wp\/v2\/pages\/278\/revisions\/2067"}],"wp:attachment":[{"href":"https:\/\/abel-formation.com\/www\/wp-json\/wp\/v2\/media?parent=278"}],"curies":[{"name":"wp","href":"https:\/\/api.w.org\/{rel}","templated":true}]}}