{"id":2347,"date":"2025-03-28T13:15:35","date_gmt":"2025-03-28T12:15:35","guid":{"rendered":"https:\/\/abel-formation.com\/www\/?page_id=2347"},"modified":"2025-09-16T08:44:25","modified_gmt":"2025-09-16T06:44:25","slug":"vtest-4-skills","status":"publish","type":"page","link":"https:\/\/abel-formation.com\/www\/vtest-4-skills\/","title":{"rendered":"VTest Business English 4 Skills"},"content":{"rendered":"\n<h2 class=\"wp-block-heading gtfy-2\"><a href=\"https:\/\/www.francecompetences.fr\/recherche\/rs\/6905\/\" target=\"_blank\" rel=\"noreferrer noopener\">France Comp\u00e9tences<\/a> RS6905 &#8211; Certification \u00e9ligible au compte personnel de formation depuis le 27 novembre 2024.<\/h2>\n\n\n\n<div class=\"wp-block-columns is-layout-flex wp-container-core-columns-is-layout-28f84493 wp-block-columns-is-layout-flex gtfy-7\">\n<div class=\"wp-block-column is-layout-flow wp-block-column-is-layout-flow gtfy-6\">\n<figure data-aos-duration=\"1000\" data-aos=\"slide-up\" class=\"wp-block-image aligncenter size-large gtfy-5\"><img loading=\"lazy\" decoding=\"async\" width=\"1024\" height=\"576\" src=\"https:\/\/abel-formation.com\/www\/wp-content\/uploads\/2025\/03\/Certificat-de-Centre-de-test-autorise-VTest-Business-English-4skills-FR-1-1024x576.jpg\" alt=\"Abel Formation centre de test autoris\u00e9 CPF Burlington Vtest\" class=\"wp-image-2330\" srcset=\"https:\/\/abel-formation.com\/www\/wp-content\/uploads\/2025\/03\/Certificat-de-Centre-de-test-autorise-VTest-Business-English-4skills-FR-1-1024x576.jpg 1024w, https:\/\/abel-formation.com\/www\/wp-content\/uploads\/2025\/03\/Certificat-de-Centre-de-test-autorise-VTest-Business-English-4skills-FR-1-600x338.jpg 600w, https:\/\/abel-formation.com\/www\/wp-content\/uploads\/2025\/03\/Certificat-de-Centre-de-test-autorise-VTest-Business-English-4skills-FR-1-768x432.jpg 768w, https:\/\/abel-formation.com\/www\/wp-content\/uploads\/2025\/03\/Certificat-de-Centre-de-test-autorise-VTest-Business-English-4skills-FR-1-1536x864.jpg 1536w, https:\/\/abel-formation.com\/www\/wp-content\/uploads\/2025\/03\/Certificat-de-Centre-de-test-autorise-VTest-Business-English-4skills-FR-1.jpg 1920w\" sizes=\"auto, (max-width: 1024px) 100vw, 1024px\" \/><\/figure>\n<\/div>\n<\/div>\n\n\n\n<p class=\"gtfy-10\">Le test <strong><a href=\"https:\/\/vtest-france.exassess.com\/\" target=\"_blank\" rel=\"noreferrer noopener\">VTest Business English &#8211; 4 Skills<\/a><\/strong> <img loading=\"lazy\" decoding=\"async\" width=\"16\" height=\"16\" class=\"wp-image-1123\" style=\"width: 16px;\" src=\"https:\/\/abel-formation.com\/www\/wp-content\/uploads\/2024\/03\/external_link_icon16.png\" alt=\"Lien vers une autre page\"> \u00e9value les comp\u00e9tences en anglais professionnel selon l\u2019\u00e9chelle du Cadre Europ\u00e9en Commun de R\u00e9f\u00e9rence pour les Langues (CECRL), allant du niveau A2 au niveau C2. Il s\u2019adresse \u00e0 ceux qui souhaitent certifier leurs comp\u00e9tences en anglais dans un contexte professionnel, quel que soit leur domaine d\u2019activit\u00e9.<\/p>\n\n\n\n<div class=\"wp-block-columns is-layout-flex wp-container-core-columns-is-layout-28f84493 wp-block-columns-is-layout-flex gtfy-15\">\n<div class=\"wp-block-column is-layout-flow wp-block-column-is-layout-flow gtfy-14\">\n<figure data-aos-duration=\"1000\" data-aos=\"slide-up\" class=\"wp-block-image aligncenter size-full gtfy-13\"><img loading=\"lazy\" decoding=\"async\" width=\"600\" height=\"446\" src=\"https:\/\/abel-formation.com\/www\/wp-content\/uploads\/2024\/02\/Where-you-like-600.jpg\" alt=\"Homme travaillant tranquillment sur Abel Formation en ligne\" class=\"wp-image-1024\" srcset=\"https:\/\/abel-formation.com\/www\/wp-content\/uploads\/2024\/02\/Where-you-like-600.jpg 600w, https:\/\/abel-formation.com\/www\/wp-content\/uploads\/2024\/02\/Where-you-like-600-538x400.jpg 538w\" sizes=\"auto, (max-width: 600px) 100vw, 600px\" \/><\/figure>\n<\/div>\n<\/div>\n\n\n\n<p class=\"gtfy-18\"><strong>Dur\u00e9e moyenne du test :<\/strong> 60 minutes (en fonction du niveau du candidat).<\/p>\n\n\n\n<div class=\"wp-block-columns is-layout-flex wp-container-core-columns-is-layout-28f84493 wp-block-columns-is-layout-flex gtfy-30\">\n<div class=\"wp-block-column is-layout-flow wp-block-column-is-layout-flow gtfy-25\">\n<p class=\"gtfy-21\"><strong>Acc\u00e8s au test<\/strong> : <\/p>\n\n\n\n<ul class=\"wp-block-list gtfy-24\">\n<li class=\"gtfy-22 gutenify-list-item\">Le test est r\u00e9alis\u00e9 en ligne via un ordinateur, une tablette ou un smartphone 24\/24.<\/li>\n\n\n\n<li class=\"gtfy-23 gutenify-list-item\">L\u2019acc\u00e8s se fait via un code unique adress\u00e9 par email ou remis au candidat.<\/li>\n<\/ul>\n<\/div>\n\n\n\n<div class=\"wp-block-column is-layout-flow wp-block-column-is-layout-flow gtfy-29\">\n<p class=\"gtfy-26\"><strong>Modalit\u00e9s de passation : <\/strong><\/p>\n\n\n\n<ul class=\"wp-block-list gtfy-28\">\n<li class=\"gtfy-27 gutenify-list-item\">De n\u2019importe quel endroit calme en mode surveill\u00e9 sans prise de rendez-vous pr\u00e9alable.<\/li>\n<\/ul>\n<\/div>\n<\/div>\n\n\n\n<div class=\"wp-block-columns are-vertically-aligned-center is-layout-flex wp-container-core-columns-is-layout-28f84493 wp-block-columns-is-layout-flex gtfy-40\">\n<div class=\"wp-block-column is-vertically-aligned-center is-layout-flow wp-block-column-is-layout-flow gtfy-37\">\n<p class=\"gtfy-33\"><strong>Informations g\u00e9n\u00e9rales : <\/strong><\/p>\n\n\n\n<ul class=\"wp-block-list gtfy-36\">\n<li class=\"gtfy-34 gutenify-list-item\">Le test est intuitif et adaptatif, et avance par \u00e9tapes \u00e9voluant du niveau A2 \u00e0 C2, et se termine lorsque le candidat atteint son niveau maximal.<\/li>\n\n\n\n<li class=\"gtfy-35 gutenify-list-item\">Chaque activit\u00e9 dispose d\u2019un temps limit\u00e9 de r\u00e9ponse. Le candidat est inform\u00e9 gr\u00e2ce \u00e0 une barre de temps et un compteur num\u00e9rique. Il n&rsquo;y a pas de p\u00e9nalit\u00e9 pour les mauvaises r\u00e9ponses.<\/li>\n<\/ul>\n<\/div>\n\n\n\n<div class=\"wp-block-column is-vertically-aligned-center is-layout-flow wp-block-column-is-layout-flow gtfy-39\">\n<figure data-aos-duration=\"1000\" data-aos=\"slide-up\" class=\"wp-block-image aligncenter size-full gtfy-38\"><img loading=\"lazy\" decoding=\"async\" width=\"700\" height=\"467\" src=\"https:\/\/abel-formation.com\/www\/wp-content\/uploads\/2024\/05\/Abel-Formation-Parcours-700.jpeg\" alt=\"Abel Formation Parcours de formation personnalis\u00e9\" class=\"wp-image-1981\" srcset=\"https:\/\/abel-formation.com\/www\/wp-content\/uploads\/2024\/05\/Abel-Formation-Parcours-700.jpeg 700w, https:\/\/abel-formation.com\/www\/wp-content\/uploads\/2024\/05\/Abel-Formation-Parcours-700-600x400.jpeg 600w\" sizes=\"auto, (max-width: 700px) 100vw, 700px\" \/><\/figure>\n<\/div>\n<\/div>\n\n\n\n<div style=\"height:100px\" aria-hidden=\"true\" class=\"wp-block-spacer gtfy-43\"><\/div>\n\n\n\n<div class=\"wp-block-columns is-layout-flex wp-container-core-columns-is-layout-28f84493 wp-block-columns-is-layout-flex gtfy-54\">\n<div class=\"wp-block-column is-layout-flow wp-block-column-is-layout-flow gtfy-47\">\n<figure data-aos-duration=\"1000\" data-aos=\"slide-up\" class=\"wp-block-image size-full gtfy-46\"><img loading=\"lazy\" decoding=\"async\" width=\"700\" height=\"700\" src=\"https:\/\/abel-formation.com\/www\/wp-content\/uploads\/2024\/02\/Homme-sur-canape-700.png\" alt=\"Homme sur un canap\u00e9 travaillant sur Abel Formation en ligne\" class=\"wp-image-1018\" srcset=\"https:\/\/abel-formation.com\/www\/wp-content\/uploads\/2024\/02\/Homme-sur-canape-700.png 700w, https:\/\/abel-formation.com\/www\/wp-content\/uploads\/2024\/02\/Homme-sur-canape-700-400x400.png 400w, https:\/\/abel-formation.com\/www\/wp-content\/uploads\/2024\/02\/Homme-sur-canape-700-150x150.png 150w\" sizes=\"auto, (max-width: 700px) 100vw, 700px\" \/><\/figure>\n<\/div>\n\n\n\n<div class=\"wp-block-column is-vertically-aligned-center is-layout-flow wp-block-column-is-layout-flow gtfy-53\">\n<p class=\"gtfy-48\"><strong>Types d&rsquo;activit\u00e9s : <\/strong><\/p>\n\n\n\n<ul class=\"wp-block-list gtfy-52\">\n<li class=\"gtfy-49 gutenify-list-item\">Compr\u00e9hension orale et \u00e9crite : questions \u00e0 choix multiples de diff\u00e9rents formats.<\/li>\n\n\n\n<li class=\"gtfy-50 gutenify-list-item\">Expression orale: lire un texte \u00e0 haute voix, suivi de deux questions portant sur le contenu du texte, r\u00e9pondre de fa\u00e7on appropri\u00e9e \u00e0 4 questions ind\u00e9pendantes (45 secondes \u00e0 2 minutes) sur 4 sujets, et ainsi d\u00e9velopper son expos\u00e9 ou son argumentation.<\/li>\n\n\n\n<li data-aos-duration=\"1000\" class=\"gtfy-51 gutenify-list-item\">Expression \u00e9crite: r\u00e9diger un texte \u00e0 partir d&rsquo;une courte consigne li\u00e9e au domaine des affaires en 20 minutes.<\/li>\n<\/ul>\n<\/div>\n<\/div>\n\n\n\n<div class=\"wp-block-columns is-layout-flex wp-container-core-columns-is-layout-28f84493 wp-block-columns-is-layout-flex gtfy-66\">\n<div class=\"wp-block-column is-layout-flow wp-block-column-is-layout-flow gtfy-59\">\n<p class=\"gtfy-57\"><strong>Test de d\u00e9couverte : <\/strong><\/p>\n\n\n\n<p class=\"gtfy-58\">Afin d\u2019optimiser la d\u00e9couverte du test VTest Business English &#8211; 4 Skills et se pr\u00e9parer au mieux au format des questions, nous vous proposons en plus de l\u2019acc\u00e8s au 4 comp\u00e9tences en un seul bloc,<br>un acc\u00e8s distinct pour chacune des 4 comp\u00e9tences.<\/p>\n<\/div>\n\n\n\n<div class=\"wp-block-column is-vertically-aligned-center is-layout-flow wp-block-column-is-layout-flow gtfy-65\">\n<ul class=\"wp-block-list gtfy-64\">\n<li class=\"gtfy-60 gutenify-list-item\"><a href=\"https:\/\/app.preprod.vtest.com\/candidate\/demo\/VTestBusinessEnglishSampleItems-BESampleItemsL\" target=\"_blank\" rel=\"noreferrer noopener\">Listening <\/a><img loading=\"lazy\" decoding=\"async\" width=\"16\" height=\"16\" class=\"wp-image-1123\" style=\"width: 16px;\" src=\"https:\/\/abel-formation.com\/www\/wp-content\/uploads\/2024\/03\/external_link_icon16.png\" alt=\"Lien vers une autre page\"><\/li>\n\n\n\n<li class=\"gtfy-61 gutenify-list-item\"><a href=\"https:\/\/app.preprod.vtest.com\/candidate\/demo\/VTestBusinessEnglishSampleItems-BESampleItemsR\" target=\"_blank\" rel=\"noreferrer noopener\">Reading <\/a><img loading=\"lazy\" decoding=\"async\" width=\"16\" height=\"16\" class=\"wp-image-1123\" style=\"width: 16px;\" src=\"https:\/\/abel-formation.com\/www\/wp-content\/uploads\/2024\/03\/external_link_icon16.png\" alt=\"Lien vers une autre page\"><\/li>\n\n\n\n<li class=\"gtfy-62 gutenify-list-item\"><a href=\"https:\/\/app.preprod.vtest.com\/candidate\/demo\/VTestBusinessEnglishSampleItems-BESampleItemsW\" target=\"_blank\" rel=\"noreferrer noopener\">Writing <\/a><img loading=\"lazy\" decoding=\"async\" width=\"16\" height=\"16\" class=\"wp-image-1123\" style=\"width: 16px;\" src=\"https:\/\/abel-formation.com\/www\/wp-content\/uploads\/2024\/03\/external_link_icon16.png\" alt=\"Lien vers une autre page\"><\/li>\n\n\n\n<li class=\"gtfy-63 gutenify-list-item\"><a href=\"https:\/\/app.preprod.vtest.com\/candidate\/demo\/VTestBusinessEnglishSampleItems-BESampleItemsS\" target=\"_blank\" rel=\"noreferrer noopener\">Speaking<\/a> <img loading=\"lazy\" decoding=\"async\" width=\"16\" height=\"16\" class=\"wp-image-1123\" style=\"width: 16px;\" src=\"https:\/\/abel-formation.com\/www\/wp-content\/uploads\/2024\/03\/external_link_icon16.png\" alt=\"Lien vers une autre page\"><\/li>\n<\/ul>\n<\/div>\n<\/div>\n\n\n\n<p class=\"gtfy-69\"><strong>Double certification<\/strong><br>Le r\u00e9sultat indique le niveau CECR du candidat, le d\u00e9tail par comp\u00e9tence et la correspondance avec<br>d\u2019autres tests existants. Pour \u00eatre plus pr\u00e9cis, le niveau indiqu\u00e9 utilise le CECR \u00e0 10 niveaux au lieu de 6<br>habituellement. Le candidat se verra remettre deux certificats :<\/p>\n\n\n\n<ul class=\"wp-block-list gtfy-75\">\n<li class=\"gtfy-72 gutenify-list-item\"><strong>Certificat de comp\u00e9tences <\/strong>en anglais professionnel inscrit au r\u00e9pertoire sp\u00e9cifique de France comp\u00e9tences.<\/li>\n\n\n\n<li class=\"gtfy-73 gutenify-list-item\"><strong>Certificat Burlington VTest<\/strong> reconnu \u00e0 l\u2019international.<\/li>\n\n\n\n<li class=\"gtfy-74 gutenify-list-item\"><strong>T\u00e9l\u00e9charger la pr\u00e9sentation<\/strong> du test au <a href=\"https:\/\/abel-formation.com\/www\/wp-content\/uploads\/2025\/03\/VTest-Business-English-4-Skills-Presentation-du-test.pdf\" target=\"_blank\" rel=\"noreferrer noopener\">format PDF <img loading=\"lazy\" decoding=\"async\" width=\"16\" height=\"16\" class=\"wp-image-1123\" style=\"width: 16px;\" src=\"https:\/\/abel-formation.com\/www\/wp-content\/uploads\/2024\/03\/external_link_icon16.png\" alt=\"\"><\/a><\/li>\n<\/ul>\n\n\n\n<div class=\"wp-block-buttons is-content-justification-center is-layout-flex wp-container-core-buttons-is-layout-a89b3969 wp-block-buttons-is-layout-flex gtfy-79\">\n<div data-aos-duration=\"1000\" data-aos=\"slide-up\" class=\"wp-block-button is-style-fill gtfy-78\"><a class=\"wp-block-button__link wp-element-button\" href=\"https:\/\/abel-formation.com\/www\/cours-eligibles-cpf\/\">Voir nos formations<\/a><\/div>\n<\/div>\n\n\n\n<div style=\"height:100px\" aria-hidden=\"true\" class=\"wp-block-spacer gtfy-82\"><\/div>\n\n\n\n<p class=\"gtfy-85\"><\/p>\n","protected":false},"excerpt":{"rendered":"<p>France Comp\u00e9tences RS6905 &#8211; Certification \u00e9ligible au compte personnel de formation depuis le 27 novembre [&hellip;]<\/p>\n","protected":false},"author":1,"featured_media":0,"parent":0,"menu_order":0,"comment_status":"closed","ping_status":"closed","template":"","meta":{"_gutenify_countdown_timer_type":"fixed","_gutenify_countdown_timer_evergreen_hours":24,"_gutenify_countdown_timer_evergreen_minutes":0,"_gutenify_countdown_timer_date":"","_gutenify_countdown_timer_timezone":"US\/Eastern","_gutenify_countdown_timer_end_action":"none","_gutenify_countdown_timer_hide_selector":"","_gutenify_countdown_timer_redirect_url":"","footnotes":""},"class_list":["post-2347","page","type-page","status-publish","hentry"],"yoast_head":"<!-- This site is optimized with the Yoast SEO plugin v27.5 - https:\/\/yoast.com\/product\/yoast-seo-wordpress\/ -->\n<title>VTest Business English 4 Skills - Abel Formation<\/title>\n<meta name=\"description\" content=\"Le VTest Business English - 4 SKILLS \u00e9value les comp\u00e9tences professionnelles en anglais selon l\u2019\u00e9chelle du Cadre Europ\u00e9en Commun de R\u00e9f\u00e9rence\" \/>\n<meta name=\"robots\" content=\"index, follow, max-snippet:-1, max-image-preview:large, max-video-preview:-1\" \/>\n<link rel=\"canonical\" href=\"https:\/\/abel-formation.com\/www\/vtest-4-skills\/\" \/>\n<meta property=\"og:locale\" content=\"fr_FR\" \/>\n<meta property=\"og:type\" content=\"article\" \/>\n<meta property=\"og:title\" content=\"VTest Business English 4 Skills - Abel Formation\" \/>\n<meta property=\"og:description\" content=\"Le VTest Business English - 4 SKILLS \u00e9value les comp\u00e9tences professionnelles en anglais selon l\u2019\u00e9chelle du Cadre Europ\u00e9en Commun de R\u00e9f\u00e9rence\" \/>\n<meta property=\"og:url\" content=\"https:\/\/abel-formation.com\/www\/vtest-4-skills\/\" \/>\n<meta property=\"og:site_name\" content=\"Abel Formation\" \/>\n<meta property=\"article:modified_time\" content=\"2025-09-16T06:44:25+00:00\" \/>\n<meta property=\"og:image\" content=\"https:\/\/abel-formation.com\/www\/wp-content\/uploads\/2025\/03\/Certificat-de-Centre-de-test-autorise-VTest-Business-English-4skills-FR-1.jpg\" \/>\n\t<meta property=\"og:image:width\" content=\"1920\" \/>\n\t<meta property=\"og:image:height\" content=\"1080\" \/>\n\t<meta property=\"og:image:type\" content=\"image\/jpeg\" \/>\n<meta name=\"twitter:card\" content=\"summary_large_image\" \/>\n<meta name=\"twitter:site\" content=\"@AbelFormation\" \/>\n<meta name=\"twitter:label1\" content=\"Dur\u00e9e de lecture estim\u00e9e\" \/>\n\t<meta name=\"twitter:data1\" content=\"4 minutes\" \/>\n<script type=\"application\/ld+json\" class=\"yoast-schema-graph\">{\"@context\":\"https:\\\/\\\/schema.org\",\"@graph\":[{\"@type\":\"WebPage\",\"@id\":\"https:\\\/\\\/abel-formation.com\\\/www\\\/vtest-4-skills\\\/\",\"url\":\"https:\\\/\\\/abel-formation.com\\\/www\\\/vtest-4-skills\\\/\",\"name\":\"VTest Business English 4 Skills - Abel Formation\",\"isPartOf\":{\"@id\":\"https:\\\/\\\/abel-formation.com\\\/www\\\/#website\"},\"primaryImageOfPage\":{\"@id\":\"https:\\\/\\\/abel-formation.com\\\/www\\\/vtest-4-skills\\\/#primaryimage\"},\"image\":{\"@id\":\"https:\\\/\\\/abel-formation.com\\\/www\\\/vtest-4-skills\\\/#primaryimage\"},\"thumbnailUrl\":\"https:\\\/\\\/abel-formation.com\\\/www\\\/wp-content\\\/uploads\\\/2025\\\/03\\\/Certificat-de-Centre-de-test-autorise-VTest-Business-English-4skills-FR-1-1024x576.jpg\",\"datePublished\":\"2025-03-28T12:15:35+00:00\",\"dateModified\":\"2025-09-16T06:44:25+00:00\",\"description\":\"Le VTest Business English - 4 SKILLS \u00e9value les comp\u00e9tences professionnelles en anglais selon l\u2019\u00e9chelle du Cadre Europ\u00e9en Commun de R\u00e9f\u00e9rence pour les Langues.\",\"breadcrumb\":{\"@id\":\"https:\\\/\\\/abel-formation.com\\\/www\\\/vtest-4-skills\\\/#breadcrumb\"},\"inLanguage\":\"fr-FR\",\"potentialAction\":[{\"@type\":\"ReadAction\",\"target\":[\"https:\\\/\\\/abel-formation.com\\\/www\\\/vtest-4-skills\\\/\"]}]},{\"@type\":\"ImageObject\",\"inLanguage\":\"fr-FR\",\"@id\":\"https:\\\/\\\/abel-formation.com\\\/www\\\/vtest-4-skills\\\/#primaryimage\",\"url\":\"https:\\\/\\\/abel-formation.com\\\/www\\\/wp-content\\\/uploads\\\/2025\\\/03\\\/Certificat-de-Centre-de-test-autorise-VTest-Business-English-4skills-FR-1.jpg\",\"contentUrl\":\"https:\\\/\\\/abel-formation.com\\\/www\\\/wp-content\\\/uploads\\\/2025\\\/03\\\/Certificat-de-Centre-de-test-autorise-VTest-Business-English-4skills-FR-1.jpg\",\"width\":1920,\"height\":1080,\"caption\":\"Abel Formation centre de test autoris\u00e9 CPF Burlington Vtest\"},{\"@type\":\"BreadcrumbList\",\"@id\":\"https:\\\/\\\/abel-formation.com\\\/www\\\/vtest-4-skills\\\/#breadcrumb\",\"itemListElement\":[{\"@type\":\"ListItem\",\"position\":1,\"name\":\"Accueil\",\"item\":\"https:\\\/\\\/abel-formation.com\\\/www\\\/\"},{\"@type\":\"ListItem\",\"position\":2,\"name\":\"VTest Business English 4 Skills\"}]},{\"@type\":\"WebSite\",\"@id\":\"https:\\\/\\\/abel-formation.com\\\/www\\\/#website\",\"url\":\"https:\\\/\\\/abel-formation.com\\\/www\\\/\",\"name\":\"Abel Formation\",\"description\":\"Boostez votre anglais\",\"publisher\":{\"@id\":\"https:\\\/\\\/abel-formation.com\\\/www\\\/#organization\"},\"potentialAction\":[{\"@type\":\"SearchAction\",\"target\":{\"@type\":\"EntryPoint\",\"urlTemplate\":\"https:\\\/\\\/abel-formation.com\\\/www\\\/?s={search_term_string}\"},\"query-input\":{\"@type\":\"PropertyValueSpecification\",\"valueRequired\":true,\"valueName\":\"search_term_string\"}}],\"inLanguage\":\"fr-FR\"},{\"@type\":\"Organization\",\"@id\":\"https:\\\/\\\/abel-formation.com\\\/www\\\/#organization\",\"name\":\"Abel Formation\",\"alternateName\":\"Abel Formation\",\"url\":\"https:\\\/\\\/abel-formation.com\\\/www\\\/\",\"logo\":{\"@type\":\"ImageObject\",\"inLanguage\":\"fr-FR\",\"@id\":\"https:\\\/\\\/abel-formation.com\\\/www\\\/#\\\/schema\\\/logo\\\/image\\\/\",\"url\":\"https:\\\/\\\/abel-formation.com\\\/www\\\/wp-content\\\/uploads\\\/2023\\\/10\\\/PNG-Abel-logo_transparentRED-192-edited.png\",\"contentUrl\":\"https:\\\/\\\/abel-formation.com\\\/www\\\/wp-content\\\/uploads\\\/2023\\\/10\\\/PNG-Abel-logo_transparentRED-192-edited.png\",\"width\":181,\"height\":181,\"caption\":\"Abel Formation\"},\"image\":{\"@id\":\"https:\\\/\\\/abel-formation.com\\\/www\\\/#\\\/schema\\\/logo\\\/image\\\/\"},\"sameAs\":[\"https:\\\/\\\/x.com\\\/AbelFormation\",\"https:\\\/\\\/www.linkedin.com\\\/in\\\/bird-anthony-formations\\\/\"]}]}<\/script>\n<!-- \/ Yoast SEO plugin. -->","yoast_head_json":{"title":"VTest Business English 4 Skills - Abel Formation","description":"Le VTest Business English - 4 SKILLS \u00e9value les comp\u00e9tences professionnelles en anglais selon l\u2019\u00e9chelle du Cadre Europ\u00e9en Commun de R\u00e9f\u00e9rence","robots":{"index":"index","follow":"follow","max-snippet":"max-snippet:-1","max-image-preview":"max-image-preview:large","max-video-preview":"max-video-preview:-1"},"canonical":"https:\/\/abel-formation.com\/www\/vtest-4-skills\/","og_locale":"fr_FR","og_type":"article","og_title":"VTest Business English 4 Skills - Abel Formation","og_description":"Le VTest Business English - 4 SKILLS \u00e9value les comp\u00e9tences professionnelles en anglais selon l\u2019\u00e9chelle du Cadre Europ\u00e9en Commun de R\u00e9f\u00e9rence","og_url":"https:\/\/abel-formation.com\/www\/vtest-4-skills\/","og_site_name":"Abel Formation","article_modified_time":"2025-09-16T06:44:25+00:00","og_image":[{"width":1920,"height":1080,"url":"https:\/\/abel-formation.com\/www\/wp-content\/uploads\/2025\/03\/Certificat-de-Centre-de-test-autorise-VTest-Business-English-4skills-FR-1.jpg","type":"image\/jpeg"}],"twitter_card":"summary_large_image","twitter_site":"@AbelFormation","twitter_misc":{"Dur\u00e9e de lecture estim\u00e9e":"4 minutes"},"schema":{"@context":"https:\/\/schema.org","@graph":[{"@type":"WebPage","@id":"https:\/\/abel-formation.com\/www\/vtest-4-skills\/","url":"https:\/\/abel-formation.com\/www\/vtest-4-skills\/","name":"VTest Business English 4 Skills - Abel Formation","isPartOf":{"@id":"https:\/\/abel-formation.com\/www\/#website"},"primaryImageOfPage":{"@id":"https:\/\/abel-formation.com\/www\/vtest-4-skills\/#primaryimage"},"image":{"@id":"https:\/\/abel-formation.com\/www\/vtest-4-skills\/#primaryimage"},"thumbnailUrl":"https:\/\/abel-formation.com\/www\/wp-content\/uploads\/2025\/03\/Certificat-de-Centre-de-test-autorise-VTest-Business-English-4skills-FR-1-1024x576.jpg","datePublished":"2025-03-28T12:15:35+00:00","dateModified":"2025-09-16T06:44:25+00:00","description":"Le VTest Business English - 4 SKILLS \u00e9value les comp\u00e9tences professionnelles en anglais selon l\u2019\u00e9chelle du Cadre Europ\u00e9en Commun de R\u00e9f\u00e9rence pour les Langues.","breadcrumb":{"@id":"https:\/\/abel-formation.com\/www\/vtest-4-skills\/#breadcrumb"},"inLanguage":"fr-FR","potentialAction":[{"@type":"ReadAction","target":["https:\/\/abel-formation.com\/www\/vtest-4-skills\/"]}]},{"@type":"ImageObject","inLanguage":"fr-FR","@id":"https:\/\/abel-formation.com\/www\/vtest-4-skills\/#primaryimage","url":"https:\/\/abel-formation.com\/www\/wp-content\/uploads\/2025\/03\/Certificat-de-Centre-de-test-autorise-VTest-Business-English-4skills-FR-1.jpg","contentUrl":"https:\/\/abel-formation.com\/www\/wp-content\/uploads\/2025\/03\/Certificat-de-Centre-de-test-autorise-VTest-Business-English-4skills-FR-1.jpg","width":1920,"height":1080,"caption":"Abel Formation centre de test autoris\u00e9 CPF Burlington Vtest"},{"@type":"BreadcrumbList","@id":"https:\/\/abel-formation.com\/www\/vtest-4-skills\/#breadcrumb","itemListElement":[{"@type":"ListItem","position":1,"name":"Accueil","item":"https:\/\/abel-formation.com\/www\/"},{"@type":"ListItem","position":2,"name":"VTest Business English 4 Skills"}]},{"@type":"WebSite","@id":"https:\/\/abel-formation.com\/www\/#website","url":"https:\/\/abel-formation.com\/www\/","name":"Abel Formation","description":"Boostez votre anglais","publisher":{"@id":"https:\/\/abel-formation.com\/www\/#organization"},"potentialAction":[{"@type":"SearchAction","target":{"@type":"EntryPoint","urlTemplate":"https:\/\/abel-formation.com\/www\/?s={search_term_string}"},"query-input":{"@type":"PropertyValueSpecification","valueRequired":true,"valueName":"search_term_string"}}],"inLanguage":"fr-FR"},{"@type":"Organization","@id":"https:\/\/abel-formation.com\/www\/#organization","name":"Abel Formation","alternateName":"Abel Formation","url":"https:\/\/abel-formation.com\/www\/","logo":{"@type":"ImageObject","inLanguage":"fr-FR","@id":"https:\/\/abel-formation.com\/www\/#\/schema\/logo\/image\/","url":"https:\/\/abel-formation.com\/www\/wp-content\/uploads\/2023\/10\/PNG-Abel-logo_transparentRED-192-edited.png","contentUrl":"https:\/\/abel-formation.com\/www\/wp-content\/uploads\/2023\/10\/PNG-Abel-logo_transparentRED-192-edited.png","width":181,"height":181,"caption":"Abel Formation"},"image":{"@id":"https:\/\/abel-formation.com\/www\/#\/schema\/logo\/image\/"},"sameAs":["https:\/\/x.com\/AbelFormation","https:\/\/www.linkedin.com\/in\/bird-anthony-formations\/"]}]}},"_links":{"self":[{"href":"https:\/\/abel-formation.com\/www\/wp-json\/wp\/v2\/pages\/2347","targetHints":{"allow":["GET"]}}],"collection":[{"href":"https:\/\/abel-formation.com\/www\/wp-json\/wp\/v2\/pages"}],"about":[{"href":"https:\/\/abel-formation.com\/www\/wp-json\/wp\/v2\/types\/page"}],"author":[{"embeddable":true,"href":"https:\/\/abel-formation.com\/www\/wp-json\/wp\/v2\/users\/1"}],"replies":[{"embeddable":true,"href":"https:\/\/abel-formation.com\/www\/wp-json\/wp\/v2\/comments?post=2347"}],"version-history":[{"count":21,"href":"https:\/\/abel-formation.com\/www\/wp-json\/wp\/v2\/pages\/2347\/revisions"}],"predecessor-version":[{"id":2508,"href":"https:\/\/abel-formation.com\/www\/wp-json\/wp\/v2\/pages\/2347\/revisions\/2508"}],"wp:attachment":[{"href":"https:\/\/abel-formation.com\/www\/wp-json\/wp\/v2\/media?parent=2347"}],"curies":[{"name":"wp","href":"https:\/\/api.w.org\/{rel}","templated":true}]}}