{"id":1909,"date":"2024-05-05T12:02:15","date_gmt":"2024-05-05T10:02:15","guid":{"rendered":"https:\/\/abel-formation.com\/www\/?page_id=1909"},"modified":"2025-08-21T10:14:17","modified_gmt":"2025-08-21T08:14:17","slug":"la-charte-de-deontologie-cpf","status":"publish","type":"page","link":"https:\/\/abel-formation.com\/www\/cours-danglais-en-ligne\/la-charte-de-deontologie-cpf\/","title":{"rendered":"La Charte de D\u00e9ontologie CPF"},"content":{"rendered":"\n<p class=\"gutenify-section-d260b840-0abf-11ef-a886-477c42436f30 gtfy-2\"><\/p>\n\n\n\n<h2 class=\"wp-block-heading animated animated-fadeInUp gutenify-section-dacbdf00-0abf-11ef-a886-477c42436f30 gtfy-5\">Abel Formation et La Charte de D\u00e9ontologie CPF<\/h2>\n\n\n\n<p class=\"gutenify-section-d358d3e0-0abf-11ef-a886-477c42436f30 gtfy-8\"><\/p>\n\n\n\n<!DOCTYPE html>\n<html class=\"gtfy-11\" lang=\"en\">\n<head>\n    <meta charset=\"UTF-8\">\n    <meta name=\"viewport\" content=\"width=device-width, initial-scale=1.0\">\n    <title>Autoplay Video<\/title>\n<\/head>\n<body>\n    <div style=\"overflow:hidden\">\n        <video id=\"autoplayVideo\" controls autoplay loop muted style=\"max-width:100%; height:auto;\">\n            <source src=\"https:\/\/abel-formation.com\/www\/wp-content\/uploads\/2024\/05\/Abel-Formation-Et-Le-Charte-De-Deontologie-Cpf-1714900955918.webm\">\n            Your browser does not support the video tag.\n        <\/video>\n    <\/div>\n\n    <script>\n        window.onload = function() {\n            var video = document.getElementById(\"autoplayVideo\");\n            video. Play();\n        }\n    <\/script>\n<\/body>\n<\/html>\n\n\n\n<p class=\"gutenify-section-eb476250-0abf-11ef-a886-477c42436f30 gtfy-14\"><\/p>\n\n\n\n<div style=\"height:100px\" aria-hidden=\"true\" class=\"wp-block-spacer gutenify-section-c09a8fb0-0ac3-11ef-8eae-070119d3d2a3 gtfy-17\"><\/div>\n\n\n\n<h2 class=\"wp-block-heading animated animated-fadeInUp gutenify-section-edffcb90-0abf-11ef-a886-477c42436f30 gtfy-20\">Les Acteurs de la Comp\u00e9tence \u00e0 l&rsquo;initiative d&rsquo;une charte de d\u00e9ontologie au CPF<\/h2>\n\n\n\n<p class=\"gutenify-section-7c077a20-0ac3-11ef-8eae-070119d3d2a3 gtfy-23\"><\/p>\n\n\n\n<div class=\"wp-block-columns are-vertically-aligned-center animated animated-fadeInUp gutenify-section-7f447cb0-0ac3-11ef-8eae-070119d3d2a3 is-layout-flex wp-container-core-columns-is-layout-28f84493 wp-block-columns-is-layout-flex gtfy-31\">\n<div class=\"wp-block-column is-vertically-aligned-center gutenify-section-80ae9400-0ac3-11ef-8eae-070119d3d2a3 is-layout-flow wp-block-column-is-layout-flow gtfy-27\">\n<figure class=\"wp-block-image size-large gutenify-section-8807d590-0ac3-11ef-8eae-070119d3d2a3 gtfy-26\"><img loading=\"lazy\" decoding=\"async\" width=\"1024\" height=\"988\" src=\"https:\/\/abel-formation.com\/www\/wp-content\/uploads\/2024\/04\/Macaron-Charte-de-deontologie-CPF-1-1024x988.png\" alt=\"Logo La Charte de la D\u00e9ontologie CPF Abel Formation\" class=\"wp-image-1700\" srcset=\"https:\/\/abel-formation.com\/www\/wp-content\/uploads\/2024\/04\/Macaron-Charte-de-deontologie-CPF-1-1024x988.png 1024w, https:\/\/abel-formation.com\/www\/wp-content\/uploads\/2024\/04\/Macaron-Charte-de-deontologie-CPF-1-414x400.png 414w, https:\/\/abel-formation.com\/www\/wp-content\/uploads\/2024\/04\/Macaron-Charte-de-deontologie-CPF-1-768x741.png 768w, https:\/\/abel-formation.com\/www\/wp-content\/uploads\/2024\/04\/Macaron-Charte-de-deontologie-CPF-1-1536x1482.png 1536w, https:\/\/abel-formation.com\/www\/wp-content\/uploads\/2024\/04\/Macaron-Charte-de-deontologie-CPF-1.png 1605w\" sizes=\"auto, (max-width: 1024px) 100vw, 1024px\" \/><\/figure>\n<\/div>\n\n\n\n<div class=\"wp-block-column is-vertically-aligned-center gutenify-section-80af0930-0ac3-11ef-8eae-070119d3d2a3 is-layout-flow wp-block-column-is-layout-flow gtfy-30\">\n<p class=\"animated animated-fadeInUp gutenify-section-a29a81f0-0ac3-11ef-8eae-070119d3d2a3 gtfy-28\">\u00c0 la fin de l&rsquo;ann\u00e9e 2021, la f\u00e9d\u00e9ration Les Acteurs de la Comp\u00e9tence a publi\u00e9 une charte de d\u00e9ontologie pour la commercialisation des services \u00e9ligibles au Compte Personnel de Formation (CPF). Cette charte repose en partie sur les r\u00e8gles juridiques r\u00e9gissant la profession, ainsi que sur les conditions g\u00e9n\u00e9rales d&rsquo;utilisation de Mon Compte Formation.<\/p>\n\n\n\n<p class=\"animated animated-fadeInUp gutenify-section-a29cf2f0-0ac3-11ef-8eae-070119d3d2a3 gtfy-29\"><strong>Abel Formation soutient cette initiative&nbsp;<\/strong>: &nbsp;<strong>afin de vous garantir un choix libre, conscient et \u00e9clair\u00e9, la s\u00e9curisation du parcours d\u2019achat et de l\u2019utilisation de vos droits est une priorit\u00e9.&nbsp;<\/strong>En souscrivant \u00e0 cette charte, les organismes de formation s&rsquo;engagent \u00e0 proposer de meilleures pratiques commerciales et participent \u00e0 l&rsquo;am\u00e9lioration de la qualit\u00e9 des offres disponibles sur Mon Compte Formation.<\/p>\n<\/div>\n<\/div>\n\n\n\n<p class=\"animated animated-fadeInUp gutenify-section-d3781bb0-0abf-11ef-a886-477c42436f30 gtfy-34\"><\/p>\n\n\n\n<div style=\"height:100px\" aria-hidden=\"true\" class=\"wp-block-spacer gutenify-section-c67c2560-0ac3-11ef-8eae-070119d3d2a3 gtfy-37\"><\/div>\n\n\n\n<p class=\"animated animated-fadeInUp gutenify-section-64a2aa90-0ac2-11ef-8eae-070119d3d2a3 gtfy-40\"><\/p>\n\n\n\n<h3 class=\"wp-block-heading animated animated-fadeInUp gutenify-section-c731d640-0ac2-11ef-8eae-070119d3d2a3 gtfy-43\">Abel Formation respect les 10 engagements suivants : <\/h3>\n\n\n\n<p class=\"gutenify-section-e2de3000-0ac2-11ef-8eae-070119d3d2a3 gtfy-46\"><\/p>\n\n\n\n<p class=\"gutenify-section-ef93d1b0-0ac2-11ef-8eae-070119d3d2a3 gtfy-49\">\u2714\ufe0f\u00catre titulaire de la certification qualit\u00e9 Qualiopi \u00e0 partir du 1er janvier 2022<\/p>\n\n\n\n<p class=\"gutenify-section-ef9446e0-0ac2-11ef-8eae-070119d3d2a3 gtfy-52\">\u2714\ufe0f\u00catre propri\u00e9taire de la certification professionnelle vis\u00e9e ou disposer de l\u2019accord \u00e9crit de son propri\u00e9taire<\/p>\n\n\n\n<p class=\"gutenify-section-ef94bc10-0ac2-11ef-8eae-070119d3d2a3 gtfy-55\">\u2714\ufe0fPr\u00e9senter son offre avec loyaut\u00e9, quel que soit le support de communication ;<\/p>\n\n\n\n<p class=\"gutenify-section-ef950a30-0ac2-11ef-8eae-070119d3d2a3 gtfy-58\">\u2714\ufe0fMa\u00eetriser le recours \u00e0 la sous-traitance et en \u00eatre le garant ;<\/p>\n\n\n\n<p class=\"gutenify-section-ef957f60-0ac2-11ef-8eae-070119d3d2a3 gtfy-61\">\u2714\ufe0fFournir au consommateur toutes les garanties contre l\u2019usurpation de son num\u00e9ro de S\u00e9curit\u00e9 sociale ou de son CPF ;<\/p>\n\n\n\n<p class=\"gutenify-section-ef95cd80-0ac2-11ef-8eae-070119d3d2a3 gtfy-64\">\u2714\ufe0fInformer au pr\u00e9alable des frais pris en charge par le CPF et des \u00e9ventuels frais additionnels ;<\/p>\n\n\n\n<p class=\"gutenify-section-ef9642b0-0ac2-11ef-8eae-070119d3d2a3 gtfy-67\">\u2714\ufe0fFaciliter la recherche sur Mon Compte Formation en ne dupliquant pas les actions similaires de son catalogue dans le seul but d\u2019optimiser son positionnement ;<\/p>\n\n\n\n<p class=\"gutenify-section-ef9690d0-0ac2-11ef-8eae-070119d3d2a3 gtfy-70\">\u2714\ufe0fPr\u00e9voir les modalit\u00e9s d\u2019\u00e9valuation en amont de la formation ;<\/p>\n\n\n\n<p class=\"gutenify-section-ef972d10-0ac2-11ef-8eae-070119d3d2a3 gtfy-73\">\u2714\ufe0fGarantir une assistance technique et p\u00e9dagogique appropri\u00e9e pour accompagner le b\u00e9n\u00e9ficiaire ;<\/p>\n\n\n\n<p class=\"gutenify-section-ef977b30-0ac2-11ef-8eae-070119d3d2a3 gtfy-76\">\u2714\ufe0fProposer \u00e0 tout client consommateur le recours amiable et gratuit au service de la m\u00e9diation de la consommation, en cas de litige.<\/p>\n\n\n\n<p class=\"gutenify-section-79843860-0ac8-11ef-8eae-070119d3d2a3 gtfy-79\"><\/p>\n\n\n\n<ol class=\"wp-block-list animated animated-fadeInUp gutenify-section-e778c6c0-0ac2-11ef-8eae-070119d3d2a3 gtfy-82\"><\/ol>\n\n\n\n<p class=\"animated animated-fadeInUp gutenify-section-e2fe6230-0ac2-11ef-8eae-070119d3d2a3 gtfy-85\"><strong>T\u00e9l\u00e9charger la charte au format PDF<\/strong> : <a href=\"https:\/\/abel-formation.com\/www\/wp-content\/uploads\/2024\/05\/Affiche-CharteCPF-Oct2021.pdf\" target=\"_blank\" rel=\"noreferrer noopener\">La Charte de D\u00e9ontologie<\/a> <img loading=\"lazy\" decoding=\"async\" width=\"16\" height=\"16\" class=\"wp-image-1123\" style=\"width: 16px;\" src=\"https:\/\/abel-formation.com\/www\/wp-content\/uploads\/2024\/03\/external_link_icon16.png\" alt=\"\"> <\/p>\n\n\n\n<p class=\"animated animated-fadeInUp gutenify-section-20f23000-0ac6-11ef-8eae-070119d3d2a3 gtfy-88\"><strong>Anciennement F\u00e9d\u00e9ration de la Formation Professionnelle, les Acteurs de la Comp\u00e9tence sont une organisation professionnelle<\/strong>&nbsp;qui f\u00e9d\u00e8re et repr\u00e9sente plus de 1 200 entreprises de formation et du d\u00e9veloppement des comp\u00e9tences depuis 1991. <a href=\"https:\/\/lesacteursdelacompetence.fr\/cpf-le-secteur-de-la-formation-se-dote-dune-charte-de-deontologie\/\" target=\"_blank\" rel=\"noreferrer noopener\">Les Acteurs de la Comp\u00e9tences<\/a> <img loading=\"lazy\" decoding=\"async\" width=\"16\" height=\"16\" class=\"wp-image-1123\" style=\"width: 16px;\" src=\"https:\/\/abel-formation.com\/www\/wp-content\/uploads\/2024\/03\/external_link_icon16.png\" alt=\"\"><\/p>\n\n\n\n<p class=\"gutenify-section-22e542e0-0ac5-11ef-8eae-070119d3d2a3 gtfy-91\"><\/p>\n\n\n\n<div class=\"wp-block-columns are-vertically-aligned-center animated animated-fadeInUp gutenify-section-26d23480-0ac5-11ef-8eae-070119d3d2a3 is-layout-flex wp-container-core-columns-is-layout-28f84493 wp-block-columns-is-layout-flex gtfy-99\">\n<div class=\"wp-block-column is-vertically-aligned-center gutenify-section-2bbb1250-0ac5-11ef-8eae-070119d3d2a3 is-layout-flow wp-block-column-is-layout-flow gtfy-95\" style=\"flex-basis:66.66%\">\n<figure class=\"wp-block-image size-large gutenify-section-49cc5e20-0ac5-11ef-8eae-070119d3d2a3 gtfy-94\"><img loading=\"lazy\" decoding=\"async\" width=\"1024\" height=\"576\" src=\"https:\/\/abel-formation.com\/www\/wp-content\/uploads\/2024\/05\/Charte-de-deontologie-CPF-1024x576.jpeg\" alt=\"Abel Formation soutient la charte de d\u00e9ontologie CPF\" class=\"wp-image-1916\" srcset=\"https:\/\/abel-formation.com\/www\/wp-content\/uploads\/2024\/05\/Charte-de-deontologie-CPF-1024x576.jpeg 1024w, https:\/\/abel-formation.com\/www\/wp-content\/uploads\/2024\/05\/Charte-de-deontologie-CPF-600x338.jpeg 600w, https:\/\/abel-formation.com\/www\/wp-content\/uploads\/2024\/05\/Charte-de-deontologie-CPF-768x432.jpeg 768w, https:\/\/abel-formation.com\/www\/wp-content\/uploads\/2024\/05\/Charte-de-deontologie-CPF-1536x864.jpeg 1536w, https:\/\/abel-formation.com\/www\/wp-content\/uploads\/2024\/05\/Charte-de-deontologie-CPF.jpeg 1920w\" sizes=\"auto, (max-width: 1024px) 100vw, 1024px\" \/><\/figure>\n<\/div>\n\n\n\n<div class=\"wp-block-column is-vertically-aligned-center gutenify-section-2bbb8780-0ac5-11ef-8eae-070119d3d2a3 is-layout-flow wp-block-column-is-layout-flow gtfy-98\" style=\"flex-basis:33.33%\">\n<p class=\"gutenify-section-52d4d650-0ac5-11ef-8eae-070119d3d2a3 gtfy-96\"><strong>Dans cette optique, vous pouvez choisir vos cours d&rsquo;anglais avec Abel Formation en sachant que vous apprendrez l&rsquo;anglais aupr\u00e8s d&rsquo;un organisme de formation engag\u00e9 \u00e0 dispenser des formations de qualit\u00e9.<\/strong><\/p>\n\n\n\n<p class=\"gutenify-section-690e4540-0ac6-11ef-8eae-070119d3d2a3 gtfy-97\"><a href=\"https:\/\/abel-formation.com\/www\/wp-content\/uploads\/2024\/05\/Charte-de-deontologie-signee.pdf\" target=\"_blank\" rel=\"noreferrer noopener\">Charte sign\u00e9e Abel Formation<\/a> <img loading=\"lazy\" decoding=\"async\" width=\"16\" height=\"16\" class=\"wp-image-1123\" style=\"width: 16px;\" src=\"https:\/\/abel-formation.com\/www\/wp-content\/uploads\/2024\/03\/external_link_icon16.png\" alt=\"\"><\/p>\n<\/div>\n<\/div>\n\n\n\n<p class=\"animated animated-fadeInUp gutenify-section-64be6ff0-0ac2-11ef-8eae-070119d3d2a3 gtfy-102\"><\/p>\n\n\n\n<p class=\"has-text-align-center animated animated-fadeInUp gutenify-section-bdd782a0-0ac4-11ef-8eae-070119d3d2a3 has-medium-font-size gtfy-105\">Consultez nos <a href=\"https:\/\/abel-formation.com\/www\/cours-eligibles-cpf\/\">cours d&rsquo;anglais \u00e9ligibles CPF<\/a> <img loading=\"lazy\" decoding=\"async\" width=\"16\" height=\"16\" class=\"wp-image-1123\" style=\"width: 16px;\" src=\"https:\/\/abel-formation.com\/www\/wp-content\/uploads\/2024\/03\/external_link_icon16.png\" alt=\"\"><\/p>\n\n\n\n<p class=\"gutenify-section-b7614e10-0ac4-11ef-8eae-070119d3d2a3 gtfy-108\"><\/p>\n\n\n\n<p class=\"gutenify-section-64d468f0-0ac2-11ef-8eae-070119d3d2a3 gtfy-111\"><\/p>\n","protected":false},"excerpt":{"rendered":"<p>Abel Formation et La Charte de D\u00e9ontologie CPF Autoplay Video Your browser does not support [&hellip;]<\/p>\n","protected":false},"author":1,"featured_media":0,"parent":48,"menu_order":0,"comment_status":"closed","ping_status":"closed","template":"","meta":{"footnotes":""},"class_list":["post-1909","page","type-page","status-publish","hentry"],"yoast_head":"<!-- This site is optimized with the Yoast SEO plugin v27.4 - https:\/\/yoast.com\/product\/yoast-seo-wordpress\/ -->\n<title>La Charte de D\u00e9ontologie CPF - Abel Formation<\/title>\n<meta name=\"description\" content=\"Abel Formation soutient la Charte de D\u00e9ontologie CPF. Nous vous expliquant l&#039;importance de cette charte pour la formation en France.\" \/>\n<meta name=\"robots\" content=\"index, follow, max-snippet:-1, max-image-preview:large, max-video-preview:-1\" \/>\n<link rel=\"canonical\" href=\"https:\/\/abel-formation.com\/www\/cours-danglais-en-ligne\/la-charte-de-deontologie-cpf\/\" \/>\n<meta property=\"og:locale\" content=\"fr_FR\" \/>\n<meta property=\"og:type\" content=\"article\" \/>\n<meta property=\"og:title\" content=\"La Charte de D\u00e9ontologie CPF - Abel Formation\" \/>\n<meta property=\"og:description\" content=\"Abel Formation soutient la Charte de D\u00e9ontologie CPF. Nous vous expliquant l&#039;importance de cette charte pour la formation en France.\" \/>\n<meta property=\"og:url\" content=\"https:\/\/abel-formation.com\/www\/cours-danglais-en-ligne\/la-charte-de-deontologie-cpf\/\" \/>\n<meta property=\"og:site_name\" content=\"Abel Formation\" \/>\n<meta property=\"article:modified_time\" content=\"2025-08-21T08:14:17+00:00\" \/>\n<meta property=\"og:image\" content=\"https:\/\/abel-formation.com\/www\/wp-content\/uploads\/2024\/04\/Macaron-Charte-de-deontologie-CPF-1.png\" \/>\n\t<meta property=\"og:image:width\" content=\"1605\" \/>\n\t<meta property=\"og:image:height\" content=\"1549\" \/>\n\t<meta property=\"og:image:type\" content=\"image\/png\" \/>\n<meta name=\"twitter:card\" content=\"summary_large_image\" \/>\n<meta name=\"twitter:site\" content=\"@AbelFormation\" \/>\n<meta name=\"twitter:label1\" content=\"Dur\u00e9e de lecture estim\u00e9e\" \/>\n\t<meta name=\"twitter:data1\" content=\"4 minutes\" \/>\n<script type=\"application\/ld+json\" class=\"yoast-schema-graph\">{\"@context\":\"https:\\\/\\\/schema.org\",\"@graph\":[{\"@type\":\"WebPage\",\"@id\":\"https:\\\/\\\/abel-formation.com\\\/www\\\/cours-danglais-en-ligne\\\/la-charte-de-deontologie-cpf\\\/\",\"url\":\"https:\\\/\\\/abel-formation.com\\\/www\\\/cours-danglais-en-ligne\\\/la-charte-de-deontologie-cpf\\\/\",\"name\":\"La Charte de D\u00e9ontologie CPF - Abel Formation\",\"isPartOf\":{\"@id\":\"https:\\\/\\\/abel-formation.com\\\/www\\\/#website\"},\"primaryImageOfPage\":{\"@id\":\"https:\\\/\\\/abel-formation.com\\\/www\\\/cours-danglais-en-ligne\\\/la-charte-de-deontologie-cpf\\\/#primaryimage\"},\"image\":{\"@id\":\"https:\\\/\\\/abel-formation.com\\\/www\\\/cours-danglais-en-ligne\\\/la-charte-de-deontologie-cpf\\\/#primaryimage\"},\"thumbnailUrl\":\"https:\\\/\\\/abel-formation.com\\\/www\\\/wp-content\\\/uploads\\\/2024\\\/04\\\/Macaron-Charte-de-deontologie-CPF-1-1024x988.png\",\"datePublished\":\"2024-05-05T10:02:15+00:00\",\"dateModified\":\"2025-08-21T08:14:17+00:00\",\"description\":\"Abel Formation soutient la Charte de D\u00e9ontologie CPF. Nous vous expliquant l'importance de cette charte pour la formation en France.\",\"breadcrumb\":{\"@id\":\"https:\\\/\\\/abel-formation.com\\\/www\\\/cours-danglais-en-ligne\\\/la-charte-de-deontologie-cpf\\\/#breadcrumb\"},\"inLanguage\":\"fr-FR\",\"potentialAction\":[{\"@type\":\"ReadAction\",\"target\":[\"https:\\\/\\\/abel-formation.com\\\/www\\\/cours-danglais-en-ligne\\\/la-charte-de-deontologie-cpf\\\/\"]}]},{\"@type\":\"ImageObject\",\"inLanguage\":\"fr-FR\",\"@id\":\"https:\\\/\\\/abel-formation.com\\\/www\\\/cours-danglais-en-ligne\\\/la-charte-de-deontologie-cpf\\\/#primaryimage\",\"url\":\"https:\\\/\\\/abel-formation.com\\\/www\\\/wp-content\\\/uploads\\\/2024\\\/04\\\/Macaron-Charte-de-deontologie-CPF-1.png\",\"contentUrl\":\"https:\\\/\\\/abel-formation.com\\\/www\\\/wp-content\\\/uploads\\\/2024\\\/04\\\/Macaron-Charte-de-deontologie-CPF-1.png\",\"width\":1605,\"height\":1549,\"caption\":\"Logo La Charte de la D\u00e9ontologie CPF Abel Formation\"},{\"@type\":\"BreadcrumbList\",\"@id\":\"https:\\\/\\\/abel-formation.com\\\/www\\\/cours-danglais-en-ligne\\\/la-charte-de-deontologie-cpf\\\/#breadcrumb\",\"itemListElement\":[{\"@type\":\"ListItem\",\"position\":1,\"name\":\"Accueil\",\"item\":\"https:\\\/\\\/abel-formation.com\\\/www\\\/\"},{\"@type\":\"ListItem\",\"position\":2,\"name\":\"Home\",\"item\":\"https:\\\/\\\/abel-formation.com\\\/www\\\/\"},{\"@type\":\"ListItem\",\"position\":3,\"name\":\"La Charte de D\u00e9ontologie CPF\"}]},{\"@type\":\"WebSite\",\"@id\":\"https:\\\/\\\/abel-formation.com\\\/www\\\/#website\",\"url\":\"https:\\\/\\\/abel-formation.com\\\/www\\\/\",\"name\":\"Abel Formation\",\"description\":\"Boostez votre anglais\",\"publisher\":{\"@id\":\"https:\\\/\\\/abel-formation.com\\\/www\\\/#organization\"},\"potentialAction\":[{\"@type\":\"SearchAction\",\"target\":{\"@type\":\"EntryPoint\",\"urlTemplate\":\"https:\\\/\\\/abel-formation.com\\\/www\\\/?s={search_term_string}\"},\"query-input\":{\"@type\":\"PropertyValueSpecification\",\"valueRequired\":true,\"valueName\":\"search_term_string\"}}],\"inLanguage\":\"fr-FR\"},{\"@type\":\"Organization\",\"@id\":\"https:\\\/\\\/abel-formation.com\\\/www\\\/#organization\",\"name\":\"Abel Formation\",\"alternateName\":\"Abel Formation\",\"url\":\"https:\\\/\\\/abel-formation.com\\\/www\\\/\",\"logo\":{\"@type\":\"ImageObject\",\"inLanguage\":\"fr-FR\",\"@id\":\"https:\\\/\\\/abel-formation.com\\\/www\\\/#\\\/schema\\\/logo\\\/image\\\/\",\"url\":\"https:\\\/\\\/abel-formation.com\\\/www\\\/wp-content\\\/uploads\\\/2023\\\/10\\\/PNG-Abel-logo_transparentRED-192-edited.png\",\"contentUrl\":\"https:\\\/\\\/abel-formation.com\\\/www\\\/wp-content\\\/uploads\\\/2023\\\/10\\\/PNG-Abel-logo_transparentRED-192-edited.png\",\"width\":181,\"height\":181,\"caption\":\"Abel Formation\"},\"image\":{\"@id\":\"https:\\\/\\\/abel-formation.com\\\/www\\\/#\\\/schema\\\/logo\\\/image\\\/\"},\"sameAs\":[\"https:\\\/\\\/x.com\\\/AbelFormation\",\"https:\\\/\\\/www.linkedin.com\\\/in\\\/bird-anthony-formations\\\/\"]}]}<\/script>\n<!-- \/ Yoast SEO plugin. -->","yoast_head_json":{"title":"La Charte de D\u00e9ontologie CPF - Abel Formation","description":"Abel Formation soutient la Charte de D\u00e9ontologie CPF. Nous vous expliquant l'importance de cette charte pour la formation en France.","robots":{"index":"index","follow":"follow","max-snippet":"max-snippet:-1","max-image-preview":"max-image-preview:large","max-video-preview":"max-video-preview:-1"},"canonical":"https:\/\/abel-formation.com\/www\/cours-danglais-en-ligne\/la-charte-de-deontologie-cpf\/","og_locale":"fr_FR","og_type":"article","og_title":"La Charte de D\u00e9ontologie CPF - Abel Formation","og_description":"Abel Formation soutient la Charte de D\u00e9ontologie CPF. Nous vous expliquant l'importance de cette charte pour la formation en France.","og_url":"https:\/\/abel-formation.com\/www\/cours-danglais-en-ligne\/la-charte-de-deontologie-cpf\/","og_site_name":"Abel Formation","article_modified_time":"2025-08-21T08:14:17+00:00","og_image":[{"width":1605,"height":1549,"url":"https:\/\/abel-formation.com\/www\/wp-content\/uploads\/2024\/04\/Macaron-Charte-de-deontologie-CPF-1.png","type":"image\/png"}],"twitter_card":"summary_large_image","twitter_site":"@AbelFormation","twitter_misc":{"Dur\u00e9e de lecture estim\u00e9e":"4 minutes"},"schema":{"@context":"https:\/\/schema.org","@graph":[{"@type":"WebPage","@id":"https:\/\/abel-formation.com\/www\/cours-danglais-en-ligne\/la-charte-de-deontologie-cpf\/","url":"https:\/\/abel-formation.com\/www\/cours-danglais-en-ligne\/la-charte-de-deontologie-cpf\/","name":"La Charte de D\u00e9ontologie CPF - Abel Formation","isPartOf":{"@id":"https:\/\/abel-formation.com\/www\/#website"},"primaryImageOfPage":{"@id":"https:\/\/abel-formation.com\/www\/cours-danglais-en-ligne\/la-charte-de-deontologie-cpf\/#primaryimage"},"image":{"@id":"https:\/\/abel-formation.com\/www\/cours-danglais-en-ligne\/la-charte-de-deontologie-cpf\/#primaryimage"},"thumbnailUrl":"https:\/\/abel-formation.com\/www\/wp-content\/uploads\/2024\/04\/Macaron-Charte-de-deontologie-CPF-1-1024x988.png","datePublished":"2024-05-05T10:02:15+00:00","dateModified":"2025-08-21T08:14:17+00:00","description":"Abel Formation soutient la Charte de D\u00e9ontologie CPF. Nous vous expliquant l'importance de cette charte pour la formation en France.","breadcrumb":{"@id":"https:\/\/abel-formation.com\/www\/cours-danglais-en-ligne\/la-charte-de-deontologie-cpf\/#breadcrumb"},"inLanguage":"fr-FR","potentialAction":[{"@type":"ReadAction","target":["https:\/\/abel-formation.com\/www\/cours-danglais-en-ligne\/la-charte-de-deontologie-cpf\/"]}]},{"@type":"ImageObject","inLanguage":"fr-FR","@id":"https:\/\/abel-formation.com\/www\/cours-danglais-en-ligne\/la-charte-de-deontologie-cpf\/#primaryimage","url":"https:\/\/abel-formation.com\/www\/wp-content\/uploads\/2024\/04\/Macaron-Charte-de-deontologie-CPF-1.png","contentUrl":"https:\/\/abel-formation.com\/www\/wp-content\/uploads\/2024\/04\/Macaron-Charte-de-deontologie-CPF-1.png","width":1605,"height":1549,"caption":"Logo La Charte de la D\u00e9ontologie CPF Abel Formation"},{"@type":"BreadcrumbList","@id":"https:\/\/abel-formation.com\/www\/cours-danglais-en-ligne\/la-charte-de-deontologie-cpf\/#breadcrumb","itemListElement":[{"@type":"ListItem","position":1,"name":"Accueil","item":"https:\/\/abel-formation.com\/www\/"},{"@type":"ListItem","position":2,"name":"Home","item":"https:\/\/abel-formation.com\/www\/"},{"@type":"ListItem","position":3,"name":"La Charte de D\u00e9ontologie CPF"}]},{"@type":"WebSite","@id":"https:\/\/abel-formation.com\/www\/#website","url":"https:\/\/abel-formation.com\/www\/","name":"Abel Formation","description":"Boostez votre anglais","publisher":{"@id":"https:\/\/abel-formation.com\/www\/#organization"},"potentialAction":[{"@type":"SearchAction","target":{"@type":"EntryPoint","urlTemplate":"https:\/\/abel-formation.com\/www\/?s={search_term_string}"},"query-input":{"@type":"PropertyValueSpecification","valueRequired":true,"valueName":"search_term_string"}}],"inLanguage":"fr-FR"},{"@type":"Organization","@id":"https:\/\/abel-formation.com\/www\/#organization","name":"Abel Formation","alternateName":"Abel Formation","url":"https:\/\/abel-formation.com\/www\/","logo":{"@type":"ImageObject","inLanguage":"fr-FR","@id":"https:\/\/abel-formation.com\/www\/#\/schema\/logo\/image\/","url":"https:\/\/abel-formation.com\/www\/wp-content\/uploads\/2023\/10\/PNG-Abel-logo_transparentRED-192-edited.png","contentUrl":"https:\/\/abel-formation.com\/www\/wp-content\/uploads\/2023\/10\/PNG-Abel-logo_transparentRED-192-edited.png","width":181,"height":181,"caption":"Abel Formation"},"image":{"@id":"https:\/\/abel-formation.com\/www\/#\/schema\/logo\/image\/"},"sameAs":["https:\/\/x.com\/AbelFormation","https:\/\/www.linkedin.com\/in\/bird-anthony-formations\/"]}]}},"_links":{"self":[{"href":"https:\/\/abel-formation.com\/www\/wp-json\/wp\/v2\/pages\/1909","targetHints":{"allow":["GET"]}}],"collection":[{"href":"https:\/\/abel-formation.com\/www\/wp-json\/wp\/v2\/pages"}],"about":[{"href":"https:\/\/abel-formation.com\/www\/wp-json\/wp\/v2\/types\/page"}],"author":[{"embeddable":true,"href":"https:\/\/abel-formation.com\/www\/wp-json\/wp\/v2\/users\/1"}],"replies":[{"embeddable":true,"href":"https:\/\/abel-formation.com\/www\/wp-json\/wp\/v2\/comments?post=1909"}],"version-history":[{"count":10,"href":"https:\/\/abel-formation.com\/www\/wp-json\/wp\/v2\/pages\/1909\/revisions"}],"predecessor-version":[{"id":2480,"href":"https:\/\/abel-formation.com\/www\/wp-json\/wp\/v2\/pages\/1909\/revisions\/2480"}],"up":[{"embeddable":true,"href":"https:\/\/abel-formation.com\/www\/wp-json\/wp\/v2\/pages\/48"}],"wp:attachment":[{"href":"https:\/\/abel-formation.com\/www\/wp-json\/wp\/v2\/media?parent=1909"}],"curies":[{"name":"wp","href":"https:\/\/api.w.org\/{rel}","templated":true}]}}